{"id":2823,"date":"2023-10-06T12:48:04","date_gmt":"2023-10-06T10:48:04","guid":{"rendered":"https:\/\/www.climatesigns.nl\/abs-pc\/"},"modified":"2024-09-19T19:48:08","modified_gmt":"2024-09-19T17:48:08","slug":"abs-pc","status":"publish","type":"page","link":"https:\/\/www.climatesigns.nl\/da\/abs-pc\/","title":{"rendered":"ABS-PC"},"content":{"rendered":"\n<div class=\"wp-block-cover alignfull is-light\"><span aria-hidden=\"true\" class=\"wp-block-cover__background has-background-dim-0 has-background-dim\"><\/span><img decoding=\"async\" width=\"1024\" height=\"427\" class=\"wp-block-cover__image-background wp-image-1009\" alt=\"\" src=\"https:\/\/www.climatesigns.nl\/wp-content\/uploads\/2023\/09\/CS_Hero-BG_Type-2-1024x427.jpg\" data-object-fit=\"cover\" srcset=\"https:\/\/www.climatesigns.nl\/wp-content\/uploads\/2023\/09\/CS_Hero-BG_Type-2-1024x427.jpg 1024w, https:\/\/www.climatesigns.nl\/wp-content\/uploads\/2023\/09\/CS_Hero-BG_Type-2-300x125.jpg 300w, https:\/\/www.climatesigns.nl\/wp-content\/uploads\/2023\/09\/CS_Hero-BG_Type-2-768x320.jpg 768w, https:\/\/www.climatesigns.nl\/wp-content\/uploads\/2023\/09\/CS_Hero-BG_Type-2.jpg 1440w\" sizes=\"(max-width: 1024px) 100vw, 1024px\" \/><div class=\"wp-block-cover__inner-container is-layout-flow wp-block-cover-is-layout-flow\">\n<h2 class=\"wp-block-heading has-black-color has-text-color has-xxxl-font-size\" id=\"ik-ben-in-nederland-gemaakt-van-een-hoogwaardig-polymeerblend-abs-acrylonitril-butadieen-styreen-pc-polycarbonaat-regeneraat\" style=\"margin-right:var(--wp--preset--spacing--80);margin-left:var(--wp--preset--spacing--80)\"><br\/>Jeg er fremstillet i Holland af en polymerblanding af h\u00f8j kvalitet, ABS (Acrylonitrile-Butadiene-Styrene) + PC (Polycarbonate) regenerat.<\/h2>\n<\/div><\/div>\n\n<h3 class=\"wp-block-heading\" id=\"wat-is-abs-pc-regeneraat\" style=\"padding-top:var(--wp--preset--spacing--60)\">Hvad er ABS\/PC regenerate?<\/h3>\n\n<p>ABS\/PC-regenerat henviser til en ABS\/PC-plastblanding (sammens\u00e6tning), som er fremstillet af 100 % genbrugsmateriale (kaldet recyclat).\nR\u00e5materialet forarbejdes til en spr\u00f8jtest\u00f8bbar ny regeneratpellet i genbrugsprocessen. <\/p>\n\n<h3 class=\"wp-block-heading\" id=\"hoe-wordt-abs-pc-gerecycled\">Hvordan genbruges ABS\/PC?<\/h3>\n\n<p>N\u00e5r et plastgenbrugsanl\u00e6g modtager plast, bliver alle plastenheder kv\u00e6rnet.\nDerefter filtreres alle andre forurenende stoffer som f.eks. metaller og u\u00f8nsket plast ud af et vandsystem ved forskellige hastigheder.\nTil sidst er der en ren r\u00e5materialestr\u00f8m af ABS\/PC-plast tilbage.  <\/p>\n\n<h3 class=\"wp-block-heading\" id=\"hoe-en-waar-wordt-abs-pc-gebruikt\">Hvordan og hvor bruges ABS\/PC?<\/h3>\n\n<p>Da ABS\/PC er en meget elastisk og slagfast plast, bruges den til:<\/p>\n\n<ul class=\"wp-block-list\">\n<li>Computerens tastatur;<\/li>\n\n\n\n<li>Boligcomputere;<\/li>\n\n\n\n<li>Instrumentpaneler;<\/li>\n\n\n\n<li>Indkapsling af elv\u00e6rkt\u00f8j;<\/li>\n\n\n\n<li>Tv-rammer;<\/li>\n\n\n\n<li>Computerkomponenter;<\/li>\n\n\n\n<li>Autodele;<\/li>\n\n\n\n<li>Bagagekasser;<\/li>\n\n\n\n<li>Anvendelser p\u00e5 fly;<\/li>\n\n\n\n<li>Mobile enheder;<\/li>\n\n\n\n<li>Stole, borde, containere osv.<\/li>\n<\/ul>\n\n<h3 class=\"wp-block-heading\" id=\"wat-zijn-de-eigenschappen-van-abs-pc\">Hvad er egenskaberne ved ABS\/PC?<\/h3>\n\n<div class=\"wp-block-greenshift-blocks-iconlist gspb_iconsList gspb_iconsList-id-gsbp-5e64358e-a849\" id=\"gspb_iconsList-id-gsbp-5e64358e-a849\"><div class=\"gspb_iconsList__item\" data-id=\"0\"><svg xmlns=\"http:\/\/www.w3.org\/2000\/svg\" class=\"\" style=\"display:inline-block;vertical-align:middle\" width=\"18\" height=\"18\" viewbox=\"0 0 1024 1024\"><path style=\"fill:#565D66\" d=\"M871.696 166.932l-526.088 526.088-193.304-193.304c-9.372-9.372-24.568-9.372-33.942 0l-56.568 56.568c-9.372 9.372-9.372 24.568 0 33.942l266.842 266.842c9.372 9.372 24.568 9.372 33.942 0l599.626-599.626c9.372-9.372 9.372-24.568 0-33.942l-56.568-56.568c-9.372-9.372-24.568-9.372-33.94 0z\"><\/path><\/svg><span class=\"gspb_iconsList__item__text\">ABS\/PC har h\u00f8j slagfasthed, selv ved lave temperaturer;<\/span><\/div><div class=\"gspb_iconsList__item\" data-id=\"1\"><svg xmlns=\"http:\/\/www.w3.org\/2000\/svg\" class=\"\" style=\"display:inline-block;vertical-align:middle\" width=\"18\" height=\"18\" viewbox=\"0 0 1024 1024\"><path style=\"fill:#565D66\" d=\"M871.696 166.932l-526.088 526.088-193.304-193.304c-9.372-9.372-24.568-9.372-33.942 0l-56.568 56.568c-9.372 9.372-9.372 24.568 0 33.942l266.842 266.842c9.372 9.372 24.568 9.372 33.942 0l599.626-599.626c9.372-9.372 9.372-24.568 0-33.942l-56.568-56.568c-9.372-9.372-24.568-9.372-33.94 0z\"><\/path><\/svg><span class=\"gspb_iconsList__item__text\">ABS\/PC har h\u00f8j stivhed, er funktionelt fleksibel og kan absorbere slagkraft;<\/span><\/div><div class=\"gspb_iconsList__item\" data-id=\"2\"><svg xmlns=\"http:\/\/www.w3.org\/2000\/svg\" class=\"\" style=\"display:inline-block;vertical-align:middle\" width=\"18\" height=\"18\" viewbox=\"0 0 1024 1024\"><path style=\"fill:#565D66\" d=\"M871.696 166.932l-526.088 526.088-193.304-193.304c-9.372-9.372-24.568-9.372-33.942 0l-56.568 56.568c-9.372 9.372-9.372 24.568 0 33.942l266.842 266.842c9.372 9.372 24.568 9.372 33.942 0l599.626-599.626c9.372-9.372 9.372-24.568 0-33.942l-56.568-56.568c-9.372-9.372-24.568-9.372-33.94 0z\"><\/path><\/svg><span class=\"gspb_iconsList__item__text\">ABS\/PC-deformation under mekanisk belastning er ubetydelig;<\/span><\/div><div class=\"gspb_iconsList__item\" data-id=\"3\"><svg xmlns=\"http:\/\/www.w3.org\/2000\/svg\" class=\"\" style=\"display:inline-block;vertical-align:middle\" width=\"18\" height=\"18\" viewbox=\"0 0 1024 1024\"><path style=\"fill:#565D66\" d=\"M871.696 166.932l-526.088 526.088-193.304-193.304c-9.372-9.372-24.568-9.372-33.942 0l-56.568 56.568c-9.372 9.372-9.372 24.568 0 33.942l266.842 266.842c9.372 9.372 24.568 9.372 33.942 0l599.626-599.626c9.372-9.372 9.372-24.568 0-33.942l-56.568-56.568c-9.372-9.372-24.568-9.372-33.94 0z\"><\/path><\/svg><span class=\"gspb_iconsList__item__text\">ABS har en meget h\u00f8j slagfasthed ned til -30 grader;<\/span><\/div><div class=\"gspb_iconsList__item\" data-id=\"4\"><svg xmlns=\"http:\/\/www.w3.org\/2000\/svg\" class=\"\" style=\"display:inline-block;vertical-align:middle\" width=\"18\" height=\"18\" viewbox=\"0 0 1024 1024\"><path style=\"fill:#565D66\" d=\"M871.696 166.932l-526.088 526.088-193.304-193.304c-9.372-9.372-24.568-9.372-33.942 0l-56.568 56.568c-9.372 9.372-9.372 24.568 0 33.942l266.842 266.842c9.372 9.372 24.568 9.372 33.942 0l599.626-599.626c9.372-9.372 9.372-24.568 0-33.942l-56.568-56.568c-9.372-9.372-24.568-9.372-33.94 0z\"><\/path><\/svg><span class=\"gspb_iconsList__item__text\">ABS\/PC er varmebestandig;<\/span><\/div><div class=\"gspb_iconsList__item\" data-id=\"5\"><svg xmlns=\"http:\/\/www.w3.org\/2000\/svg\" class=\"\" style=\"display:inline-block;vertical-align:middle\" width=\"18\" height=\"18\" viewbox=\"0 0 1024 1024\"><path style=\"fill:#565D66\" d=\"M871.696 166.932l-526.088 526.088-193.304-193.304c-9.372-9.372-24.568-9.372-33.942 0l-56.568 56.568c-9.372 9.372-9.372 24.568 0 33.942l266.842 266.842c9.372 9.372 24.568 9.372 33.942 0l599.626-599.626c9.372-9.372 9.372-24.568 0-33.942l-56.568-56.568c-9.372-9.372-24.568-9.372-33.94 0z\"><\/path><\/svg><span class=\"gspb_iconsList__item__text\">ABS\/PC er modstandsdygtig over for ridser;<\/span><\/div><div class=\"gspb_iconsList__item\" data-id=\"6\"><svg xmlns=\"http:\/\/www.w3.org\/2000\/svg\" class=\"\" style=\"display:inline-block;vertical-align:middle\" width=\"18\" height=\"18\" viewbox=\"0 0 1024 1024\"><path style=\"fill:#565D66\" d=\"M871.696 166.932l-526.088 526.088-193.304-193.304c-9.372-9.372-24.568-9.372-33.942 0l-56.568 56.568c-9.372 9.372-9.372 24.568 0 33.942l266.842 266.842c9.372 9.372 24.568 9.372 33.942 0l599.626-599.626c9.372-9.372 9.372-24.568 0-33.942l-56.568-56.568c-9.372-9.372-24.568-9.372-33.94 0z\"><\/path><\/svg><span class=\"gspb_iconsList__item__text\">H\u00f8j IP-klassificering;<\/span><\/div><div class=\"gspb_iconsList__item\" data-id=\"7\"><svg xmlns=\"http:\/\/www.w3.org\/2000\/svg\" class=\"\" style=\"display:inline-block;vertical-align:middle\" width=\"18\" height=\"18\" viewbox=\"0 0 1024 1024\"><path style=\"fill:#565D66\" d=\"M871.696 166.932l-526.088 526.088-193.304-193.304c-9.372-9.372-24.568-9.372-33.942 0l-56.568 56.568c-9.372 9.372-9.372 24.568 0 33.942l266.842 266.842c9.372 9.372 24.568 9.372 33.942 0l599.626-599.626c9.372-9.372 9.372-24.568 0-33.942l-56.568-56.568c-9.372-9.372-24.568-9.372-33.94 0z\"><\/path><\/svg><span class=\"gspb_iconsList__item__text\">Kan anvendes i et bredt temperaturomr\u00e5de;<\/span><\/div><div class=\"gspb_iconsList__item\" data-id=\"8\"><svg xmlns=\"http:\/\/www.w3.org\/2000\/svg\" class=\"\" style=\"display:inline-block;vertical-align:middle\" width=\"18\" height=\"18\" viewbox=\"0 0 1024 1024\"><path style=\"fill:#565D66\" d=\"M871.696 166.932l-526.088 526.088-193.304-193.304c-9.372-9.372-24.568-9.372-33.942 0l-56.568 56.568c-9.372 9.372-9.372 24.568 0 33.942l266.842 266.842c9.372 9.372 24.568 9.372 33.942 0l599.626-599.626c9.372-9.372 9.372-24.568 0-33.942l-56.568-56.568c-9.372-9.372-24.568-9.372-33.94 0z\"><\/path><\/svg><span class=\"gspb_iconsList__item__text\">ABS\/PC er flammeh\u00e6mmende og selvslukkende;<\/span><\/div><div class=\"gspb_iconsList__item\" data-id=\"9\"><svg xmlns=\"http:\/\/www.w3.org\/2000\/svg\" class=\"\" style=\"display:inline-block;vertical-align:middle\" width=\"18\" height=\"18\" viewbox=\"0 0 1024 1024\"><path style=\"fill:#565D66\" d=\"M871.696 166.932l-526.088 526.088-193.304-193.304c-9.372-9.372-24.568-9.372-33.942 0l-56.568 56.568c-9.372 9.372-9.372 24.568 0 33.942l266.842 266.842c9.372 9.372 24.568 9.372 33.942 0l599.626-599.626c9.372-9.372 9.372-24.568 0-33.942l-56.568-56.568c-9.372-9.372-24.568-9.372-33.94 0z\"><\/path><\/svg><span class=\"gspb_iconsList__item__text\">God kemisk resistens;<\/span><\/div><div class=\"gspb_iconsList__item\" data-id=\"10\"><svg xmlns=\"http:\/\/www.w3.org\/2000\/svg\" class=\"\" style=\"display:inline-block;vertical-align:middle\" width=\"18\" height=\"18\" viewbox=\"0 0 1024 1024\"><path style=\"fill:#565D66\" d=\"M871.696 166.932l-526.088 526.088-193.304-193.304c-9.372-9.372-24.568-9.372-33.942 0l-56.568 56.568c-9.372 9.372-9.372 24.568 0 33.942l266.842 266.842c9.372 9.372 24.568 9.372 33.942 0l599.626-599.626c9.372-9.372 9.372-24.568 0-33.942l-56.568-56.568c-9.372-9.372-24.568-9.372-33.94 0z\"><\/path><\/svg><span class=\"gspb_iconsList__item__text\">Lav v\u00e6gt;<\/span><\/div><div class=\"gspb_iconsList__item\" data-id=\"11\"><svg xmlns=\"http:\/\/www.w3.org\/2000\/svg\" class=\"\" style=\"display:inline-block;vertical-align:middle\" width=\"18\" height=\"18\" viewbox=\"0 0 1024 1024\"><path style=\"fill:#565D66\" d=\"M871.696 166.932l-526.088 526.088-193.304-193.304c-9.372-9.372-24.568-9.372-33.942 0l-56.568 56.568c-9.372 9.372-9.372 24.568 0 33.942l266.842 266.842c9.372 9.372 24.568 9.372 33.942 0l599.626-599.626c9.372-9.372 9.372-24.568 0-33.942l-56.568-56.568c-9.372-9.372-24.568-9.372-33.94 0z\"><\/path><\/svg><span class=\"gspb_iconsList__item__text\">H\u00f8j strukturel styrke, der g\u00f8r skiltene fuldt ud kompatible med NEN-3318 og EN-12899-1:2007-standarden;<\/span><\/div><div class=\"gspb_iconsList__item\" data-id=\"12\"><svg xmlns=\"http:\/\/www.w3.org\/2000\/svg\" class=\"\" style=\"display:inline-block;vertical-align:middle\" width=\"18\" height=\"18\" viewbox=\"0 0 1024 1024\"><path style=\"fill:#565D66\" d=\"M871.696 166.932l-526.088 526.088-193.304-193.304c-9.372-9.372-24.568-9.372-33.942 0l-56.568 56.568c-9.372 9.372-9.372 24.568 0 33.942l266.842 266.842c9.372 9.372 24.568 9.372 33.942 0l599.626-599.626c9.372-9.372 9.372-24.568 0-33.942l-56.568-56.568c-9.372-9.372-24.568-9.372-33.94 0z\"><\/path><\/svg><span class=\"gspb_iconsList__item__text\">God UV-bestandighed.<\/span><\/div><\/div>\n\n<h3 class=\"wp-block-heading\" id=\"voordelen-gebruik-recycle-abs-pc-materiaal\" style=\"margin-top:var(--wp--preset--spacing--50);margin-bottom:0\">Fordele ved at bruge genbrugs-ABS\/PC-materiale:<\/h3>\n\n<p>ABS\/PC-blandingen er en af de f\u00e5 blandinger, der opn\u00e5r en betydelig positiv synergi ved at blande to basispolymerer (polymerlegering).<\/p>\n\n<div class=\"wp-block-greenshift-blocks-iconlist gspb_iconsList gspb_iconsList-id-gsbp-c1e965ef-713b\" id=\"gspb_iconsList-id-gsbp-c1e965ef-713b\"><div class=\"gspb_iconsList__item\" data-id=\"0\"><svg xmlns=\"http:\/\/www.w3.org\/2000\/svg\" class=\"\" style=\"display:inline-block;vertical-align:middle\" width=\"18\" height=\"18\" viewbox=\"0 0 1024 1024\"><path style=\"fill:#565D66\" d=\"M871.696 166.932l-526.088 526.088-193.304-193.304c-9.372-9.372-24.568-9.372-33.942 0l-56.568 56.568c-9.372 9.372-9.372 24.568 0 33.942l266.842 266.842c9.372 9.372 24.568 9.372 33.942 0l599.626-599.626c9.372-9.372 9.372-24.568 0-33.942l-56.568-56.568c-9.372-9.372-24.568-9.372-33.94 0z\"><\/path><\/svg><span class=\"gspb_iconsList__item__text\">Ingen brug af prim\u00e6re fossile ressourcer;<\/span><\/div><div class=\"gspb_iconsList__item\" data-id=\"1\"><svg xmlns=\"http:\/\/www.w3.org\/2000\/svg\" class=\"\" style=\"display:inline-block;vertical-align:middle\" width=\"18\" height=\"18\" viewbox=\"0 0 1024 1024\"><path style=\"fill:#565D66\" d=\"M871.696 166.932l-526.088 526.088-193.304-193.304c-9.372-9.372-24.568-9.372-33.942 0l-56.568 56.568c-9.372 9.372-9.372 24.568 0 33.942l266.842 266.842c9.372 9.372 24.568 9.372 33.942 0l599.626-599.626c9.372-9.372 9.372-24.568 0-33.942l-56.568-56.568c-9.372-9.372-24.568-9.372-33.94 0z\"><\/path><\/svg><span class=\"gspb_iconsList__item__text\">Reducerer<sub>CO2-udledningen<\/sub> med op til 85 %;<\/span><\/div><div class=\"gspb_iconsList__item\" data-id=\"2\"><svg xmlns=\"http:\/\/www.w3.org\/2000\/svg\" class=\"\" style=\"display:inline-block;vertical-align:middle\" width=\"18\" height=\"18\" viewbox=\"0 0 1024 1024\"><path style=\"fill:#565D66\" d=\"M871.696 166.932l-526.088 526.088-193.304-193.304c-9.372-9.372-24.568-9.372-33.942 0l-56.568 56.568c-9.372 9.372-9.372 24.568 0 33.942l266.842 266.842c9.372 9.372 24.568 9.372 33.942 0l599.626-599.626c9.372-9.372 9.372-24.568 0-33.942l-56.568-56.568c-9.372-9.372-24.568-9.372-33.94 0z\"><\/path><\/svg><span class=\"gspb_iconsList__item__text\">Mindre vandforbrug;<\/span><\/div><div class=\"gspb_iconsList__item\" data-id=\"3\"><svg xmlns=\"http:\/\/www.w3.org\/2000\/svg\" class=\"\" style=\"display:inline-block;vertical-align:middle\" width=\"18\" height=\"18\" viewbox=\"0 0 1024 1024\"><path style=\"fill:#565D66\" d=\"M871.696 166.932l-526.088 526.088-193.304-193.304c-9.372-9.372-24.568-9.372-33.942 0l-56.568 56.568c-9.372 9.372-9.372 24.568 0 33.942l266.842 266.842c9.372 9.372 24.568 9.372 33.942 0l599.626-599.626c9.372-9.372 9.372-24.568 0-33.942l-56.568-56.568c-9.372-9.372-24.568-9.372-33.94 0z\"><\/path><\/svg><span class=\"gspb_iconsList__item__text\">Reduceret energiforbrug<sub>(CO2-neutral<\/sub> produktionsproces<sub>)<\/sub>;<\/span><\/div><div class=\"gspb_iconsList__item\" data-id=\"4\"><svg xmlns=\"http:\/\/www.w3.org\/2000\/svg\" class=\"\" style=\"display:inline-block;vertical-align:middle\" width=\"18\" height=\"18\" viewbox=\"0 0 1024 1024\"><path style=\"fill:#565D66\" d=\"M871.696 166.932l-526.088 526.088-193.304-193.304c-9.372-9.372-24.568-9.372-33.942 0l-56.568 56.568c-9.372 9.372-9.372 24.568 0 33.942l266.842 266.842c9.372 9.372 24.568 9.372 33.942 0l599.626-599.626c9.372-9.372 9.372-24.568 0-33.942l-56.568-56.568c-9.372-9.372-24.568-9.372-33.94 0z\"><\/path><\/svg><span class=\"gspb_iconsList__item__text\">Reduktion af plastaffald;<\/span><\/div><div class=\"gspb_iconsList__item\" data-id=\"5\"><svg xmlns=\"http:\/\/www.w3.org\/2000\/svg\" class=\"\" style=\"display:inline-block;vertical-align:middle\" width=\"18\" height=\"18\" viewbox=\"0 0 1024 1024\"><path style=\"fill:#565D66\" d=\"M871.696 166.932l-526.088 526.088-193.304-193.304c-9.372-9.372-24.568-9.372-33.942 0l-56.568 56.568c-9.372 9.372-9.372 24.568 0 33.942l266.842 266.842c9.372 9.372 24.568 9.372 33.942 0l599.626-599.626c9.372-9.372 9.372-24.568 0-33.942l-56.568-56.568c-9.372-9.372-24.568-9.372-33.94 0z\"><\/path><\/svg><span class=\"gspb_iconsList__item__text\">Genbruges 100 % efter brug;<\/span><\/div><div class=\"gspb_iconsList__item\" data-id=\"6\"><svg xmlns=\"http:\/\/www.w3.org\/2000\/svg\" class=\"\" style=\"display:inline-block;vertical-align:middle\" width=\"18\" height=\"18\" viewbox=\"0 0 1024 1024\"><path style=\"fill:#565D66\" d=\"M871.696 166.932l-526.088 526.088-193.304-193.304c-9.372-9.372-24.568-9.372-33.942 0l-56.568 56.568c-9.372 9.372-9.372 24.568 0 33.942l266.842 266.842c9.372 9.372 24.568 9.372 33.942 0l599.626-599.626c9.372-9.372 9.372-24.568 0-33.942l-56.568-56.568c-9.372-9.372-24.568-9.372-33.94 0z\"><\/path><\/svg><span class=\"gspb_iconsList__item__text\">Brugen af ABS\/PC-genbrugsmaterialer bidrager direkte til skabelsen af en cirkul\u00e6r \u00f8konomi og den hollandske Circular 2050-dagsorden.<\/span><\/div><\/div>\n\n<h3 class=\"wp-block-heading\" id=\"is-abs-pc-een-giftig-materiaal\" style=\"margin-top:var(--wp--preset--spacing--50);margin-bottom:0\">Er ABS\/PC et giftigt materiale?<\/h3>\n\n<p>Nej, ABS\/PC er ikke et giftigt materiale.\nDet bruges i b\u00f8rneleget\u00f8j, bildele og husholdningsapparater og indeholder ingen skadelige stoffer. <\/p>\n\n<h3 class=\"wp-block-heading\" id=\"certificering-grondstof\">Certificering af r\u00e5materiale:<\/h3>\n\n<p>For at reducere den store eftersp\u00f8rgsel efter nye r\u00e5materialer er det meget vigtigt l\u00f8bende at styrke den cirkul\u00e6re \u00f8konomi.\nHer er energispild i produktionen lige s\u00e5 vigtigt som at reducere affald ved kilden. <\/p>\n\n<p>Fordi Climate Signs forarbejder 100 % cirkul\u00e6re r\u00e5materialer i en<sub>CO2-neutral<\/sub> produktionsproces, er Hollands cirkul\u00e6re 2050-m\u00e5l allerede n\u00e5et med os.<\/p>\n\n<p>For at garantere kvaliteten og cirkulariteten af de leverede produkter indk\u00f8bes og forarbejdes alle r\u00e5materialer under et genbrugscertifikat.\nKvaliteten og oprindelsen kan derfor altid spores. <\/p>\n\n<p>Certificeringen giver kunderne tillid til, at genbrugsmaterialet er blevet genbrugt p\u00e5 den bedst mulige m\u00e5de, med respekt for milj\u00f8et og i overensstemmelse med nationale bestemmelser.\nCertificeringen viser ogs\u00e5, at det producerede output er i overensstemmelse med relevante lovbestemte milj\u00f8regler. <\/p>\n\n<h3 class=\"wp-block-heading\" id=\"productie\">Produktion:<\/h3>\n\n<p>Climate Signs&#8217; trafikskilte er 100 % produceret i Holland.<\/p>\n\n<div class=\"wp-block-buttons is-content-justification-center is-layout-flex wp-container-core-buttons-is-layout-735dfa1c wp-block-buttons-is-layout-flex\" style=\"margin-top:var(--wp--preset--spacing--60);margin-bottom:var(--wp--preset--spacing--60)\">\n<div class=\"wp-block-button is-style-fill\"><a class=\"wp-block-button__link has-secondary-background-color has-background has-text-align-center wp-element-button\" href=\"https:\/\/www.climatesigns.nl\/da\/?page_id=2606\">Se vores Type 2 skilte<\/a><\/div>\n<\/div>\n","protected":false},"excerpt":{"rendered":"<p>Hvad er ABS\/PC regenerate? ABS\/PC-regenerat henviser til en ABS\/PC-plastblanding (sammens\u00e6tning), som er fremstillet af 100 % genbrugsmateriale (kaldet recyclat). R\u00e5materialet forarbejdes til en spr\u00f8jtest\u00f8bbar ny regeneratpellet i genbrugsprocessen. Hvordan genbruges ABS\/PC? N\u00e5r et plastgenbrugsanl\u00e6g modtager plast, bliver alle plastenheder kv\u00e6rnet. Derefter filtreres alle andre forurenende stoffer som f.eks. metaller og&#8230;<\/p>\n","protected":false},"author":3,"featured_media":0,"parent":0,"menu_order":0,"comment_status":"closed","ping_status":"closed","template":"page-templates\/no-title.php","meta":{"_gspb_post_css":"#gspb_iconsList-id-gsbp-5e64358e-a849.gspb_iconsList .gspb_iconsList__item__text{margin-left:15px}#gspb_iconsList-id-gsbp-5e64358e-a849.gspb_iconsList .gspb_iconsList__item{display:flex;flex-direction:row;align-items:center;position:relative}#gspb_iconsList-id-gsbp-5e64358e-a849.gspb_iconsList .gspb_iconsList__item svg path{fill:#2184f9!important}#gspb_iconsList-id-gsbp-5e64358e-a849.gspb_iconsList [data-id='0'] svg,#gspb_iconsList-id-gsbp-5e64358e-a849.gspb_iconsList [data-id='0'] svg path{fill:#01d486!important}#gspb_iconsList-id-gsbp-5e64358e-a849.gspb_iconsList [data-id='0'] svg,body #gspb_iconsList-id-gsbp-5e64358e-a849.gspb_iconsList .gspb_iconsList__item img,body #gspb_iconsList-id-gsbp-5e64358e-a849.gspb_iconsList .gspb_iconsList__item svg,body #gspb_iconsList-id-gsbp-c1e965ef-713b.gspb_iconsList .gspb_iconsList__item img,body #gspb_iconsList-id-gsbp-c1e965ef-713b.gspb_iconsList .gspb_iconsList__item svg{margin:0!important}#gspb_iconsList-id-gsbp-5e64358e-a849.gspb_iconsList [data-id='1'] svg,#gspb_iconsList-id-gsbp-5e64358e-a849.gspb_iconsList [data-id='1'] svg path{fill:#01d486!important}#gspb_iconsList-id-gsbp-5e64358e-a849.gspb_iconsList [data-id='1'] svg{margin:0!important}#gspb_iconsList-id-gsbp-5e64358e-a849.gspb_iconsList [data-id='2'] svg,#gspb_iconsList-id-gsbp-5e64358e-a849.gspb_iconsList [data-id='2'] svg path{fill:#01d486!important}#gspb_iconsList-id-gsbp-5e64358e-a849.gspb_iconsList [data-id='2'] svg{margin:0!important}#gspb_iconsList-id-gsbp-5e64358e-a849.gspb_iconsList [data-id='3'] svg,#gspb_iconsList-id-gsbp-5e64358e-a849.gspb_iconsList [data-id='3'] svg path{fill:#01d486!important}#gspb_iconsList-id-gsbp-5e64358e-a849.gspb_iconsList [data-id='3'] svg{margin:0!important}#gspb_iconsList-id-gsbp-5e64358e-a849.gspb_iconsList [data-id='4'] svg,#gspb_iconsList-id-gsbp-5e64358e-a849.gspb_iconsList [data-id='4'] svg path{fill:#01d486!important}#gspb_iconsList-id-gsbp-5e64358e-a849.gspb_iconsList [data-id='4'] svg{margin:0!important}#gspb_iconsList-id-gsbp-5e64358e-a849.gspb_iconsList [data-id='5'] svg,#gspb_iconsList-id-gsbp-5e64358e-a849.gspb_iconsList [data-id='5'] svg path{fill:#01d486!important}#gspb_iconsList-id-gsbp-5e64358e-a849.gspb_iconsList [data-id='5'] svg{margin:0!important}#gspb_iconsList-id-gsbp-5e64358e-a849.gspb_iconsList [data-id='6'] svg,#gspb_iconsList-id-gsbp-5e64358e-a849.gspb_iconsList [data-id='6'] svg path{fill:#01d486!important}#gspb_iconsList-id-gsbp-5e64358e-a849.gspb_iconsList [data-id='6'] svg{margin:0!important}#gspb_iconsList-id-gsbp-5e64358e-a849.gspb_iconsList [data-id='7'] svg,#gspb_iconsList-id-gsbp-5e64358e-a849.gspb_iconsList [data-id='7'] svg path{fill:#01d486!important}#gspb_iconsList-id-gsbp-5e64358e-a849.gspb_iconsList [data-id='7'] svg{margin:0!important}#gspb_iconsList-id-gsbp-5e64358e-a849.gspb_iconsList [data-id='8'] svg,#gspb_iconsList-id-gsbp-5e64358e-a849.gspb_iconsList [data-id='8'] svg path{fill:#01d486!important}#gspb_iconsList-id-gsbp-5e64358e-a849.gspb_iconsList [data-id='8'] svg{margin:0!important}#gspb_iconsList-id-gsbp-5e64358e-a849.gspb_iconsList [data-id='9'] svg,#gspb_iconsList-id-gsbp-5e64358e-a849.gspb_iconsList [data-id='9'] svg path{fill:#01d486!important}#gspb_iconsList-id-gsbp-5e64358e-a849.gspb_iconsList [data-id='9'] svg{margin:0!important}#gspb_iconsList-id-gsbp-5e64358e-a849.gspb_iconsList [data-id='10'] svg,#gspb_iconsList-id-gsbp-5e64358e-a849.gspb_iconsList [data-id='10'] svg path{fill:#01d486!important}#gspb_iconsList-id-gsbp-5e64358e-a849.gspb_iconsList [data-id='10'] svg{margin:0!important}#gspb_iconsList-id-gsbp-5e64358e-a849.gspb_iconsList [data-id='11'] svg,#gspb_iconsList-id-gsbp-5e64358e-a849.gspb_iconsList [data-id='11'] svg path{fill:#01d486!important}#gspb_iconsList-id-gsbp-5e64358e-a849.gspb_iconsList [data-id='11'] svg{margin:0!important}#gspb_iconsList-id-gsbp-5e64358e-a849.gspb_iconsList [data-id='12'] svg,#gspb_iconsList-id-gsbp-5e64358e-a849.gspb_iconsList [data-id='12'] svg path{fill:#01d486!important}#gspb_iconsList-id-gsbp-5e64358e-a849.gspb_iconsList [data-id='12'] svg{margin:0!important}#gspb_iconsList-id-gsbp-c1e965ef-713b.gspb_iconsList .gspb_iconsList__item__text{margin-left:15px}#gspb_iconsList-id-gsbp-c1e965ef-713b.gspb_iconsList .gspb_iconsList__item{display:flex;flex-direction:row;align-items:center;position:relative}#gspb_iconsList-id-gsbp-c1e965ef-713b.gspb_iconsList .gspb_iconsList__item svg path{fill:#2184f9!important}#gspb_iconsList-id-gsbp-c1e965ef-713b.gspb_iconsList [data-id='0'] svg,#gspb_iconsList-id-gsbp-c1e965ef-713b.gspb_iconsList [data-id='0'] svg path{fill:#01d486!important}#gspb_iconsList-id-gsbp-c1e965ef-713b.gspb_iconsList [data-id='0'] svg{margin:0!important}#gspb_iconsList-id-gsbp-c1e965ef-713b.gspb_iconsList [data-id='1'] svg,#gspb_iconsList-id-gsbp-c1e965ef-713b.gspb_iconsList [data-id='1'] svg path{fill:#01d486!important}#gspb_iconsList-id-gsbp-c1e965ef-713b.gspb_iconsList [data-id='1'] svg{margin:0!important}#gspb_iconsList-id-gsbp-c1e965ef-713b.gspb_iconsList [data-id='2'] svg,#gspb_iconsList-id-gsbp-c1e965ef-713b.gspb_iconsList [data-id='2'] svg path{fill:#01d486!important}#gspb_iconsList-id-gsbp-c1e965ef-713b.gspb_iconsList [data-id='2'] svg{margin:0!important}#gspb_iconsList-id-gsbp-c1e965ef-713b.gspb_iconsList [data-id='3'] svg,#gspb_iconsList-id-gsbp-c1e965ef-713b.gspb_iconsList [data-id='3'] svg path{fill:#01d486!important}#gspb_iconsList-id-gsbp-c1e965ef-713b.gspb_iconsList [data-id='3'] svg{margin:0!important}#gspb_iconsList-id-gsbp-c1e965ef-713b.gspb_iconsList [data-id='4'] svg,#gspb_iconsList-id-gsbp-c1e965ef-713b.gspb_iconsList [data-id='4'] svg path{fill:#01d486!important}#gspb_iconsList-id-gsbp-c1e965ef-713b.gspb_iconsList [data-id='4'] svg{margin:0!important}#gspb_iconsList-id-gsbp-c1e965ef-713b.gspb_iconsList [data-id='5'] svg,#gspb_iconsList-id-gsbp-c1e965ef-713b.gspb_iconsList [data-id='5'] svg path{fill:#01d486!important}#gspb_iconsList-id-gsbp-c1e965ef-713b.gspb_iconsList [data-id='5'] svg{margin:0!important}#gspb_iconsList-id-gsbp-c1e965ef-713b.gspb_iconsList [data-id='6'] svg,#gspb_iconsList-id-gsbp-c1e965ef-713b.gspb_iconsList [data-id='6'] svg path{fill:#01d486!important}#gspb_iconsList-id-gsbp-c1e965ef-713b.gspb_iconsList [data-id='6'] svg{margin:0!important}","footnotes":""},"class_list":["post-2823","page","type-page","status-publish","hentry"],"_links":{"self":[{"href":"https:\/\/www.climatesigns.nl\/da\/wp-json\/wp\/v2\/pages\/2823","targetHints":{"allow":["GET"]}}],"collection":[{"href":"https:\/\/www.climatesigns.nl\/da\/wp-json\/wp\/v2\/pages"}],"about":[{"href":"https:\/\/www.climatesigns.nl\/da\/wp-json\/wp\/v2\/types\/page"}],"author":[{"embeddable":true,"href":"https:\/\/www.climatesigns.nl\/da\/wp-json\/wp\/v2\/users\/3"}],"replies":[{"embeddable":true,"href":"https:\/\/www.climatesigns.nl\/da\/wp-json\/wp\/v2\/comments?post=2823"}],"version-history":[{"count":2,"href":"https:\/\/www.climatesigns.nl\/da\/wp-json\/wp\/v2\/pages\/2823\/revisions"}],"predecessor-version":[{"id":2826,"href":"https:\/\/www.climatesigns.nl\/da\/wp-json\/wp\/v2\/pages\/2823\/revisions\/2826"}],"wp:attachment":[{"href":"https:\/\/www.climatesigns.nl\/da\/wp-json\/wp\/v2\/media?parent=2823"}],"curies":[{"name":"wp","href":"https:\/\/api.w.org\/{rel}","templated":true}]}}