{"id":3042,"date":"2023-11-22T11:38:56","date_gmt":"2023-11-22T10:38:56","guid":{"rendered":"https:\/\/www.climatesigns.nl\/alle-fordele\/"},"modified":"2024-09-24T09:01:24","modified_gmt":"2024-09-24T07:01:24","slug":"alle-fordele","status":"publish","type":"page","link":"https:\/\/www.climatesigns.nl\/da\/alle-fordele\/","title":{"rendered":"Alle fordele"},"content":{"rendered":"\n<div class=\"wp-block-group alignwide is-layout-constrained wp-block-group-is-layout-constrained\">\n<div class=\"wp-block-columns alignwide is-layout-flex wp-container-core-columns-is-layout-9d6595d7 wp-block-columns-is-layout-flex\">\n<div class=\"wp-block-column is-layout-flow wp-block-column-is-layout-flow\">\n<figure class=\"wp-block-image\"><img decoding=\"async\" src=\"https:\/\/lh7-us.googleusercontent.com\/6_7WZqE_T2FmILIMZMZZXoklG23uEudhjWn9FH7NPiHMWUMEzsMM9HOQoUbfLH8il6aaIFFMgDgwFPvs8KwryYeHV8CQKJeoT4p2GaetaJ8U7-n1qeCoEZqx5SRnrw5qXrM_3EnkUmlhXZhXNMELCtU\" alt=\"\"\/><\/figure>\n\n\n\n<figure class=\"wp-block-image aligncenter\"><img decoding=\"async\" src=\"https:\/\/lh7-us.googleusercontent.com\/ue7_mEyeXTj42f8_gtI_7jmu6RD5ENDxUSjvqOdeTgXghQYhft1iL9JAIHIPKT2fd1wR12DKMgyGe45r_Qbg36xkdRmFv8b3la_Ug2wWgk051gMp6B9Xi7AR75VwKYUGFDs1230s9ee6y33V9MUbd_4\" alt=\"Billede med tabel Automatisk genereret beskrivelse\"\/><\/figure>\n<\/div>\n\n\n\n<div class=\"wp-block-column is-layout-flow wp-block-column-is-layout-flow\">\n<h2 class=\"wp-block-heading\" id=\"duurzaamheid\">B\u00e6redygtighed<\/h2>\n\n\n\n<p>Vores vision er en b\u00e6redygtig og cirkul\u00e6r verden.\nEn verden, hvor vi genbruger det, vi har i brug, importerer mindre og s\u00f8ger lokale l\u00f8sninger og r\u00e5materialer.\nI alt, hvad vi g\u00f8r, overvejer vi milj\u00f8p\u00e5virkningen fra vores produkter og vores produktionsproces.  <br><\/p>\n\n\n\n<p>Hvert \u00e5r producerer vi 1.650 millioner kg plastaffald i Holland. Heraf bliver 990 millioner kg (60 %) stadig br\u00e6ndt, 41 millioner kg (2,5 %) ender i naturen, og 248 millioner kg (15 %) bliver genanvendt. Forarbejdning af plast i et affaldsforbr\u00e6ndingsanl\u00e6g for\u00e5rsagede 770 millioner kg CO2-udledning i 2017; <br><\/p>\n\n\n\n<p>Vores vision er en b\u00e6redygtig og cirkul\u00e6r verden.\nEn verden, hvor vi genbruger det, vi har i brug, importerer mindre og s\u00f8ger lokale l\u00f8sninger og r\u00e5materialer.\nI alt, hvad vi g\u00f8r, overvejer vi milj\u00f8p\u00e5virkningen fra vores produkter og vores produktionsproces.  <br><\/p>\n\n\n\n<p>Climate Signs bruger kun genanvendte r\u00e5materialer af h\u00f8j kvalitet, s\u00e5 de forbliver v\u00e6rdifulde i k\u00e6den og genbruges.<br><\/p>\n\n\n\n<p><br><strong>Er et produkt lavet af plastik holdbart?<\/strong><\/p>\n\n\n\n<p>Vi fremstiller vores produkter af restprodukter af h\u00f8j kvalitet fra affaldsstr\u00f8mmene Post Consumer Recycling og Post Industrial Recycling.\nVed ikke at bruge nye (fossile) r\u00e5materialer producerer vi 100 % b\u00e6redygtige produkter.   <\/p>\n\n\n\n<p><strong>Produkter fra Climate Signs:<\/strong><\/p>\n\n\n\n<ul class=\"wp-block-list\">\n<li>Holder l\u00e6ngere end innovative alternativer;<\/li>\n\n\n\n<li>Besparelse p\u00e5 prim\u00e6re r\u00e5materialer gennem 100 % brug af genbrugsmaterialer;<\/li>\n\n\n\n<li>Sikre, at r\u00e5materialer af h\u00f8j kvalitet bevares for fremtidige generationer.\nVores produkter kan genbruges 100 %. <\/li>\n<\/ul>\n\n\n\n<p><strong>Vejskilt med milj\u00f8p\u00e5virkning:<\/strong><\/p>\n\n\n\n<p>For et trafikskilt p\u00e5 1000 x 1000 mm sparer du <strong>49,13<\/strong> kg CO<sub>2<\/sub>-udledning ved at bruge et genanvendt BRS-trafikskilt fra Climate Signs i stedet for et nyt i aluminium.<\/p>\n\n\n\n<p>12 stk. BRS-Sign vejskilte svarer til 1 returflyvning til Paris, n\u00e5r det g\u00e6lder besparelser p\u00e5 CO<sub>2<\/sub>-udledningen i forhold til nyt aluminium.<\/p>\n\n\n\n<p><strong>M\u00e5ling af b\u00e6redygtighed:<\/strong><\/p>\n\n\n\n<p>Livscyklusvurdering (LCA) er en beregningsmetode til universel bestemmelse af et produkts milj\u00f8p\u00e5virkning.\nClimate Signs er den eneste leverand\u00f8r af trafikskilte i Holland, der har f\u00e5et foretaget en LCA-unders\u00f8gelse i kategori 1.\nUnder afsnittet om milj\u00f8p\u00e5virkning deler vi resultaterne.    <\/p>\n\n\n\n<p><strong>Hvad med mikroplast?<\/strong><\/p>\n\n\n\n<p>Det eneste, der er tilsat vores produkter, er et biobaseret farvestof og en UV-stabilisator.\nTil farven sort eller m\u00f8rkegr\u00e5 er der slet ikke tilsat noget farvestof.\nUV-stabilisatoren sikrer, at vores produkter ikke misfarves og derfor ikke nedbrydes p\u00e5 grund af UV-str\u00e5ling.\nDe st\u00f8rste bidragsydere til mikroplast i Holland er kosmetik og brug af vaskemaskiner (fra t\u00f8j), maling og d\u00e6k (d\u00e6kslid).   <\/p>\n<\/div>\n<\/div>\n<\/div>\n\n\n\n<div style=\"height:100px\" aria-hidden=\"true\" class=\"wp-block-spacer\"><\/div>\n\n\n\n<div class=\"wp-block-group alignwide is-layout-constrained wp-block-group-is-layout-constrained\">\n<div class=\"wp-block-columns alignwide is-layout-flex wp-container-core-columns-is-layout-9d6595d7 wp-block-columns-is-layout-flex\">\n<div class=\"wp-block-column is-layout-flow wp-block-column-is-layout-flow\">\n<h2 class=\"wp-block-heading\" id=\"circulariteit\"><strong>Cirkularitet<\/strong><\/h2>\n\n\n\n<p><strong>Genbrugsprogram for plastik af Climate Signs<\/strong><\/p>\n\n\n\n<p><strong>Indsamlingsservice af plastaffaldsstr\u00f8mme til produktion af cirkul\u00e6re trafikskilte.<\/strong><\/p>\n\n\n\n<p>Climate Signs ser det som sin forpligtelse at behandle mennesker og milj\u00f8 med omtanke.\nDerfor producerer vi kun trafikskilte af biobaserede eller genanvendte plastr\u00e5varer. <\/p>\n\n\n\n<p>Fordi vi gerne vil undg\u00e5, at vores h\u00f8jkvalitetsproducerede trafikskilte ender som restmateriale i den almindelige affaldsh\u00e5ndtering efter endt teknisk levetid, har vi udarbejdet vores eget retursystem med en r\u00e6kke k\u00e6departnere.  <\/p>\n\n\n\n<p><\/p>\n\n\n\n<p>De trafikskilte, der leveres af Climate Signs, kan derfor genbruges perfekt inden for samme k\u00e6de.\nDermed belaster vi milj\u00f8et mindre, og vi er sikre p\u00e5, at 100 % af vores trafikskilte genbruges inden for Climate Signs&#8217; produktionsk\u00e6de. <\/p>\n\n\n\n<p><strong>Hvordan?<\/strong><\/p>\n\n\n\n<p>For hver kunde, der v\u00e6lger Climate Signs&#8217; innovative trafikskilte, installerer vi gratis en 1 m\u00b3 stor indsamlingsbeholder til genbrug af trafikskilte.\nSpanden placeres af et eldrevet k\u00f8ret\u00f8j, som oplades dagligt af vores egne solpaneler.\nN\u00e5r beholderen er fuld, indsamler vi den<sub>CO2-neutralt<\/sub> og placerer en ny beholder.\nDe gamle trafikskilte bliver derefter opbevaret hos Climate Signs, indtil der er tilstr\u00e6kkeligt med restmateriale til det efterf\u00f8lgende genbrugsprogram.     <\/p>\n\n\n\n<p><\/p>\n\n\n\n<p>Hvis der er tilstr\u00e6kkelig returstr\u00f8m, transporteres r\u00e5materialerne af h\u00f8j kvalitet<sub>CO2-neutralt<\/sub> til vores cirkul\u00e6re k\u00e6departner De Circulaire Plastics Fabriek (CPF) eller Kunststof Recycling Nederland (KRN).\nHos vores genbrugsk\u00e6departnere bliver de teknisk afskrevne trafikskilte mekanisk forarbejdet<sub>CO2-neutralt<\/sub> til spr\u00f8jtest\u00f8bbart granulat (re-granulat) og 100% forarbejdet til nye trafikskilte. <\/p>\n\n\n\n<p><\/p>\n\n\n\n<p>Sammen med vores partnere forbinder vi cirkul\u00e6re k\u00e6der.\nFra fysisk genbrug, granulering til et fuldt cirkul\u00e6rt slutprodukt gennem spr\u00f8jtest\u00f8bning.\nI produktudviklingsfasen hos Climate Signs kiggede vi p\u00e5 et design til genbrug og<sub>CO2-neutral<\/sub> logistik.    <\/p>\n\n\n\n<p><\/p>\n\n\n\n<p>Dette er den bedste del af vores b\u00e6redygtige produktkoncept: Et produkt forlader fabrikken og vender p\u00e5 et tidspunkt tilbage for at blive oparbejdet til trafikskilte igen.\nClimate Signs og The Circular Plastics Factory har som m\u00e5l at omdanne s\u00e5 mange restmaterialer som muligt til anvendelser af h\u00f8j kvalitet ved at bruge det oprindelige materiale s\u00e5 meget som muligt.   <\/p>\n\n\n\n<p><\/p>\n\n\n\n<p>Da sorteringen af plastaffald er meget effektivt organiseret i Holland, og alle vores produkter er forsynet med en QR-kode for r\u00e5materialer eller en genbrugskode for plast, kan vores plasttrafikskilte nemt sorteres efter plasttype i den almindelige restaffaldsstr\u00f8m og genbruges 100 % i en anden produktionsproces.  <\/p>\n<\/div>\n\n\n\n<div class=\"wp-block-column is-layout-flow wp-block-column-is-layout-flow\">\n<p><strong>QR-kode som vist p\u00e5 skilte:<\/strong><\/p>\n\n\n\n<p><strong>ABS genbrugsr\u00e5materiale ABS genbrugsr\u00e5materiale<\/strong><br><\/p>\n\n\n\n<figure class=\"wp-block-image aligncenter\"><img decoding=\"async\" src=\"https:\/\/lh7-us.googleusercontent.com\/66NgDeP6pAmnvuAjIZ68Mvftbfa4wZbb1tczCBewSw_q-5rPo7tcSkQvt_euN9S3Bdg_7SLleo5je1K53NHaI6TtFresJ7fOA0j7rL5UHfzB9Q7VqoM1OaLTObqZaBDvLyto3nJHfH7JYa2z7gD56zc\" alt=\"\"\/><\/figure>\n\n\n\n<p><br><strong>Genbrugskode for plast som vist p\u00e5 skilte:<\/strong><\/p>\n\n\n\n<ol class=\"wp-block-list\">\n<li><img decoding=\"async\" width=\"126\" height=\"153\" src=\"https:\/\/lh7-us.googleusercontent.com\/7YQ60R5uFzsvMXkYz-VBjwUM1ucuNQvawy7_y7rihsOJTdGo1_55SZebkHfdPF8nFh9Re2w3nnkTNR1ntrIJPpExyes5N7Iv7tzpiFzNNedY2-7dWVtFKoEhGTsy9DKQnuQHRCAa5eGhm6SOKIL6VXA\"><strong> <\/strong><\/li>\n\n\n\n<li><strong>Retursystem:<\/strong><\/li>\n<\/ol>\n\n\n\n<p>Introduktionen af Climate Signs&#8217; kvalitetsstandard CS\u00a9 g\u00f8r det muligt for vejmyndigheder at tr\u00e6ffe et velovervejet valg om b\u00e6redygtighed og cirkul\u00e6r genanvendelse af teknisk for\u00e6ldede udend\u00f8rs trafikskilte. Med CS-retursystemet forl\u00e6nger vi livscyklussen for eksisterende r\u00e5materialer og reducerer CO<sub>2<\/sub>-udledningen inden for eksisterende produktions- og distributionsk\u00e6der.<\/p>\n\n\n\n<p>Climate Signs st\u00e5r for b\u00e6redygtig produktudvikling, der skaber et CO<sub>2<\/sub>-neutralt samfund og introducerer socialt relevant innovation i forhold til det konstant foranderlige uderum.<\/p>\n\n\n\n<p><strong>M\u00e5ls\u00e6tninger:<\/strong><\/p>\n\n\n\n<ul class=\"wp-block-list\">\n<li>Genbrug af restprodukter i eksisterende k\u00e6der effektivt og i h\u00f8j kvalitet;<\/li>\n\n\n\n<li>Udskiftning af fossile, kritiske og ikke-b\u00e6redygtigt producerede r\u00e5materialer (aluminium) med biobaserede og genanvendte r\u00e5materialer;<\/li>\n\n\n\n<li>Produkterne er designet cirkul\u00e6rt.<\/li>\n<\/ul>\n\n\n\n<p><strong>Vi forf\u00f8lger en cirkul\u00e6r produktionsproces med bevarelse af v\u00e6rdien af alle vores plastrester.<\/strong><\/p>\n\n\n\n<p>Udgangspunkter:<\/p>\n\n\n\n<ul class=\"wp-block-list\">\n<li>Realisering af en ren reststr\u00f8m (in-house affaldssortering efter ressourcefamilie)  <\/li>\n\n\n\n<li>Fokus p\u00e5 at bevare v\u00e6rdien af r\u00e5materialet;<\/li>\n\n\n\n<li>Fokus p\u00e5 cirkul\u00e6r brug af re-granulat i produktionen af nye vejskilte.<\/li>\n<\/ul>\n\n\n\n<p>V\u00e6rdibevarelse af r\u00e5materialer er et vigtigt element i vores cirkul\u00e6re proces.\nVi mener, at restmateriale af A-kvalitet b\u00f8r genbruges som granulat af A-kvalitet for at undg\u00e5 &#8220;nedgradering&#8221; af materialet.\nDerfor str\u00e6ber vi efter skr\u00e6ddersyede l\u00f8sninger inden for vores plastgenanvendelsesprogram.  <\/p>\n\n\n\n<ol start=\"3\" class=\"wp-block-list\">\n<li><strong>Vi tilstr\u00e6ber cirkularitet og fastholdelse af v\u00e6rdien af reststr\u00f8mme.  <\/strong><\/li>\n\n\n\n<li><\/li>\n\n\n\n<li><strong>Spilleregler for plastgenbrugsprogram Climate Signs<\/strong><\/li>\n<\/ol>\n\n\n\n<p>Vi forsyner dig med genbrugskasser med en kapacitet p\u00e5 1 m\u00b3, hvor restmaterialet opsamles.  <\/p>\n\n\n\n<p>Der er naturligvis nogle &#8220;grundregler&#8221; knyttet til dette:<\/p>\n\n\n\n<ol class=\"wp-block-list\">\n<li>Kun plastmaterialer, der er leveret af os, vil blive indsamlet;<\/li>\n\n\n\n<li>Det er strengt forbudt at l\u00e6gge andre affaldsmaterialer som f.eks. tr\u00e6, aluminium osv. i genbrugsboksen(e);<\/li>\n\n\n\n<li>S\u00e5 snart genbrugskassen\/-kasserne er fulde, bedes du kontakte din kontaktperson hos Climate Signs.\nHan vil s\u00f8rge for, at genbrugskassen\/-kasserne bliver t\u00f8mt<sub>p\u00e5 en CO2-neutral m\u00e5de<\/sub>; <\/li>\n\n\n\n<li>N\u00e5r genbrugskassen\/-kasserne fyldes, forventes det, at restmaterialerne stables i kassen\/-kasserne s\u00e5 effektivt som muligt.\nDer skal helst ikke l\u00e6gges fremspringende restmaterialer i kassen\/kasserne; <\/li>\n\n\n\n<li>For at g\u00f8re den cirkul\u00e6re proces til en succes forventes det, at alle involverede medarbejdere er opm\u00e6rksomme p\u00e5 de ovenn\u00e6vnte cirkul\u00e6re aftaler.  <\/li>\n<\/ol>\n\n\n\n<p>Hvis genbrugskasserne ikke pr\u00e6senteres i overensstemmelse med disse spilleregler, kan Climate Signs desv\u00e6rre ikke tage imod dem.\nHermed er det vigtigt, at dine medarbejdere er informeret om ovenst\u00e5ende spilleregler. <\/p>\n\n\n\n<p>Realiseringen af en ren reststr\u00f8m er vores udgangspunkt for plastgenanvendelse.\nFor at garantere denne rene affaldsstr\u00f8m over for vores genbrugspartnere er ovenst\u00e5ende spilleregler n\u00f8dvendige. <\/p>\n\n\n\n<p>Kun ved at arbejde sammen i k\u00e6den kan vi professionalisere processen og give os mere fleksibilitet og handlekraft i den cirkul\u00e6re\/genanvendelsesproces.<br><\/p>\n\n\n\n<div class=\"wp-block-buttons is-content-justification-center is-layout-flex wp-container-core-buttons-is-layout-5590e8cb wp-block-buttons-is-layout-flex\">\n<div class=\"wp-block-button\"><a class=\"wp-block-button__link has-primary-background-color has-background has-text-align-left wp-element-button\" href=\"https:\/\/www.climatesigns.nl\/da\/?page_id=2799\" style=\"border-radius:6px\">Skriv dig op<\/a><\/div>\n<\/div>\n<\/div>\n<\/div>\n<\/div>\n\n\n\n<div style=\"height:100px\" aria-hidden=\"true\" class=\"wp-block-spacer\"><\/div>\n\n\n\n<div class=\"wp-block-group alignwide is-layout-constrained wp-block-group-is-layout-constrained\">\n<div class=\"wp-block-columns alignwide is-layout-flex wp-container-core-columns-is-layout-9d6595d7 wp-block-columns-is-layout-flex\">\n<div class=\"wp-block-column is-layout-flow wp-block-column-is-layout-flow\">\n<figure class=\"wp-block-image\"><img decoding=\"async\" src=\"https:\/\/lh7-us.googleusercontent.com\/GFtLyALamBNvHHkc_lUhf_N4IjOq2y2aOaTsWdAojXXyuWPzsAFEmffqorjxkZaEhIhp1_xgGBHxYDzedZacnT6aONWKGP5oY5zNAAH5ewX-EbNT1Dfmrgptt-7K2ZxD9xZPIWVwSxeG3qDVFVvpO2g\" alt=\"Billede med tabel Automatisk genereret beskrivelse\"\/><\/figure>\n<\/div>\n\n\n\n<div class=\"wp-block-column is-layout-flow wp-block-column-is-layout-flow\">\n<h2 class=\"wp-block-heading\" id=\"kwaliteit\">Kvalitet<\/h2>\n\n\n\n<p>Climate Signs&#8217; trafikskilte er produceret 100 % af biobaserede eller cirkul\u00e6re r\u00e5materialer, og produktionen af vores b\u00e6redygtige b\u00e6rere er helt C02-neutral (solenergi).  <\/p>\n\n\n\n<p>Enhver vejmyndighed, der v\u00e6lger b\u00e6redygtighed, vil i sidste ende ende med Climate Signs&#8217; innovative trafikskilte.\nFor at foretage den gr\u00f8nne omstilling med trafikskilte er det af stor betydning, at vi leverer en kvalitet, der kan sammenlignes med aluminium.\nFordi Climate Signs&#8217; honeycomb-trafikskilte er det eneste alternativ til aluminium, der er fuldt CE-certificeret, kan vi levere den kvalitet, der er beskrevet i EN12899:2007 og NEN 3381-standarden.  <\/p>\n\n\n\n<p>B\u00e6reren af et vejskilt er kun en del af vejskiltet.\nDen vigtigste del af f\u00e6rdselstavlen er den Signface (billedflade), der er anbragt p\u00e5 den.   <\/p>\n\n\n\n<p>Da vi kun \u00f8nsker at levere den h\u00f8jeste kvalitet til Climate Signs-trafikskiltene, har vi valgt trykteknologi med refleksionsklasse III-film, n\u00e5r vi producerer skiltefladen.  <\/p>\n\n\n\n<p><strong>Reflekterende film:<\/strong><\/p>\n\n\n\n<p>Reflekterende film p\u00e5 f\u00e6rdselstavler har forbedret trafiksikkerheden betydeligt i over 80 \u00e5r.\nFordi trafikskilte skal v\u00e6re synlige og genkendelige for alle trafikanter under alle vejrforhold som en vertikal informationsb\u00e6rer, forsyner vi vores holdbare honeycomb-trafikskilte med en reflekterende klasse III-film af meget h\u00f8j kvalitet.\nDen anvendte retroreflekterende film er meget synlig p\u00e5 b\u00e5de lange og korte afstande og giver optimal synlighed om natten, hvilket resulterer i 64 % f\u00e6rre ulykker.  <\/p>\n\n\n\n<p>Billedplanet skal fuldt ud overholde de mindste kr\u00e6vede reflektionsv\u00e6rdier i standarden DIN 67520-2013:10, type RA3A og RA3B med optimal funktionalitet ved b\u00e5de store og sm\u00e5 observations- og betragtningsvinkler i henhold til tabellen.<\/p>\n<\/div>\n<\/div>\n<\/div>\n\n\n\n<div style=\"height:100px\" aria-hidden=\"true\" class=\"wp-block-spacer\"><\/div>\n\n\n\n<div class=\"wp-block-group alignwide is-layout-constrained wp-block-group-is-layout-constrained\">\n<div class=\"wp-block-columns alignwide is-layout-flex wp-container-core-columns-is-layout-9d6595d7 wp-block-columns-is-layout-flex\">\n<div class=\"wp-block-column is-layout-flow wp-block-column-is-layout-flow\">\n<p><strong>Film til CE-m\u00e6rkning:<\/strong><\/p>\n\n\n\n<p>CE-m\u00e6rkning er en erkl\u00e6ring fra producenten om, at produktet overholder alle g\u00e6ldende love og regler i specifikke europ\u00e6iske direktiver.\nDen retro-reflekterende film, der anvendes af Climate Signs, er i fuld overensstemmelse med de europ\u00e6iske regler for byggevarer.\nCE-m\u00e6rket og yderligere produktdata (partinummer og holdbarhed) er inkluderet som et vandm\u00e6rke i den retroreflekterende folie.  <br><\/p>\n\n\n\n<p><strong>Udvidet garanti<\/strong><\/p>\n\n\n\n<p>Hos Climate Signs forbinder vi kvalitet med innovation og b\u00e6redygtighed.\nUV-printteknologi har revolutioneret produktionen af vejskilte (billedomr\u00e5de).\nFordi alle Climate Signs skilte er trykt, producerer produktionen betydeligt mindre affald og milj\u00f8p\u00e5virkning end traditionelle produktionsmetoder.\nDa der anvendes milj\u00f8venlige, opl\u00f8sningsmiddelfrie UV-farver, er der garanti for optimal holdbarhed.\nFor at beskytte folien og farven mod UV-str\u00e5ling og skader er skiltet desuden forsynet med et gennemsigtigt laminat (UV-blokker).\nFolie- og bl\u00e6ksystemet er sammensat med omhu og udg\u00f8r et unikt Matched Component System, der garanterer meget h\u00f8j kvalitet i lang tid.     <\/p>\n\n\n\n<p>Den j\u00e6vne billedoverflade sikrer desuden, at der er mindre sandsynlighed for, at snavs og algev\u00e6kst s\u00e6tter sig fast p\u00e5 f\u00e6rdselstavlen.\nI omr\u00e5der med meget graffiti eller klisterm\u00e6rker kan vi p\u00e5f\u00f8re en s\u00e6rlig anti-graffiti- eller anti-klisterm\u00e6rkefilm.   <br><\/p>\n\n\n\n<p><strong>Digital udskrivning<\/strong><\/p>\n\n\n\n<p>Videnskabelig forskning viser, at milj\u00f8p\u00e5virkningen ved digitaltryk er ca. 60 % mindre end ved serigrafi.\nSignface-print er derfor mange gange mere milj\u00f8venligt end den traditionelle serigrafiske produktionsteknik.   <\/p>\n\n\n\n<p>Billedoverfladen er en mikroprismatisk film.\nPolymerfilmmaterialet er fremstillet ved hj\u00e6lp af de mest optimale produktionsprocesser, mikroreplikationsteknik, er selvkl\u00e6bende og fri for opl\u00f8sningsmidler.\nDe mikroprismatiske reflekterende folier kaster det reflekterede lys maksimalt tilbage til lyskilden.    <br><\/p>\n\n\n\n<p><strong>Fordele ved printteknologi:  <\/strong><\/p>\n\n\n\n<ul class=\"wp-block-list\">\n<li>Milj\u00f8venlig brug af opl\u00f8sningsmiddelfri UV-bl\u00e6k;<\/li>\n\n\n\n<li>Beskyttelse af bl\u00e6k og film med laminat;<\/li>\n\n\n\n<li>Tilsmudsning (graffiti eller algeaflejringer) er let at fjerne;<\/li>\n\n\n\n<li>L\u00e6ngere \u00f8konomisk og teknisk levetid.<\/li>\n<\/ul>\n\n\n\n<p>Den retroreflekterende klasse III-skilteflade, der anvendes p\u00e5 honeycomb-trafikskiltet, er d\u00e6kket af en 12-\u00e5rig udl\u00f8bsgaranti.  <\/p>\n\n\n\n<p>Climate Signs&#8217; honeycomb-trafikskilt introducerer s\u00e5ledes en ny kvalitetsstandard, kombineret med ultimativ holdbarhed og et meget fordelagtigt ECO-indeks.  <\/p>\n\n\n\n<p>Alle skilteoverflader overholder s\u00e5ledes den europ\u00e6iske standard NEN-EN 12899-1:2007, den supplerende nationale standard NEN 3381:2020, implementeringsbestemmelserne BABW vedr\u00f8rende trafikskilte (Besluit Administratieve Bepalingen inzake het Wegverkeer) og RVV 1990 (Reglement Verkeersregels en Verkeerstekens 1990).  <\/p>\n<\/div>\n\n\n\n<div class=\"wp-block-column is-layout-flow wp-block-column-is-layout-flow\">\n<p><strong>Reng\u00f8ring af skiltet:<\/strong><\/p>\n\n\n\n<p>Normalt snavs kan reng\u00f8res med en bl\u00f8d b\u00f8rste eller svamp og skylles med demineraliseret vand.\nDet er ikke n\u00f8dvendigt med et reng\u00f8ringsmiddel.\nTil graffiti skal du bruge et ikke-slibende reng\u00f8ringsmiddel, der ikke indeholder st\u00e6rke opl\u00f8sningsmidler.  <br><\/p>\n\n\n\n<p><strong>Garanti:<\/strong><\/p>\n\n\n\n<ul class=\"wp-block-list\">\n<li>Billedoverfladen (film og laminat) kl\u00e6ber til b\u00e6reren p\u00e5 &gt;98 % af overfladen;<\/li>\n\n\n\n<li>Refleksv\u00e6rdien for de trykte skilte er fortsat i overensstemmelse med DIN 67520:2013:10 tabel 8 og 9;  <\/li>\n\n\n\n<li>Farveforringelse falder inden for standard EN-12899-1 Luminansklasse B2.  <\/li>\n<\/ul>\n\n\n\n<p>Hvis skiltene ikke opfylder ovenst\u00e5ende betingelser, leverer vi et tilsvarende erstatningsskilt, som mindst er af samme eller senere produktionsdato.\nP\u00e5 basis af line\u00e6r afskrivning (udl\u00f8b af garanti).   <br><\/p>\n\n\n\n<p><strong>Garantibetingelser:<\/strong><\/p>\n\n\n\n<ul class=\"wp-block-list\">\n<li>Trafikskiltet monteres af en Climate Signs-godkendt entrepren\u00f8r eller k\u00f8ber;<\/li>\n\n\n\n<li>Trafikskiltesystemet (b\u00e6rer og fastg\u00f8relseselementer) blev k\u00f8bt hos Climate Signs;<\/li>\n\n\n\n<li>Trafikskiltet blev installeret i overensstemmelse med monterings- og placeringsanvisningerne;  <\/li>\n\n\n\n<li>Vejskiltet har kun v\u00e6ret brugt \u00e9t sted;  <\/li>\n\n\n\n<li>P\u00e5 steder med h\u00f8j kemisk eksponering, f.eks. i kystomr\u00e5der og i n\u00e6rheden af tung industri, kan der g\u00e6lde en anden garantiperiode;  <\/li>\n\n\n\n<li>Der er tale om normal brug;  <\/li>\n\n\n\n<li>Der er p\u00e5viselig periodisk vedligeholdelse i henhold til VNVF&#8217;s vedligeholdelsesbestemmelser (se vnvf.nl\/maintenance-regulations).<\/li>\n<\/ul>\n\n\n\n<p>Den klimaneutrale produktion og det 100 % cirkul\u00e6re eller biobaserede r\u00e5materiale til vores trafikskilte sikrer sammen med den trykte skilteflade det mest b\u00e6redygtige trafikskilt i Holland.<\/p>\n<\/div>\n<\/div>\n\n\n\n<p><\/p>\n<\/div>\n","protected":false},"excerpt":{"rendered":"<p>B\u00e6redygtighed Vores vision er en b\u00e6redygtig og cirkul\u00e6r verden. En verden, hvor vi genbruger det, vi har i brug, importerer mindre og s\u00f8ger lokale l\u00f8sninger og r\u00e5materialer. I alt, hvad vi g\u00f8r, overvejer vi milj\u00f8p\u00e5virkningen fra vores produkter og vores produktionsproces. Hvert \u00e5r producerer vi 1.650 millioner kg plastaffald i&#8230;<\/p>\n","protected":false},"author":1,"featured_media":0,"parent":0,"menu_order":0,"comment_status":"closed","ping_status":"closed","template":"page-templates\/no-title.php","meta":{"_gspb_post_css":"","footnotes":""},"class_list":["post-3042","page","type-page","status-publish","hentry"],"_links":{"self":[{"href":"https:\/\/www.climatesigns.nl\/da\/wp-json\/wp\/v2\/pages\/3042","targetHints":{"allow":["GET"]}}],"collection":[{"href":"https:\/\/www.climatesigns.nl\/da\/wp-json\/wp\/v2\/pages"}],"about":[{"href":"https:\/\/www.climatesigns.nl\/da\/wp-json\/wp\/v2\/types\/page"}],"author":[{"embeddable":true,"href":"https:\/\/www.climatesigns.nl\/da\/wp-json\/wp\/v2\/users\/1"}],"replies":[{"embeddable":true,"href":"https:\/\/www.climatesigns.nl\/da\/wp-json\/wp\/v2\/comments?post=3042"}],"version-history":[{"count":3,"href":"https:\/\/www.climatesigns.nl\/da\/wp-json\/wp\/v2\/pages\/3042\/revisions"}],"predecessor-version":[{"id":3674,"href":"https:\/\/www.climatesigns.nl\/da\/wp-json\/wp\/v2\/pages\/3042\/revisions\/3674"}],"wp:attachment":[{"href":"https:\/\/www.climatesigns.nl\/da\/wp-json\/wp\/v2\/media?parent=3042"}],"curies":[{"name":"wp","href":"https:\/\/api.w.org\/{rel}","templated":true}]}}