{"id":2161,"date":"2023-10-06T12:48:04","date_gmt":"2023-10-06T10:48:04","guid":{"rendered":"https:\/\/www.climatesigns.nl\/abs-pc\/"},"modified":"2024-09-19T16:59:55","modified_gmt":"2024-09-19T14:59:55","slug":"abs-pc","status":"publish","type":"page","link":"https:\/\/www.climatesigns.nl\/de\/abs-pc\/","title":{"rendered":"ABS PC"},"content":{"rendered":"\n<div class=\"wp-block-cover alignfull is-light\"><span aria-hidden=\"true\" class=\"wp-block-cover__background has-background-dim-0 has-background-dim\"><\/span><img decoding=\"async\" width=\"1024\" height=\"427\" class=\"wp-block-cover__image-background wp-image-1009\" alt=\"\" src=\"https:\/\/www.climatesigns.nl\/wp-content\/uploads\/2023\/09\/CS_Hero-BG_Type-2-1024x427.jpg\" data-object-fit=\"cover\" srcset=\"https:\/\/www.climatesigns.nl\/wp-content\/uploads\/2023\/09\/CS_Hero-BG_Type-2-1024x427.jpg 1024w, https:\/\/www.climatesigns.nl\/wp-content\/uploads\/2023\/09\/CS_Hero-BG_Type-2-300x125.jpg 300w, https:\/\/www.climatesigns.nl\/wp-content\/uploads\/2023\/09\/CS_Hero-BG_Type-2-768x320.jpg 768w, https:\/\/www.climatesigns.nl\/wp-content\/uploads\/2023\/09\/CS_Hero-BG_Type-2.jpg 1440w\" sizes=\"(max-width: 1024px) 100vw, 1024px\" \/><div class=\"wp-block-cover__inner-container is-layout-flow wp-block-cover-is-layout-flow\">\n<h2 class=\"wp-block-heading has-black-color has-text-color has-xxxl-font-size\" id=\"ik-ben-in-nederland-gemaakt-van-een-hoogwaardig-polymeerblend-abs-acrylonitril-butadieen-styreen-pc-polycarbonaat-regeneraat\" style=\"margin-right:var(--wp--preset--spacing--80);margin-left:var(--wp--preset--spacing--80)\"><br\/>Ich werde in den Niederlanden aus einer hochwertigen Polymermischung ABS (Acrylnitril-Butadien-Styrol) + PC (Polycarbonat) Regenerat hergestellt.<\/h2>\n<\/div><\/div>\n\n<h3 class=\"wp-block-heading\" id=\"wat-is-abs-pc-regeneraat\" style=\"padding-top:var(--wp--preset--spacing--60)\">Was ist ABS\/PC-Regenerat?<\/h3>\n\n<p>ABS\/PC-Regenerat bezieht sich auf eine ABS\/PC-Kunststoffmischung (Zusammensetzung), die zu 100% aus recyceltem Material (genannt Recyclat) besteht.\nDas Rohmaterial wird im Rahmen des Recyclingprozesses zu einem spritzgussf\u00e4higen neuen Regeneratgranulat verarbeitet. <\/p>\n\n<h3 class=\"wp-block-heading\" id=\"hoe-wordt-abs-pc-gerecycled\">Wie wird ABS\/PC recycelt?<\/h3>\n\n<p>Wenn eine Kunststoffrecyclinganlage Kunststoff annimmt, werden alle Kunststoffteile zerkleinert.\nAnschlie\u00dfend werden alle anderen Verunreinigungen wie Metalle und unerw\u00fcnschte Kunststoffe durch ein Wassersystem mit unterschiedlichen Geschwindigkeiten herausgefiltert.\nAm Ende bleibt ein reiner Rohstoffstrom aus ABS\/PC-Kunststoff \u00fcbrig.  <\/p>\n\n<h3 class=\"wp-block-heading\" id=\"hoe-en-waar-wordt-abs-pc-gebruikt\">Wie und wo wird ABS\/PC verwendet?<\/h3>\n\n<p>Da ABS\/PC ein sehr widerstandsf\u00e4higer und schlagfester Kunststoff ist, wird er f\u00fcr folgende Zwecke verwendet:<\/p>\n\n<ul class=\"wp-block-list\">\n<li>Computertastatur;<\/li>\n\n\n\n<li>Geh\u00e4use Computer;<\/li>\n\n\n\n<li>Instrumententafeln;<\/li>\n\n\n\n<li>Geh\u00e4use von Elektrowerkzeugen;<\/li>\n\n\n\n<li>TV-Rahmen;<\/li>\n\n\n\n<li>Computer-Komponenten;<\/li>\n\n\n\n<li>Autoteile;<\/li>\n\n\n\n<li>Reisekoffer;<\/li>\n\n\n\n<li>Anwendungen f\u00fcr Flugzeuge;<\/li>\n\n\n\n<li>Mobile Ger\u00e4te;<\/li>\n\n\n\n<li>St\u00fchle, Tische, Container, etc.<\/li>\n<\/ul>\n\n<h3 class=\"wp-block-heading\" id=\"wat-zijn-de-eigenschappen-van-abs-pc\">Was sind die Eigenschaften von ABS\/PC?<\/h3>\n\n<div class=\"wp-block-greenshift-blocks-iconlist gspb_iconsList gspb_iconsList-id-gsbp-5e64358e-a849\" id=\"gspb_iconsList-id-gsbp-5e64358e-a849\"><div class=\"gspb_iconsList__item\" data-id=\"0\"><svg xmlns=\"http:\/\/www.w3.org\/2000\/svg\" class=\"\" style=\"display:inline-block;vertical-align:middle\" width=\"18\" height=\"18\" viewbox=\"0 0 1024 1024\"><path style=\"fill:#565D66\" d=\"M871.696 166.932l-526.088 526.088-193.304-193.304c-9.372-9.372-24.568-9.372-33.942 0l-56.568 56.568c-9.372 9.372-9.372 24.568 0 33.942l266.842 266.842c9.372 9.372 24.568 9.372 33.942 0l599.626-599.626c9.372-9.372 9.372-24.568 0-33.942l-56.568-56.568c-9.372-9.372-24.568-9.372-33.94 0z\"><\/path><\/svg><span class=\"gspb_iconsList__item__text\">ABS\/PC hat eine hohe Schlagfestigkeit, auch bei niedrigen Temperaturen;<\/span><\/div><div class=\"gspb_iconsList__item\" data-id=\"1\"><svg xmlns=\"http:\/\/www.w3.org\/2000\/svg\" class=\"\" style=\"display:inline-block;vertical-align:middle\" width=\"18\" height=\"18\" viewbox=\"0 0 1024 1024\"><path style=\"fill:#565D66\" d=\"M871.696 166.932l-526.088 526.088-193.304-193.304c-9.372-9.372-24.568-9.372-33.942 0l-56.568 56.568c-9.372 9.372-9.372 24.568 0 33.942l266.842 266.842c9.372 9.372 24.568 9.372 33.942 0l599.626-599.626c9.372-9.372 9.372-24.568 0-33.942l-56.568-56.568c-9.372-9.372-24.568-9.372-33.94 0z\"><\/path><\/svg><span class=\"gspb_iconsList__item__text\">ABS\/PC hat eine hohe Steifigkeit, ist funktionell flexibel und kann Aufprallenergie absorbieren;<\/span><\/div><div class=\"gspb_iconsList__item\" data-id=\"2\"><svg xmlns=\"http:\/\/www.w3.org\/2000\/svg\" class=\"\" style=\"display:inline-block;vertical-align:middle\" width=\"18\" height=\"18\" viewbox=\"0 0 1024 1024\"><path style=\"fill:#565D66\" d=\"M871.696 166.932l-526.088 526.088-193.304-193.304c-9.372-9.372-24.568-9.372-33.942 0l-56.568 56.568c-9.372 9.372-9.372 24.568 0 33.942l266.842 266.842c9.372 9.372 24.568 9.372 33.942 0l599.626-599.626c9.372-9.372 9.372-24.568 0-33.942l-56.568-56.568c-9.372-9.372-24.568-9.372-33.94 0z\"><\/path><\/svg><span class=\"gspb_iconsList__item__text\">Verformung von ABS\/PC unter mechanischer Belastung vernachl\u00e4ssigbar;<\/span><\/div><div class=\"gspb_iconsList__item\" data-id=\"3\"><svg xmlns=\"http:\/\/www.w3.org\/2000\/svg\" class=\"\" style=\"display:inline-block;vertical-align:middle\" width=\"18\" height=\"18\" viewbox=\"0 0 1024 1024\"><path style=\"fill:#565D66\" d=\"M871.696 166.932l-526.088 526.088-193.304-193.304c-9.372-9.372-24.568-9.372-33.942 0l-56.568 56.568c-9.372 9.372-9.372 24.568 0 33.942l266.842 266.842c9.372 9.372 24.568 9.372 33.942 0l599.626-599.626c9.372-9.372 9.372-24.568 0-33.942l-56.568-56.568c-9.372-9.372-24.568-9.372-33.94 0z\"><\/path><\/svg><span class=\"gspb_iconsList__item__text\">ABS hat eine sehr hohe Schlagfestigkeit bis zu -30 Grad;<\/span><\/div><div class=\"gspb_iconsList__item\" data-id=\"4\"><svg xmlns=\"http:\/\/www.w3.org\/2000\/svg\" class=\"\" style=\"display:inline-block;vertical-align:middle\" width=\"18\" height=\"18\" viewbox=\"0 0 1024 1024\"><path style=\"fill:#565D66\" d=\"M871.696 166.932l-526.088 526.088-193.304-193.304c-9.372-9.372-24.568-9.372-33.942 0l-56.568 56.568c-9.372 9.372-9.372 24.568 0 33.942l266.842 266.842c9.372 9.372 24.568 9.372 33.942 0l599.626-599.626c9.372-9.372 9.372-24.568 0-33.942l-56.568-56.568c-9.372-9.372-24.568-9.372-33.94 0z\"><\/path><\/svg><span class=\"gspb_iconsList__item__text\">ABS\/PC ist hitzebest\u00e4ndig;<\/span><\/div><div class=\"gspb_iconsList__item\" data-id=\"5\"><svg xmlns=\"http:\/\/www.w3.org\/2000\/svg\" class=\"\" style=\"display:inline-block;vertical-align:middle\" width=\"18\" height=\"18\" viewbox=\"0 0 1024 1024\"><path style=\"fill:#565D66\" d=\"M871.696 166.932l-526.088 526.088-193.304-193.304c-9.372-9.372-24.568-9.372-33.942 0l-56.568 56.568c-9.372 9.372-9.372 24.568 0 33.942l266.842 266.842c9.372 9.372 24.568 9.372 33.942 0l599.626-599.626c9.372-9.372 9.372-24.568 0-33.942l-56.568-56.568c-9.372-9.372-24.568-9.372-33.94 0z\"><\/path><\/svg><span class=\"gspb_iconsList__item__text\">ABS\/PC ist kratzfest;<\/span><\/div><div class=\"gspb_iconsList__item\" data-id=\"6\"><svg xmlns=\"http:\/\/www.w3.org\/2000\/svg\" class=\"\" style=\"display:inline-block;vertical-align:middle\" width=\"18\" height=\"18\" viewbox=\"0 0 1024 1024\"><path style=\"fill:#565D66\" d=\"M871.696 166.932l-526.088 526.088-193.304-193.304c-9.372-9.372-24.568-9.372-33.942 0l-56.568 56.568c-9.372 9.372-9.372 24.568 0 33.942l266.842 266.842c9.372 9.372 24.568 9.372 33.942 0l599.626-599.626c9.372-9.372 9.372-24.568 0-33.942l-56.568-56.568c-9.372-9.372-24.568-9.372-33.94 0z\"><\/path><\/svg><span class=\"gspb_iconsList__item__text\">Hohe IP-Bewertung;<\/span><\/div><div class=\"gspb_iconsList__item\" data-id=\"7\"><svg xmlns=\"http:\/\/www.w3.org\/2000\/svg\" class=\"\" style=\"display:inline-block;vertical-align:middle\" width=\"18\" height=\"18\" viewbox=\"0 0 1024 1024\"><path style=\"fill:#565D66\" d=\"M871.696 166.932l-526.088 526.088-193.304-193.304c-9.372-9.372-24.568-9.372-33.942 0l-56.568 56.568c-9.372 9.372-9.372 24.568 0 33.942l266.842 266.842c9.372 9.372 24.568 9.372 33.942 0l599.626-599.626c9.372-9.372 9.372-24.568 0-33.942l-56.568-56.568c-9.372-9.372-24.568-9.372-33.94 0z\"><\/path><\/svg><span class=\"gspb_iconsList__item__text\">Einsetzbar in einem breiten Temperaturbereich;<\/span><\/div><div class=\"gspb_iconsList__item\" data-id=\"8\"><svg xmlns=\"http:\/\/www.w3.org\/2000\/svg\" class=\"\" style=\"display:inline-block;vertical-align:middle\" width=\"18\" height=\"18\" viewbox=\"0 0 1024 1024\"><path style=\"fill:#565D66\" d=\"M871.696 166.932l-526.088 526.088-193.304-193.304c-9.372-9.372-24.568-9.372-33.942 0l-56.568 56.568c-9.372 9.372-9.372 24.568 0 33.942l266.842 266.842c9.372 9.372 24.568 9.372 33.942 0l599.626-599.626c9.372-9.372 9.372-24.568 0-33.942l-56.568-56.568c-9.372-9.372-24.568-9.372-33.94 0z\"><\/path><\/svg><span class=\"gspb_iconsList__item__text\">ABS\/PC ist flammhemmend und selbstverl\u00f6schend;<\/span><\/div><div class=\"gspb_iconsList__item\" data-id=\"9\"><svg xmlns=\"http:\/\/www.w3.org\/2000\/svg\" class=\"\" style=\"display:inline-block;vertical-align:middle\" width=\"18\" height=\"18\" viewbox=\"0 0 1024 1024\"><path style=\"fill:#565D66\" d=\"M871.696 166.932l-526.088 526.088-193.304-193.304c-9.372-9.372-24.568-9.372-33.942 0l-56.568 56.568c-9.372 9.372-9.372 24.568 0 33.942l266.842 266.842c9.372 9.372 24.568 9.372 33.942 0l599.626-599.626c9.372-9.372 9.372-24.568 0-33.942l-56.568-56.568c-9.372-9.372-24.568-9.372-33.94 0z\"><\/path><\/svg><span class=\"gspb_iconsList__item__text\">Gute chemische Best\u00e4ndigkeit;<\/span><\/div><div class=\"gspb_iconsList__item\" data-id=\"10\"><svg xmlns=\"http:\/\/www.w3.org\/2000\/svg\" class=\"\" style=\"display:inline-block;vertical-align:middle\" width=\"18\" height=\"18\" viewbox=\"0 0 1024 1024\"><path style=\"fill:#565D66\" d=\"M871.696 166.932l-526.088 526.088-193.304-193.304c-9.372-9.372-24.568-9.372-33.942 0l-56.568 56.568c-9.372 9.372-9.372 24.568 0 33.942l266.842 266.842c9.372 9.372 24.568 9.372 33.942 0l599.626-599.626c9.372-9.372 9.372-24.568 0-33.942l-56.568-56.568c-9.372-9.372-24.568-9.372-33.94 0z\"><\/path><\/svg><span class=\"gspb_iconsList__item__text\">Geringes Gewicht;<\/span><\/div><div class=\"gspb_iconsList__item\" data-id=\"11\"><svg xmlns=\"http:\/\/www.w3.org\/2000\/svg\" class=\"\" style=\"display:inline-block;vertical-align:middle\" width=\"18\" height=\"18\" viewbox=\"0 0 1024 1024\"><path style=\"fill:#565D66\" d=\"M871.696 166.932l-526.088 526.088-193.304-193.304c-9.372-9.372-24.568-9.372-33.942 0l-56.568 56.568c-9.372 9.372-9.372 24.568 0 33.942l266.842 266.842c9.372 9.372 24.568 9.372 33.942 0l599.626-599.626c9.372-9.372 9.372-24.568 0-33.942l-56.568-56.568c-9.372-9.372-24.568-9.372-33.94 0z\"><\/path><\/svg><span class=\"gspb_iconsList__item__text\">Hohe strukturelle Festigkeit, wodurch die Schilder der Norm NEN-3318 und EN-12899-1:2007 entsprechen;<\/span><\/div><div class=\"gspb_iconsList__item\" data-id=\"12\"><svg xmlns=\"http:\/\/www.w3.org\/2000\/svg\" class=\"\" style=\"display:inline-block;vertical-align:middle\" width=\"18\" height=\"18\" viewbox=\"0 0 1024 1024\"><path style=\"fill:#565D66\" d=\"M871.696 166.932l-526.088 526.088-193.304-193.304c-9.372-9.372-24.568-9.372-33.942 0l-56.568 56.568c-9.372 9.372-9.372 24.568 0 33.942l266.842 266.842c9.372 9.372 24.568 9.372 33.942 0l599.626-599.626c9.372-9.372 9.372-24.568 0-33.942l-56.568-56.568c-9.372-9.372-24.568-9.372-33.94 0z\"><\/path><\/svg><span class=\"gspb_iconsList__item__text\">Gute UV-Best\u00e4ndigkeit.<\/span><\/div><\/div>\n\n<h3 class=\"wp-block-heading\" id=\"voordelen-gebruik-recycle-abs-pc-materiaal\" style=\"margin-top:var(--wp--preset--spacing--50);margin-bottom:0\">Vorteile: Verwendung von recyceltem ABS\/PC-Material:<\/h3>\n\n<p>Die ABS\/PC-Mischung ist eine der wenigen Mischungen, die durch das Mischen von 2 Basispolymeren (Polymerlegierung) eine signifikante positive Synergie erzielt.<\/p>\n\n<div class=\"wp-block-greenshift-blocks-iconlist gspb_iconsList gspb_iconsList-id-gsbp-c1e965ef-713b\" id=\"gspb_iconsList-id-gsbp-c1e965ef-713b\"><div class=\"gspb_iconsList__item\" data-id=\"0\"><svg xmlns=\"http:\/\/www.w3.org\/2000\/svg\" class=\"\" style=\"display:inline-block;vertical-align:middle\" width=\"18\" height=\"18\" viewbox=\"0 0 1024 1024\"><path style=\"fill:#565D66\" d=\"M871.696 166.932l-526.088 526.088-193.304-193.304c-9.372-9.372-24.568-9.372-33.942 0l-56.568 56.568c-9.372 9.372-9.372 24.568 0 33.942l266.842 266.842c9.372 9.372 24.568 9.372 33.942 0l599.626-599.626c9.372-9.372 9.372-24.568 0-33.942l-56.568-56.568c-9.372-9.372-24.568-9.372-33.94 0z\"><\/path><\/svg><span class=\"gspb_iconsList__item__text\">Keine Verwendung von prim\u00e4ren fossilen Ressourcen;<\/span><\/div><div class=\"gspb_iconsList__item\" data-id=\"1\"><svg xmlns=\"http:\/\/www.w3.org\/2000\/svg\" class=\"\" style=\"display:inline-block;vertical-align:middle\" width=\"18\" height=\"18\" viewbox=\"0 0 1024 1024\"><path style=\"fill:#565D66\" d=\"M871.696 166.932l-526.088 526.088-193.304-193.304c-9.372-9.372-24.568-9.372-33.942 0l-56.568 56.568c-9.372 9.372-9.372 24.568 0 33.942l266.842 266.842c9.372 9.372 24.568 9.372 33.942 0l599.626-599.626c9.372-9.372 9.372-24.568 0-33.942l-56.568-56.568c-9.372-9.372-24.568-9.372-33.94 0z\"><\/path><\/svg><span class=\"gspb_iconsList__item__text\">Reduzierung der<sub>CO2-Emissionen<\/sub> um bis zu 85%;<\/span><\/div><div class=\"gspb_iconsList__item\" data-id=\"2\"><svg xmlns=\"http:\/\/www.w3.org\/2000\/svg\" class=\"\" style=\"display:inline-block;vertical-align:middle\" width=\"18\" height=\"18\" viewbox=\"0 0 1024 1024\"><path style=\"fill:#565D66\" d=\"M871.696 166.932l-526.088 526.088-193.304-193.304c-9.372-9.372-24.568-9.372-33.942 0l-56.568 56.568c-9.372 9.372-9.372 24.568 0 33.942l266.842 266.842c9.372 9.372 24.568 9.372 33.942 0l599.626-599.626c9.372-9.372 9.372-24.568 0-33.942l-56.568-56.568c-9.372-9.372-24.568-9.372-33.94 0z\"><\/path><\/svg><span class=\"gspb_iconsList__item__text\">Weniger Wasserverbrauch;<\/span><\/div><div class=\"gspb_iconsList__item\" data-id=\"3\"><svg xmlns=\"http:\/\/www.w3.org\/2000\/svg\" class=\"\" style=\"display:inline-block;vertical-align:middle\" width=\"18\" height=\"18\" viewbox=\"0 0 1024 1024\"><path style=\"fill:#565D66\" d=\"M871.696 166.932l-526.088 526.088-193.304-193.304c-9.372-9.372-24.568-9.372-33.942 0l-56.568 56.568c-9.372 9.372-9.372 24.568 0 33.942l266.842 266.842c9.372 9.372 24.568 9.372 33.942 0l599.626-599.626c9.372-9.372 9.372-24.568 0-33.942l-56.568-56.568c-9.372-9.372-24.568-9.372-33.94 0z\"><\/path><\/svg><span class=\"gspb_iconsList__item__text\">Geringerer Energieverbrauch<sub>(CO2-neutraler<\/sub> Produktionsprozess);<\/span><\/div><div class=\"gspb_iconsList__item\" data-id=\"4\"><svg xmlns=\"http:\/\/www.w3.org\/2000\/svg\" class=\"\" style=\"display:inline-block;vertical-align:middle\" width=\"18\" height=\"18\" viewbox=\"0 0 1024 1024\"><path style=\"fill:#565D66\" d=\"M871.696 166.932l-526.088 526.088-193.304-193.304c-9.372-9.372-24.568-9.372-33.942 0l-56.568 56.568c-9.372 9.372-9.372 24.568 0 33.942l266.842 266.842c9.372 9.372 24.568 9.372 33.942 0l599.626-599.626c9.372-9.372 9.372-24.568 0-33.942l-56.568-56.568c-9.372-9.372-24.568-9.372-33.94 0z\"><\/path><\/svg><span class=\"gspb_iconsList__item__text\">Reduzierung von Plastikm\u00fcll;<\/span><\/div><div class=\"gspb_iconsList__item\" data-id=\"5\"><svg xmlns=\"http:\/\/www.w3.org\/2000\/svg\" class=\"\" style=\"display:inline-block;vertical-align:middle\" width=\"18\" height=\"18\" viewbox=\"0 0 1024 1024\"><path style=\"fill:#565D66\" d=\"M871.696 166.932l-526.088 526.088-193.304-193.304c-9.372-9.372-24.568-9.372-33.942 0l-56.568 56.568c-9.372 9.372-9.372 24.568 0 33.942l266.842 266.842c9.372 9.372 24.568 9.372 33.942 0l599.626-599.626c9.372-9.372 9.372-24.568 0-33.942l-56.568-56.568c-9.372-9.372-24.568-9.372-33.94 0z\"><\/path><\/svg><span class=\"gspb_iconsList__item__text\">Wird nach Gebrauch zu 100% recycelt;<\/span><\/div><div class=\"gspb_iconsList__item\" data-id=\"6\"><svg xmlns=\"http:\/\/www.w3.org\/2000\/svg\" class=\"\" style=\"display:inline-block;vertical-align:middle\" width=\"18\" height=\"18\" viewbox=\"0 0 1024 1024\"><path style=\"fill:#565D66\" d=\"M871.696 166.932l-526.088 526.088-193.304-193.304c-9.372-9.372-24.568-9.372-33.942 0l-56.568 56.568c-9.372 9.372-9.372 24.568 0 33.942l266.842 266.842c9.372 9.372 24.568 9.372 33.942 0l599.626-599.626c9.372-9.372 9.372-24.568 0-33.942l-56.568-56.568c-9.372-9.372-24.568-9.372-33.94 0z\"><\/path><\/svg><span class=\"gspb_iconsList__item__text\">Die Verwendung von ABS\/PC-Rezyklaten tr\u00e4gt direkt zur Schaffung einer Kreislaufwirtschaft und zur niederl\u00e4ndischen Agenda Circular 2050 bei.<\/span><\/div><\/div>\n\n<h3 class=\"wp-block-heading\" id=\"is-abs-pc-een-giftig-materiaal\" style=\"margin-top:var(--wp--preset--spacing--50);margin-bottom:0\">Ist ABS\/PC ein giftiges Material?<\/h3>\n\n<p>Nein, ABS\/PC ist kein giftiges Material.\nEs wird in Kinderspielzeug, Autoteilen und Haushaltsger\u00e4ten verwendet und enth\u00e4lt keine sch\u00e4dlichen Substanzen. <\/p>\n\n<h3 class=\"wp-block-heading\" id=\"certificering-grondstof\">Zertifizierung Rohmaterial:<\/h3>\n\n<p>Um die hohe Nachfrage nach neuen Rohstoffen zu reduzieren, ist es sehr wichtig, die Kreislaufwirtschaft kontinuierlich zu st\u00e4rken.\nDabei ist die Energieverschwendung in der Produktion ebenso wichtig wie die Reduzierung von Abf\u00e4llen an der Quelle. <\/p>\n\n<p>Da Climate Signs 100 % zirkul\u00e4re Rohstoffe in einem<sub>CO2-neutralen<\/sub> Produktionsprozess verarbeitet, sind die zirkul\u00e4ren Ziele der Niederlande f\u00fcr 2050 mit uns bereits erreicht.<\/p>\n\n<p>Um die Qualit\u00e4t und die Kreislauff\u00e4higkeit der gelieferten Produkte zu gew\u00e4hrleisten, werden alle Rohstoffe mit einem Recycling-Zertifikat eingekauft und verarbeitet.\nDie Qualit\u00e4t und die Herkunft k\u00f6nnen daher immer zur\u00fcckverfolgt werden. <\/p>\n\n<p>Die Zertifizierung gibt den Kunden die Gewissheit, dass das recycelte Material auf die bestm\u00f6gliche Art und Weise recycelt wurde, mit Respekt f\u00fcr die Umwelt und in \u00dcbereinstimmung mit den nationalen Vorschriften.\nDie Zertifizierung beweist auch, dass die produzierten Produkte den einschl\u00e4gigen gesetzlichen Umweltvorschriften entsprechen. <\/p>\n\n<h3 class=\"wp-block-heading\" id=\"productie\">Produktion:<\/h3>\n\n<p>Die Verkehrsschilder von Climate Signs werden zu 100% in den Niederlanden produziert.<\/p>\n\n<div class=\"wp-block-buttons is-content-justification-center is-layout-flex wp-container-core-buttons-is-layout-735dfa1c wp-block-buttons-is-layout-flex\" style=\"margin-top:var(--wp--preset--spacing--60);margin-bottom:var(--wp--preset--spacing--60)\">\n<div class=\"wp-block-button is-style-fill\"><a class=\"wp-block-button__link has-secondary-background-color has-background has-text-align-center wp-element-button\" href=\"https:\/\/www.climatesigns.nl\/producten\/type-2\/\">Sehen Sie unsere Typ 2 Schilder<\/a><\/div>\n<\/div>\n","protected":false},"excerpt":{"rendered":"<p>Was ist ABS\/PC-Regenerat? ABS\/PC-Regenerat bezieht sich auf eine ABS\/PC-Kunststoffmischung (Zusammensetzung), die zu 100% aus recyceltem Material (genannt Recyclat) besteht. Das Rohmaterial wird im Rahmen des Recyclingprozesses zu einem spritzgussf\u00e4higen neuen Regeneratgranulat verarbeitet. Wie wird ABS\/PC recycelt? Wenn eine Kunststoffrecyclinganlage Kunststoff annimmt, werden alle Kunststoffteile zerkleinert. Anschlie\u00dfend werden alle anderen Verunreinigungen&#8230;<\/p>\n","protected":false},"author":3,"featured_media":0,"parent":0,"menu_order":0,"comment_status":"closed","ping_status":"closed","template":"page-templates\/no-title.php","meta":{"_gspb_post_css":"#gspb_iconsList-id-gsbp-5e64358e-a849.gspb_iconsList .gspb_iconsList__item__text{margin-left:15px}#gspb_iconsList-id-gsbp-5e64358e-a849.gspb_iconsList .gspb_iconsList__item{display:flex;flex-direction:row;align-items:center;position:relative}#gspb_iconsList-id-gsbp-5e64358e-a849.gspb_iconsList .gspb_iconsList__item svg path{fill:#2184f9!important}#gspb_iconsList-id-gsbp-5e64358e-a849.gspb_iconsList [data-id='0'] svg,#gspb_iconsList-id-gsbp-5e64358e-a849.gspb_iconsList [data-id='0'] svg path{fill:#01d486!important}#gspb_iconsList-id-gsbp-5e64358e-a849.gspb_iconsList [data-id='0'] svg,body #gspb_iconsList-id-gsbp-5e64358e-a849.gspb_iconsList .gspb_iconsList__item img,body #gspb_iconsList-id-gsbp-5e64358e-a849.gspb_iconsList .gspb_iconsList__item svg,body #gspb_iconsList-id-gsbp-c1e965ef-713b.gspb_iconsList .gspb_iconsList__item img,body #gspb_iconsList-id-gsbp-c1e965ef-713b.gspb_iconsList .gspb_iconsList__item svg{margin:0!important}#gspb_iconsList-id-gsbp-5e64358e-a849.gspb_iconsList [data-id='1'] svg,#gspb_iconsList-id-gsbp-5e64358e-a849.gspb_iconsList [data-id='1'] svg path{fill:#01d486!important}#gspb_iconsList-id-gsbp-5e64358e-a849.gspb_iconsList [data-id='1'] svg{margin:0!important}#gspb_iconsList-id-gsbp-5e64358e-a849.gspb_iconsList [data-id='2'] svg,#gspb_iconsList-id-gsbp-5e64358e-a849.gspb_iconsList [data-id='2'] svg path{fill:#01d486!important}#gspb_iconsList-id-gsbp-5e64358e-a849.gspb_iconsList [data-id='2'] svg{margin:0!important}#gspb_iconsList-id-gsbp-5e64358e-a849.gspb_iconsList [data-id='3'] svg,#gspb_iconsList-id-gsbp-5e64358e-a849.gspb_iconsList [data-id='3'] svg path{fill:#01d486!important}#gspb_iconsList-id-gsbp-5e64358e-a849.gspb_iconsList [data-id='3'] svg{margin:0!important}#gspb_iconsList-id-gsbp-5e64358e-a849.gspb_iconsList [data-id='4'] svg,#gspb_iconsList-id-gsbp-5e64358e-a849.gspb_iconsList [data-id='4'] svg path{fill:#01d486!important}#gspb_iconsList-id-gsbp-5e64358e-a849.gspb_iconsList [data-id='4'] svg{margin:0!important}#gspb_iconsList-id-gsbp-5e64358e-a849.gspb_iconsList [data-id='5'] svg,#gspb_iconsList-id-gsbp-5e64358e-a849.gspb_iconsList [data-id='5'] svg path{fill:#01d486!important}#gspb_iconsList-id-gsbp-5e64358e-a849.gspb_iconsList [data-id='5'] svg{margin:0!important}#gspb_iconsList-id-gsbp-5e64358e-a849.gspb_iconsList [data-id='6'] svg,#gspb_iconsList-id-gsbp-5e64358e-a849.gspb_iconsList [data-id='6'] svg path{fill:#01d486!important}#gspb_iconsList-id-gsbp-5e64358e-a849.gspb_iconsList [data-id='6'] svg{margin:0!important}#gspb_iconsList-id-gsbp-5e64358e-a849.gspb_iconsList [data-id='7'] svg,#gspb_iconsList-id-gsbp-5e64358e-a849.gspb_iconsList [data-id='7'] svg path{fill:#01d486!important}#gspb_iconsList-id-gsbp-5e64358e-a849.gspb_iconsList [data-id='7'] svg{margin:0!important}#gspb_iconsList-id-gsbp-5e64358e-a849.gspb_iconsList [data-id='8'] svg,#gspb_iconsList-id-gsbp-5e64358e-a849.gspb_iconsList [data-id='8'] svg path{fill:#01d486!important}#gspb_iconsList-id-gsbp-5e64358e-a849.gspb_iconsList [data-id='8'] svg{margin:0!important}#gspb_iconsList-id-gsbp-5e64358e-a849.gspb_iconsList [data-id='9'] svg,#gspb_iconsList-id-gsbp-5e64358e-a849.gspb_iconsList [data-id='9'] svg path{fill:#01d486!important}#gspb_iconsList-id-gsbp-5e64358e-a849.gspb_iconsList [data-id='9'] svg{margin:0!important}#gspb_iconsList-id-gsbp-5e64358e-a849.gspb_iconsList [data-id='10'] svg,#gspb_iconsList-id-gsbp-5e64358e-a849.gspb_iconsList [data-id='10'] svg path{fill:#01d486!important}#gspb_iconsList-id-gsbp-5e64358e-a849.gspb_iconsList [data-id='10'] svg{margin:0!important}#gspb_iconsList-id-gsbp-5e64358e-a849.gspb_iconsList [data-id='11'] svg,#gspb_iconsList-id-gsbp-5e64358e-a849.gspb_iconsList [data-id='11'] svg path{fill:#01d486!important}#gspb_iconsList-id-gsbp-5e64358e-a849.gspb_iconsList [data-id='11'] svg{margin:0!important}#gspb_iconsList-id-gsbp-5e64358e-a849.gspb_iconsList [data-id='12'] svg,#gspb_iconsList-id-gsbp-5e64358e-a849.gspb_iconsList [data-id='12'] svg path{fill:#01d486!important}#gspb_iconsList-id-gsbp-5e64358e-a849.gspb_iconsList [data-id='12'] svg{margin:0!important}#gspb_iconsList-id-gsbp-c1e965ef-713b.gspb_iconsList .gspb_iconsList__item__text{margin-left:15px}#gspb_iconsList-id-gsbp-c1e965ef-713b.gspb_iconsList .gspb_iconsList__item{display:flex;flex-direction:row;align-items:center;position:relative}#gspb_iconsList-id-gsbp-c1e965ef-713b.gspb_iconsList .gspb_iconsList__item svg path{fill:#2184f9!important}#gspb_iconsList-id-gsbp-c1e965ef-713b.gspb_iconsList [data-id='0'] svg,#gspb_iconsList-id-gsbp-c1e965ef-713b.gspb_iconsList [data-id='0'] svg path{fill:#01d486!important}#gspb_iconsList-id-gsbp-c1e965ef-713b.gspb_iconsList [data-id='0'] svg{margin:0!important}#gspb_iconsList-id-gsbp-c1e965ef-713b.gspb_iconsList [data-id='1'] svg,#gspb_iconsList-id-gsbp-c1e965ef-713b.gspb_iconsList [data-id='1'] svg path{fill:#01d486!important}#gspb_iconsList-id-gsbp-c1e965ef-713b.gspb_iconsList [data-id='1'] svg{margin:0!important}#gspb_iconsList-id-gsbp-c1e965ef-713b.gspb_iconsList [data-id='2'] svg,#gspb_iconsList-id-gsbp-c1e965ef-713b.gspb_iconsList [data-id='2'] svg path{fill:#01d486!important}#gspb_iconsList-id-gsbp-c1e965ef-713b.gspb_iconsList [data-id='2'] svg{margin:0!important}#gspb_iconsList-id-gsbp-c1e965ef-713b.gspb_iconsList [data-id='3'] svg,#gspb_iconsList-id-gsbp-c1e965ef-713b.gspb_iconsList [data-id='3'] svg path{fill:#01d486!important}#gspb_iconsList-id-gsbp-c1e965ef-713b.gspb_iconsList [data-id='3'] svg{margin:0!important}#gspb_iconsList-id-gsbp-c1e965ef-713b.gspb_iconsList [data-id='4'] svg,#gspb_iconsList-id-gsbp-c1e965ef-713b.gspb_iconsList [data-id='4'] svg path{fill:#01d486!important}#gspb_iconsList-id-gsbp-c1e965ef-713b.gspb_iconsList [data-id='4'] svg{margin:0!important}#gspb_iconsList-id-gsbp-c1e965ef-713b.gspb_iconsList [data-id='5'] svg,#gspb_iconsList-id-gsbp-c1e965ef-713b.gspb_iconsList [data-id='5'] svg path{fill:#01d486!important}#gspb_iconsList-id-gsbp-c1e965ef-713b.gspb_iconsList [data-id='5'] svg{margin:0!important}#gspb_iconsList-id-gsbp-c1e965ef-713b.gspb_iconsList [data-id='6'] svg,#gspb_iconsList-id-gsbp-c1e965ef-713b.gspb_iconsList [data-id='6'] svg path{fill:#01d486!important}#gspb_iconsList-id-gsbp-c1e965ef-713b.gspb_iconsList [data-id='6'] svg{margin:0!important}","footnotes":""},"class_list":["post-2161","page","type-page","status-publish","hentry"],"_links":{"self":[{"href":"https:\/\/www.climatesigns.nl\/de\/wp-json\/wp\/v2\/pages\/2161","targetHints":{"allow":["GET"]}}],"collection":[{"href":"https:\/\/www.climatesigns.nl\/de\/wp-json\/wp\/v2\/pages"}],"about":[{"href":"https:\/\/www.climatesigns.nl\/de\/wp-json\/wp\/v2\/types\/page"}],"author":[{"embeddable":true,"href":"https:\/\/www.climatesigns.nl\/de\/wp-json\/wp\/v2\/users\/3"}],"replies":[{"embeddable":true,"href":"https:\/\/www.climatesigns.nl\/de\/wp-json\/wp\/v2\/comments?post=2161"}],"version-history":[{"count":2,"href":"https:\/\/www.climatesigns.nl\/de\/wp-json\/wp\/v2\/pages\/2161\/revisions"}],"predecessor-version":[{"id":2163,"href":"https:\/\/www.climatesigns.nl\/de\/wp-json\/wp\/v2\/pages\/2161\/revisions\/2163"}],"wp:attachment":[{"href":"https:\/\/www.climatesigns.nl\/de\/wp-json\/wp\/v2\/media?parent=2161"}],"curies":[{"name":"wp","href":"https:\/\/api.w.org\/{rel}","templated":true}]}}