{"id":2093,"date":"2023-11-22T11:38:56","date_gmt":"2023-11-22T10:38:56","guid":{"rendered":"https:\/\/www.climatesigns.nl\/todos-los-beneficios\/"},"modified":"2024-09-24T09:25:09","modified_gmt":"2024-09-24T07:25:09","slug":"todos-los-beneficios","status":"publish","type":"page","link":"https:\/\/www.climatesigns.nl\/es\/todos-los-beneficios\/","title":{"rendered":"Todos los beneficios"},"content":{"rendered":"\n<div class=\"wp-block-group alignwide is-layout-constrained wp-block-group-is-layout-constrained\">\n<div class=\"wp-block-columns alignwide is-layout-flex wp-container-core-columns-is-layout-9d6595d7 wp-block-columns-is-layout-flex\">\n<div class=\"wp-block-column is-layout-flow wp-block-column-is-layout-flow\">\n<figure class=\"wp-block-image\"><img decoding=\"async\" src=\"https:\/\/lh7-us.googleusercontent.com\/6_7WZqE_T2FmILIMZMZZXoklG23uEudhjWn9FH7NPiHMWUMEzsMM9HOQoUbfLH8il6aaIFFMgDgwFPvs8KwryYeHV8CQKJeoT4p2GaetaJ8U7-n1qeCoEZqx5SRnrw5qXrM_3EnkUmlhXZhXNMELCtU\" alt=\"\"\/><\/figure>\n\n\n\n<figure class=\"wp-block-image aligncenter\"><img decoding=\"async\" src=\"https:\/\/lh7-us.googleusercontent.com\/ue7_mEyeXTj42f8_gtI_7jmu6RD5ENDxUSjvqOdeTgXghQYhft1iL9JAIHIPKT2fd1wR12DKMgyGe45r_Qbg36xkdRmFv8b3la_Ug2wWgk051gMp6B9Xi7AR75VwKYUGFDs1230s9ee6y33V9MUbd_4\" alt=\"Imagen con tabla Descripci\u00f3n generada autom\u00e1ticamente\"\/><\/figure>\n<\/div>\n\n\n\n<div class=\"wp-block-column is-layout-flow wp-block-column-is-layout-flow\">\n<h2 class=\"wp-block-heading\" id=\"duurzaamheid\">Sostenibilidad<\/h2>\n\n\n\n<p>Nuestra visi\u00f3n es un mundo sostenible y circular.\nUn mundo en el que reutilicemos lo que tenemos en uso, importemos menos y busquemos soluciones y materias primas locales.\nEn todo lo que hacemos, tenemos en cuenta el impacto medioambiental de nuestros productos y nuestro proceso de producci\u00f3n.  <br><\/p>\n\n\n\n<p>En Holanda producimos cada a\u00f1o 1.650 millones de kg de residuos pl\u00e1sticos. De ellos, 990 millones de kg (60%) se siguen incinerando, 41 millones de kg (2,5%) acaban en la naturaleza y 248 millones de kg (15%) se reciclan. Procesar pl\u00e1stico en una incineradora de residuos caus\u00f3 770 millones de kg de emisiones de CO<sub>2<\/sub> en 2017; <br><\/p>\n\n\n\n<p>Nuestra visi\u00f3n es un mundo sostenible y circular.\nUn mundo en el que reutilicemos lo que tenemos en uso, importemos menos y busquemos soluciones y materias primas locales.\nEn todo lo que hacemos, tenemos en cuenta el impacto medioambiental de nuestros productos y nuestro proceso de producci\u00f3n.  <br><\/p>\n\n\n\n<p>Climate Signs s\u00f3lo utiliza materias primas recicladas de alta calidad, manteni\u00e9ndolas valiosas en la cadena y reutiliz\u00e1ndolas.<br><\/p>\n\n\n\n<p><br><strong>\u00bfEs duradero un producto hecho de pl\u00e1stico?<\/strong><\/p>\n\n\n\n<p>Fabricamos nuestros productos a partir de residuos de alta calidad procedentes de los flujos de residuos del Reciclaje Postconsumo y del Reciclaje Postindustrial.\nAl no utilizar nuevas materias primas petrol\u00edferas (f\u00f3siles), fabricamos productos 100% sostenibles.   <\/p>\n\n\n\n<p><strong>Productos de Climate Signs:<\/strong><\/p>\n\n\n\n<ul class=\"wp-block-list\">\n<li>Duran m\u00e1s que las alternativas innovadoras;<\/li>\n\n\n\n<li>Ahorro de materias primas primarias, mediante el uso del 100% de materiales reciclados;<\/li>\n\n\n\n<li>Garantizar que las materias primas de alta calidad se salvaguardan para las generaciones futuras.\nNuestros productos pueden reciclarse al 100%. <\/li>\n<\/ul>\n\n\n\n<p><strong>Se\u00f1al de tr\u00e1fico de impacto ambiental:<\/strong><\/p>\n\n\n\n<p>Por una se\u00f1al de tr\u00e1fico de 1000 x 1000 mm, ahorrar\u00e1s <strong>49,13<\/strong> kg de emisiones de CO<sub>2<\/sub> utilizando una se\u00f1al de tr\u00e1fico BRS reciclada de Climate Signs en lugar de una nueva de aluminio.<\/p>\n\n\n\n<p>12 piezas de se\u00f1alizaci\u00f3n vial BRS-Sign equivalen a 1 vuelo de ida y vuelta a Par\u00eds en t\u00e9rminos de ahorro de emisiones de CO<sub>2<\/sub> en comparaci\u00f3n con el aluminio nuevo.<\/p>\n\n\n\n<p><strong>Medir la sostenibilidad:<\/strong><\/p>\n\n\n\n<p>La evaluaci\u00f3n del ciclo de vida (ECV) es un m\u00e9todo de c\u00e1lculo para determinar universalmente el impacto medioambiental de un producto.\nClimate Signs es el \u00fanico proveedor de se\u00f1ales de tr\u00e1fico de los Pa\u00edses Bajos que ha realizado un estudio de ACV de categor\u00eda 1.\nEn la secci\u00f3n de impacto ambiental compartimos los resultados.    <\/p>\n\n\n\n<p><strong>\u00bfY los micropl\u00e1sticos?<\/strong><\/p>\n\n\n\n<p>Lo \u00fanico que se a\u00f1ade a nuestros productos es un colorante de base biol\u00f3gica y un estabilizador de UV.\nPara el color negro o gris oscuro, ni siquiera se a\u00f1ade colorante.\nEl estabilizador UV garantiza que nuestros productos no se decoloren y, por tanto, no se degraden debido a la radiaci\u00f3n UV.\nLos mayores contribuyentes a los micropl\u00e1sticos en Holanda son los cosm\u00e9ticos y el uso de lavadoras (de la ropa), la pintura y los neum\u00e1ticos (desgaste de los neum\u00e1ticos).   <\/p>\n<\/div>\n<\/div>\n<\/div>\n\n\n\n<div style=\"height:100px\" aria-hidden=\"true\" class=\"wp-block-spacer\"><\/div>\n\n\n\n<div class=\"wp-block-group alignwide is-layout-constrained wp-block-group-is-layout-constrained\">\n<div class=\"wp-block-columns alignwide is-layout-flex wp-container-core-columns-is-layout-9d6595d7 wp-block-columns-is-layout-flex\">\n<div class=\"wp-block-column is-layout-flow wp-block-column-is-layout-flow\">\n<h2 class=\"wp-block-heading\" id=\"circulariteit\"><strong>Circularidad<\/strong><\/h2>\n\n\n\n<p><strong>Programa de reciclaje de pl\u00e1sticos de Climate Signs<\/strong><\/p>\n\n\n\n<p><strong>Servicio de recogida de residuos pl\u00e1sticos para la fabricaci\u00f3n de se\u00f1ales de tr\u00e1fico circulares.<\/strong><\/p>\n\n\n\n<p>Climate Signs considera su obligaci\u00f3n tratar con cuidado a las personas y al medio ambiente.\nPor eso s\u00f3lo producimos se\u00f1ales de tr\u00e1fico a partir de materias primas pl\u00e1sticas de base biol\u00f3gica o recicladas. <\/p>\n\n\n\n<p>Como queremos evitar que nuestras se\u00f1ales de tr\u00e1fico producidas con alta calidad acaben como material residual en los vertederos ordinarios una vez finalizada su vida t\u00e9cnica, hemos elaborado nuestro propio sistema de devoluci\u00f3n con varios socios de la cadena.  <\/p>\n\n\n\n<p><\/p>\n\n\n\n<p>Por tanto, las se\u00f1ales de tr\u00e1fico suministradas por Climate Signs pueden reciclarse perfectamente dentro de la misma cadena.\nComo resultado, cargamos menos el medio ambiente y tenemos la seguridad de que el 100% de nuestras se\u00f1ales de tr\u00e1fico se reutilizan dentro de la cadena de producci\u00f3n de Climate Signs. <\/p>\n\n\n\n<p><strong>C\u00f3mo:<\/strong><\/p>\n\n\n\n<p>Por cada cliente que elige las innovadoras se\u00f1ales de tr\u00e1fico de Climate Signs, instalamos gratuitamente un contenedor de recogida de reciclaje de se\u00f1ales de tr\u00e1fico de 1 m\u00b3. La papelera la coloca un veh\u00edculo el\u00e9ctrico que se carga diariamente con nuestros propios paneles solares. Cuando el contenedor est\u00e1 lleno, lo recogemos sin emisiones de CO<sub>2<\/sub> y colocamos un nuevo contenedor. Las se\u00f1ales de tr\u00e1fico antiguas se almacenan en Climate Signs hasta que haya suficiente material residual para el programa de reciclaje posterior.<\/p>\n\n\n\n<p><\/p>\n\n\n\n<p>Si hay suficiente flujo de retorno, las materias primas de alta calidad se transportan con CO<sub>2<\/sub> neutro a nuestro socio de la cadena circular De Circulaire Plastics Fabriek (CPF) o Kunststof Recycling Nederland (KRN). En nuestros socios de la cadena de reciclaje, las se\u00f1ales de tr\u00e1fico t\u00e9cnicamente depreciadas se procesan mec\u00e1nicamente CO<sub>2<\/sub>-neutralmente en gr\u00e1nulos moldeables por inyecci\u00f3n (regranulado) y se transforman al 100% en nuevas se\u00f1ales de tr\u00e1fico.<\/p>\n\n\n\n<p><\/p>\n\n\n\n<p>Junto con nuestros socios, conectamos cadenas circulares. Desde el reciclaje f\u00edsico, la granulaci\u00f3n hasta un producto final totalmente circular, pasando por el moldeo por inyecci\u00f3n. Durante la fase de desarrollo del producto en Climate Signs, buscamos un dise\u00f1o para el reciclaje y una log\u00edstica neutra en emisiones de CO<sub>2<\/sub>.<\/p>\n\n\n\n<p><\/p>\n\n\n\n<p>\u00c9sta es la mejor parte de nuestro concepto de producto sostenible: un producto sale de la f\u00e1brica y en alg\u00fan momento vuelve para ser reprocesado de nuevo en se\u00f1ales de tr\u00e1fico.\nClimate Signs y The Circular Plastics Factory pretenden convertir el mayor n\u00famero posible de materiales residuales en aplicaciones de alta calidad, utilizando el material original tanto como sea posible.   <\/p>\n\n\n\n<p><\/p>\n\n\n\n<p>Como la separaci\u00f3n de residuos pl\u00e1sticos est\u00e1 organizada de forma muy eficiente en Holanda y todos nuestros productos llevan un c\u00f3digo QR de materia prima o un c\u00f3digo de reciclaje de pl\u00e1stico, nuestras se\u00f1ales de tr\u00e1fico de pl\u00e1stico se separan f\u00e1cilmente por tipo de pl\u00e1stico en el flujo de residuos habituales y se reutilizan al 100% en otro proceso de producci\u00f3n.  <\/p>\n<\/div>\n\n\n\n<div class=\"wp-block-column is-layout-flow wp-block-column-is-layout-flow\">\n<p><strong>C\u00f3digo QR como aparece en los carteles:<\/strong><\/p>\n\n\n\n<p><strong>Materia prima reciclada de ABS Materia prima reciclada de ABS<\/strong><br><\/p>\n\n\n\n<figure class=\"wp-block-image aligncenter\"><img decoding=\"async\" src=\"https:\/\/lh7-us.googleusercontent.com\/66NgDeP6pAmnvuAjIZ68Mvftbfa4wZbb1tczCBewSw_q-5rPo7tcSkQvt_euN9S3Bdg_7SLleo5je1K53NHaI6TtFresJ7fOA0j7rL5UHfzB9Q7VqoM1OaLTObqZaBDvLyto3nJHfH7JYa2z7gD56zc\" alt=\"\"\/><\/figure>\n\n\n\n<p><br><strong>C\u00f3digo de reciclaje de pl\u00e1sticos, tal como aparece en los carteles:<\/strong><\/p>\n\n\n\n<ol class=\"wp-block-list\">\n<li><img decoding=\"async\" width=\"126\" height=\"153\" src=\"https:\/\/lh7-us.googleusercontent.com\/7YQ60R5uFzsvMXkYz-VBjwUM1ucuNQvawy7_y7rihsOJTdGo1_55SZebkHfdPF8nFh9Re2w3nnkTNR1ntrIJPpExyes5N7Iv7tzpiFzNNedY2-7dWVtFKoEhGTsy9DKQnuQHRCAa5eGhm6SOKIL6VXA\"><strong> <\/strong><\/li>\n\n\n\n<li><strong>Sistema de retorno:<\/strong><\/li>\n<\/ol>\n\n\n\n<p>Con la introducci\u00f3n de la norma de calidad CS\u00a9 de Climate Signs, las autoridades viarias pueden hacer una elecci\u00f3n bien meditada en favor de la sostenibilidad y la reutilizaci\u00f3n circular de las se\u00f1ales de tr\u00e1fico exteriores t\u00e9cnicamente obsoletas. Con el sistema de devoluci\u00f3n CS, ampliamos el ciclo de vida de las materias primas existentes y reducimos<sub> <\/sub>las emisiones de CO<sub>2<\/sub> dentro de las cadenas de producci\u00f3n y distribuci\u00f3n existentes.<\/p>\n\n\n\n<p>Climate Signs aboga por el desarrollo de productos sostenibles, la consecuci\u00f3n de una sociedad neutra en emisiones de CO<sub>2<\/sub> y la introducci\u00f3n de innovaciones socialmente relevantes en relaci\u00f3n con el espacio exterior en continuo cambio.<\/p>\n\n\n\n<p><strong>Objetivos:<\/strong><\/p>\n\n\n\n<ul class=\"wp-block-list\">\n<li>Reutiliza los residuos de las cadenas existentes con eficacia y calidad;<\/li>\n\n\n\n<li>Sustituir las materias primas f\u00f3siles, cr\u00edticas y producidas de forma insostenible (aluminio) por materias primas biol\u00f3gicas y recicladas;<\/li>\n\n\n\n<li>Los productos se dise\u00f1an circularmente.<\/li>\n<\/ul>\n\n\n\n<p><strong>Perseguir un proceso de producci\u00f3n circular con retenci\u00f3n de valor para todos nuestros residuos pl\u00e1sticos.<\/strong><\/p>\n\n\n\n<p>Puntos de partida:<\/p>\n\n\n\n<ul class=\"wp-block-list\">\n<li>La realizaci\u00f3n de un flujo residual limpio (separaci\u00f3n interna de residuos por familias de recursos)  <\/li>\n\n\n\n<li>Centrarse en la retenci\u00f3n del valor de la materia prima;<\/li>\n\n\n\n<li>Centrarse en el uso circular del re-granulado en la producci\u00f3n de nuevas se\u00f1ales de tr\u00e1fico.<\/li>\n<\/ul>\n\n\n\n<p>La conservaci\u00f3n del valor de las materias primas es un elemento esencial de nuestro proceso circular.\nCreemos que el material residual de grado A debe reutilizarse como granulado de grado A para evitar la \u00abdegradaci\u00f3n\u00bb del material.\nEn consecuencia, nos esforzamos por encontrar soluciones a medida dentro de nuestro programa de reciclaje de pl\u00e1sticos.  <\/p>\n\n\n\n<ol start=\"3\" class=\"wp-block-list\">\n<li><strong>Nuestro objetivo es la circularidad y la retenci\u00f3n del valor de los flujos residuales.  <\/strong><\/li>\n\n\n\n<li><\/li>\n\n\n\n<li><strong>Reglas de juego del programa de reciclado de pl\u00e1sticos Climate Signs<\/strong><\/li>\n<\/ol>\n\n\n\n<p>Te proporcionamos cajas de reciclaje con una capacidad de 1 m\u00b3 en las que se recoge el material residual.  <\/p>\n\n\n\n<p>Evidentemente, hay algunas \u00abnormas b\u00e1sicas\u00bb al respecto:<\/p>\n\n\n\n<ol class=\"wp-block-list\">\n<li>S\u00f3lo se recoger\u00e1n los materiales pl\u00e1sticos suministrados por nosotros;<\/li>\n\n\n\n<li>Est\u00e1 terminantemente prohibido depositar otros materiales de desecho, como madera, aluminio, etc., en las cajas de reciclaje;<\/li>\n\n\n\n<li>En cuanto la(s) caja(s) de reciclaje est\u00e9(n) llena(s), ponte en contacto con tu persona de contacto en Climate Signs. Se asegurar\u00e1 de que las cajas de reciclaje se vac\u00eden de forma neutra para el CO<sub>2<\/sub>;<\/li>\n\n\n\n<li>Al llenar la(s) caja(s) de reciclaje, se espera que los materiales residuales se apilen en la(s) caja(s) de la forma m\u00e1s eficiente posible.\nPreferiblemente, no deben introducirse en las cajas materiales residuales que sobresalgan; <\/li>\n\n\n\n<li>Para que el proceso circular sea un \u00e9xito, se espera que todos los empleados implicados conozcan los acuerdos circulares anteriores.  <\/li>\n<\/ol>\n\n\n\n<p>Si las cajas de reciclaje no se presentan de acuerdo con estas reglas b\u00e1sicas, Climate Signs lamentablemente no podr\u00e1 aceptarlas.\nPor ello, es importante que tus empleados est\u00e9n informados de estas reglas del juego. <\/p>\n\n\n\n<p>La realizaci\u00f3n de un flujo residual limpio es nuestro punto de partida en el reciclaje de pl\u00e1sticos.\nPara garantizar este flujo de residuos limpios a nuestros socios de reciclaje, son necesarias las reglas del juego anteriores. <\/p>\n\n\n\n<p>S\u00f3lo trabajando juntos dentro de la cadena podremos profesionalizar el proceso y ofrecernos m\u00e1s flexibilidad y decisi\u00f3n dentro del proceso circular\/de reciclaje.<br><\/p>\n\n\n\n<div class=\"wp-block-buttons is-content-justification-center is-layout-flex wp-container-core-buttons-is-layout-5590e8cb wp-block-buttons-is-layout-flex\">\n<div class=\"wp-block-button\"><a class=\"wp-block-button__link has-primary-background-color has-background has-text-align-left wp-element-button\" href=\"https:\/\/www.climatesigns.nl\/contact\/\" style=\"border-radius:6px\">Inscr\u00edbete<\/a><\/div>\n<\/div>\n<\/div>\n<\/div>\n<\/div>\n\n\n\n<div style=\"height:100px\" aria-hidden=\"true\" class=\"wp-block-spacer\"><\/div>\n\n\n\n<div class=\"wp-block-group alignwide is-layout-constrained wp-block-group-is-layout-constrained\">\n<div class=\"wp-block-columns alignwide is-layout-flex wp-container-core-columns-is-layout-9d6595d7 wp-block-columns-is-layout-flex\">\n<div class=\"wp-block-column is-layout-flow wp-block-column-is-layout-flow\">\n<figure class=\"wp-block-image\"><img decoding=\"async\" src=\"https:\/\/lh7-us.googleusercontent.com\/GFtLyALamBNvHHkc_lUhf_N4IjOq2y2aOaTsWdAojXXyuWPzsAFEmffqorjxkZaEhIhp1_xgGBHxYDzedZacnT6aONWKGP5oY5zNAAH5ewX-EbNT1Dfmrgptt-7K2ZxD9xZPIWVwSxeG3qDVFVvpO2g\" alt=\"Imagen con tabla Descripci\u00f3n generada autom\u00e1ticamente\"\/><\/figure>\n<\/div>\n\n\n\n<div class=\"wp-block-column is-layout-flow wp-block-column-is-layout-flow\">\n<h2 class=\"wp-block-heading\" id=\"kwaliteit\">Calidad<\/h2>\n\n\n\n<p>Las se\u00f1ales de tr\u00e1fico de Climate Signs se fabrican al 100% con materias primas biol\u00f3gicas o circulares, y la producci\u00f3n de nuestros soportes sostenibles es completamente neutra en C02 (energ\u00eda solar).  <\/p>\n\n\n\n<p>Cualquier autoridad vial que opte por la sostenibilidad acabar\u00e1 utilizando las innovadoras se\u00f1ales de tr\u00e1fico de Climate Signs.\nPara hacer la transici\u00f3n ecol\u00f3gica con las se\u00f1ales de tr\u00e1fico, es muy importante que ofrezcamos una calidad comparable a la del aluminio.\nComo las se\u00f1ales de tr\u00e1fico de nido de abeja de Climate Signs son la \u00fanica alternativa al aluminio que cuenta con la certificaci\u00f3n CE, podemos ofrecer la calidad descrita en las normas EN12899:2007 y NEN 3381.  <\/p>\n\n\n\n<p>El soporte de una se\u00f1al de tr\u00e1fico es s\u00f3lo una parte de la se\u00f1al de tr\u00e1fico.\nLa parte m\u00e1s importante de la se\u00f1al de tr\u00e1fico es la Signface (superficie pict\u00f3rica) fijada a ella.   <\/p>\n\n\n\n<p>Como s\u00f3lo queremos la m\u00e1xima calidad de entrega para las se\u00f1ales de tr\u00e1fico de Se\u00f1ales Clim\u00e1ticas, hemos elegido la tecnolog\u00eda de impresi\u00f3n con pel\u00edcula de clase de reflexi\u00f3n III al producir la cara de la se\u00f1al.  <\/p>\n\n\n\n<p><strong>Pel\u00edcula reflectante:<\/strong><\/p>\n\n\n\n<p>La pel\u00edcula reflectante en las se\u00f1ales de tr\u00e1fico lleva m\u00e1s de 80 a\u00f1os mejorando significativamente la seguridad vial.\nDado que las se\u00f1ales de tr\u00e1fico deben ser visibles y reconocibles para todos los usuarios de la carretera, en cualquier condici\u00f3n meteorol\u00f3gica, como soporte vertical de informaci\u00f3n, dotamos a nuestras duraderas se\u00f1ales de tr\u00e1fico de nido de abeja de una pel\u00edcula reflectante de clase III de muy alta calidad.\nLa pel\u00edcula retrorreflectante aplicada es muy visible tanto a larga como a corta distancia, y proporciona una visibilidad nocturna \u00f3ptima, lo que se traduce en un 64% menos de accidentes.  <\/p>\n\n\n\n<p>El plano de imagen deber\u00e1 cumplir plenamente los valores m\u00ednimos de retrorreflexi\u00f3n exigidos por la norma DIN 67520-2013:10, tipo RA3A y RA3B, con una funcionalidad \u00f3ptima tanto en \u00e1ngulos de observaci\u00f3n y visualizaci\u00f3n grandes como peque\u00f1os, seg\u00fan la tabla.<\/p>\n<\/div>\n<\/div>\n<\/div>\n\n\n\n<div style=\"height:100px\" aria-hidden=\"true\" class=\"wp-block-spacer\"><\/div>\n\n\n\n<div class=\"wp-block-group alignwide is-layout-constrained wp-block-group-is-layout-constrained\">\n<div class=\"wp-block-columns alignwide is-layout-flex wp-container-core-columns-is-layout-9d6595d7 wp-block-columns-is-layout-flex\">\n<div class=\"wp-block-column is-layout-flow wp-block-column-is-layout-flow\">\n<p><strong>L\u00e1mina de marcado CE:<\/strong><\/p>\n\n\n\n<p>El marcado CE es una declaraci\u00f3n del fabricante de que el producto cumple todas las leyes y normativas aplicables de directivas europeas espec\u00edficas.\nLa l\u00e1mina retrorreflectante aplicada por Climate Signs cumple plenamente la normativa europea sobre productos de construcci\u00f3n.\nLa marca CE y los datos adicionales del producto (n\u00famero de lote y vida \u00fatil) se incluyen como marca de agua en la l\u00e1mina retrorreflectante.  <br><\/p>\n\n\n\n<p><strong>Garant\u00eda ampliada<\/strong><\/p>\n\n\n\n<p>En Climate Signs, vinculamos la calidad con la innovaci\u00f3n y la sostenibilidad.\nLa tecnolog\u00eda de impresi\u00f3n UV ha revolucionado la producci\u00f3n de r\u00f3tulos de se\u00f1alizaci\u00f3n vial (\u00e1rea de imagen).\nComo todos los r\u00f3tulos de Climate Signs se imprimen, la producci\u00f3n genera muchos menos residuos e impacto ambiental que los m\u00e9todos de producci\u00f3n tradicionales.\nComo se utilizan tintas UV sin disolventes respetuosas con el medio ambiente, se garantiza una durabilidad \u00f3ptima.\nPara proteger la l\u00e1mina y la tinta de la radiaci\u00f3n UV y los da\u00f1os, el letrero lleva adem\u00e1s un laminado transparente (bloqueador de UV).\nEl sistema de l\u00e1mina y tinta se compone con cuidado y forma un exclusivo Sistema de Componentes Combinados, que garantiza una calidad muy alta durante mucho tiempo.     <\/p>\n\n\n\n<p>La superficie uniforme de la imagen garantiza adem\u00e1s que la suciedad del tr\u00e1fico y el crecimiento de algas tengan menos probabilidades de adherirse a la se\u00f1al de tr\u00e1fico.\nEn zonas con altos niveles de graffiti o pegado de pegatinas, podemos aplicar una pel\u00edcula especial antigrafiti o antipegatinas.   <br><\/p>\n\n\n\n<p><strong>Impresi\u00f3n digital<\/strong><\/p>\n\n\n\n<p>Las investigaciones cient\u00edficas demuestran que el impacto medioambiental de la impresi\u00f3n digital es aproximadamente un 60% menor que el de la serigraf\u00eda.\nPor tanto, la impresi\u00f3n de r\u00f3tulos es mucho m\u00e1s respetuosa con el medio ambiente que la t\u00e9cnica de producci\u00f3n tradicional de serigraf\u00eda.   <\/p>\n\n\n\n<p>La superficie de la imagen es una pel\u00edcula microprism\u00e1tica.\nEl material de la pel\u00edcula de pol\u00edmero se fabrica utilizando los procesos de producci\u00f3n m\u00e1s \u00f3ptimos, la t\u00e9cnica de microrreplicaci\u00f3n, es autoadhesivo y no contiene disolventes.\nLas l\u00e1minas microprism\u00e1ticas reflectantes hacen rebotar al m\u00e1ximo la luz reflejada hacia la fuente de luz.    <br><\/p>\n\n\n\n<p><strong>Ventajas de la tecnolog\u00eda de impresi\u00f3n:  <\/strong><\/p>\n\n\n\n<ul class=\"wp-block-list\">\n<li>Uso respetuoso con el medio ambiente de tintas UV sin disolventes;<\/li>\n\n\n\n<li>Protecci\u00f3n de la tinta y la pel\u00edcula mediante laminado;<\/li>\n\n\n\n<li>La suciedad (graffiti o dep\u00f3sitos de algas) es f\u00e1cil de eliminar;<\/li>\n\n\n\n<li>Mayor vida \u00fatil econ\u00f3mica y t\u00e9cnica.<\/li>\n<\/ul>\n\n\n\n<p>La cara de se\u00f1alizaci\u00f3n retrorreflectante de Clase III aplicada a la se\u00f1al de tr\u00e1fico de panal est\u00e1 cubierta por una garant\u00eda de 12 a\u00f1os que expira.  <\/p>\n\n\n\n<p>La se\u00f1al de tr\u00e1fico de nido de abeja Climate Signs introduce as\u00ed un nuevo est\u00e1ndar de calidad, unido a una durabilidad m\u00e1xima y un \u00edndice ECO muy favorable.  <\/p>\n\n\n\n<p>Por tanto, todos los r\u00f3tulos cumplen sobradamente la norma europea NEN-EN 12899-1:2007, la norma nacional adicional NEN 3381:2020, el reglamento de aplicaci\u00f3n BABW relativo a las se\u00f1ales de tr\u00e1fico (Besluit Administratieve Bepalingen inzake het Wegverkeer) y el RVV 1990 (Reglement Verkeersregels en Verkeerstekens 1990).  <\/p>\n<\/div>\n\n\n\n<div class=\"wp-block-column is-layout-flow wp-block-column-is-layout-flow\">\n<p><strong>Limpiar la cara del cartel:<\/strong><\/p>\n\n\n\n<p>La suciedad normal puede limpiarse con un cepillo suave o una esponja y aclararse con agua desmineralizada.\nNo es necesario utilizar un producto de limpieza.\nPara las pintadas, utiliza un producto de limpieza no abrasivo que no contenga disolventes fuertes.  <br><\/p>\n\n\n\n<p><strong>Garant\u00eda:<\/strong><\/p>\n\n\n\n<ul class=\"wp-block-list\">\n<li>Adherencia de la superficie de la imagen (l\u00e1mina y laminado) al sustrato en &gt;98% de la superficie;<\/li>\n\n\n\n<li>El valor de retrorreflexi\u00f3n de los r\u00f3tulos impresos sigue cumpliendo la norma DIN 67520:2013:10, tablas 8 y 9;  <\/li>\n\n\n\n<li>La degradaci\u00f3n del color se ajusta a la norma EN-12899-1 Clase de luminancia B2.  <\/li>\n<\/ul>\n\n\n\n<p>Si los r\u00f3tulos no cumplen las condiciones anteriores, suministraremos un r\u00f3tulo de sustituci\u00f3n equivalente, que sea como m\u00ednimo de la misma fecha de producci\u00f3n o posterior.\nSobre una base de amortizaci\u00f3n lineal (garant\u00eda que expira).   <br><\/p>\n\n\n\n<p><strong>Condiciones de la garant\u00eda:<\/strong><\/p>\n\n\n\n<ul class=\"wp-block-list\">\n<li>La se\u00f1al de tr\u00e1fico la monta un contratista o comprador autorizado por Climate Signs;<\/li>\n\n\n\n<li>El sistema de se\u00f1ales de tr\u00e1fico (soporte y fijaciones) se compr\u00f3 a Climate Signs;<\/li>\n\n\n\n<li>La se\u00f1al de tr\u00e1fico se instal\u00f3 de acuerdo con las instrucciones de montaje y colocaci\u00f3n;  <\/li>\n\n\n\n<li>La se\u00f1al de tr\u00e1fico s\u00f3lo se ha utilizado en un lugar;  <\/li>\n\n\n\n<li>En lugares con alta exposici\u00f3n qu\u00edmica, como en regiones costeras y cerca de la industria pesada, puede aplicarse un periodo de garant\u00eda diferente;  <\/li>\n\n\n\n<li>El uso es normal;  <\/li>\n\n\n\n<li>Existe un mantenimiento peri\u00f3dico demostrable conforme a las Normas de Mantenimiento de la VNVF (consulta vnvf.nl\/maintenance-regulations).<\/li>\n<\/ul>\n\n\n\n<p>La producci\u00f3n clim\u00e1ticamente neutra y la materia prima 100% circular o de base biol\u00f3gica de nuestras se\u00f1ales de tr\u00e1fico, junto con la cara impresa de la se\u00f1al, garantizan la se\u00f1al de tr\u00e1fico m\u00e1s sostenible de los Pa\u00edses Bajos.<\/p>\n<\/div>\n<\/div>\n\n\n\n<p><\/p>\n<\/div>\n","protected":false},"excerpt":{"rendered":"<p>Sostenibilidad Nuestra visi\u00f3n es un mundo sostenible y circular. Un mundo en el que reutilicemos lo que tenemos en uso, importemos menos y busquemos soluciones y materias primas locales. En todo lo que hacemos, tenemos en cuenta el impacto medioambiental de nuestros productos y nuestro proceso de producci\u00f3n. En Holanda&#8230;<\/p>\n","protected":false},"author":1,"featured_media":0,"parent":0,"menu_order":0,"comment_status":"closed","ping_status":"closed","template":"page-templates\/no-title.php","meta":{"_gspb_post_css":"","footnotes":""},"class_list":["post-2093","page","type-page","status-publish","hentry"],"_links":{"self":[{"href":"https:\/\/www.climatesigns.nl\/es\/wp-json\/wp\/v2\/pages\/2093","targetHints":{"allow":["GET"]}}],"collection":[{"href":"https:\/\/www.climatesigns.nl\/es\/wp-json\/wp\/v2\/pages"}],"about":[{"href":"https:\/\/www.climatesigns.nl\/es\/wp-json\/wp\/v2\/types\/page"}],"author":[{"embeddable":true,"href":"https:\/\/www.climatesigns.nl\/es\/wp-json\/wp\/v2\/users\/1"}],"replies":[{"embeddable":true,"href":"https:\/\/www.climatesigns.nl\/es\/wp-json\/wp\/v2\/comments?post=2093"}],"version-history":[{"count":3,"href":"https:\/\/www.climatesigns.nl\/es\/wp-json\/wp\/v2\/pages\/2093\/revisions"}],"predecessor-version":[{"id":3680,"href":"https:\/\/www.climatesigns.nl\/es\/wp-json\/wp\/v2\/pages\/2093\/revisions\/3680"}],"wp:attachment":[{"href":"https:\/\/www.climatesigns.nl\/es\/wp-json\/wp\/v2\/media?parent=2093"}],"curies":[{"name":"wp","href":"https:\/\/api.w.org\/{rel}","templated":true}]}}