{"id":2158,"date":"2023-10-06T12:48:04","date_gmt":"2023-10-06T10:48:04","guid":{"rendered":"https:\/\/www.climatesigns.nl\/abs-pc\/"},"modified":"2024-09-19T16:59:55","modified_gmt":"2024-09-19T14:59:55","slug":"abs-pc","status":"publish","type":"page","link":"https:\/\/www.climatesigns.nl\/es\/abs-pc\/","title":{"rendered":"ABS PC"},"content":{"rendered":"\n<div class=\"wp-block-cover alignfull is-light\"><span aria-hidden=\"true\" class=\"wp-block-cover__background has-background-dim-0 has-background-dim\"><\/span><img decoding=\"async\" width=\"1024\" height=\"427\" class=\"wp-block-cover__image-background wp-image-1009\" alt=\"\" src=\"https:\/\/www.climatesigns.nl\/wp-content\/uploads\/2023\/09\/CS_Hero-BG_Type-2-1024x427.jpg\" data-object-fit=\"cover\" srcset=\"https:\/\/www.climatesigns.nl\/wp-content\/uploads\/2023\/09\/CS_Hero-BG_Type-2-1024x427.jpg 1024w, https:\/\/www.climatesigns.nl\/wp-content\/uploads\/2023\/09\/CS_Hero-BG_Type-2-300x125.jpg 300w, https:\/\/www.climatesigns.nl\/wp-content\/uploads\/2023\/09\/CS_Hero-BG_Type-2-768x320.jpg 768w, https:\/\/www.climatesigns.nl\/wp-content\/uploads\/2023\/09\/CS_Hero-BG_Type-2.jpg 1440w\" sizes=\"(max-width: 1024px) 100vw, 1024px\" \/><div class=\"wp-block-cover__inner-container is-layout-flow wp-block-cover-is-layout-flow\">\n<h2 class=\"wp-block-heading has-black-color has-text-color has-xxxl-font-size\" id=\"ik-ben-in-nederland-gemaakt-van-een-hoogwaardig-polymeerblend-abs-acrylonitril-butadieen-styreen-pc-polycarbonaat-regeneraat\" style=\"margin-right:var(--wp--preset--spacing--80);margin-left:var(--wp--preset--spacing--80)\"><br\/>Estoy fabricado en Holanda con una mezcla de pol\u00edmeros de alta calidad ABS (Acrilonitrilo-Butadieno-Estireno) + PC (Policarbonato) regenerado.<\/h2>\n<\/div><\/div>\n\n<h3 class=\"wp-block-heading\" id=\"wat-is-abs-pc-regeneraat\" style=\"padding-top:var(--wp--preset--spacing--60)\">\u00bfQu\u00e9 es el regenerado ABS\/PC?<\/h3>\n\n<p>El regenerado ABS\/PC se refiere a una mezcla (composici\u00f3n) de pl\u00e1sticos ABS\/PC, que est\u00e1 hecha de material 100% reciclado (llamado reciclado).\nLa materia prima se transforma en un nuevo granulado de regenerado moldeable por inyecci\u00f3n dentro del proceso de reciclaje. <\/p>\n\n<h3 class=\"wp-block-heading\" id=\"hoe-wordt-abs-pc-gerecycled\">\u00bfC\u00f3mo se recicla el ABS\/PC?<\/h3>\n\n<p>Cuando una planta de reciclaje de pl\u00e1stico recibe pl\u00e1stico, se trituran todas las unidades de pl\u00e1stico.\nDespu\u00e9s, todos los dem\u00e1s contaminantes, como metales y pl\u00e1sticos no deseados, se filtran mediante un sistema de agua a distintas velocidades.\nAl final, queda un flujo de materia prima pura de pl\u00e1stico ABS\/PC.  <\/p>\n\n<h3 class=\"wp-block-heading\" id=\"hoe-en-waar-wordt-abs-pc-gebruikt\">\u00bfC\u00f3mo y d\u00f3nde se utiliza el ABS\/PC?<\/h3>\n\n<p>Como el ABS\/PC es un pl\u00e1stico muy el\u00e1stico y resistente a los impactos, se utiliza para:<\/p>\n\n<ul class=\"wp-block-list\">\n<li>Teclado de ordenador;<\/li>\n\n\n\n<li>Ordenadores de vivienda;<\/li>\n\n\n\n<li>Paneles de instrumentos;<\/li>\n\n\n\n<li>Alojamiento de herramientas el\u00e9ctricas;<\/li>\n\n\n\n<li>Fotogramas de TV;<\/li>\n\n\n\n<li>Componentes inform\u00e1ticos;<\/li>\n\n\n\n<li>Piezas de autom\u00f3vil;<\/li>\n\n\n\n<li>Maletas;<\/li>\n\n\n\n<li>Aplicaciones en aviones;<\/li>\n\n\n\n<li>Dispositivos m\u00f3viles;<\/li>\n\n\n\n<li>Sillas, mesas, contenedores, etc.<\/li>\n<\/ul>\n\n<h3 class=\"wp-block-heading\" id=\"wat-zijn-de-eigenschappen-van-abs-pc\">\u00bfCu\u00e1les son las propiedades del ABS\/PC?<\/h3>\n\n<div class=\"wp-block-greenshift-blocks-iconlist gspb_iconsList gspb_iconsList-id-gsbp-5e64358e-a849\" id=\"gspb_iconsList-id-gsbp-5e64358e-a849\"><div class=\"gspb_iconsList__item\" data-id=\"0\"><svg xmlns=\"http:\/\/www.w3.org\/2000\/svg\" class=\"\" style=\"display:inline-block;vertical-align:middle\" width=\"18\" height=\"18\" viewbox=\"0 0 1024 1024\"><path style=\"fill:#565D66\" d=\"M871.696 166.932l-526.088 526.088-193.304-193.304c-9.372-9.372-24.568-9.372-33.942 0l-56.568 56.568c-9.372 9.372-9.372 24.568 0 33.942l266.842 266.842c9.372 9.372 24.568 9.372 33.942 0l599.626-599.626c9.372-9.372 9.372-24.568 0-33.942l-56.568-56.568c-9.372-9.372-24.568-9.372-33.94 0z\"><\/path><\/svg><span class=\"gspb_iconsList__item__text\">El ABS\/PC tiene una gran resistencia al impacto, incluso a bajas temperaturas;<\/span><\/div><div class=\"gspb_iconsList__item\" data-id=\"1\"><svg xmlns=\"http:\/\/www.w3.org\/2000\/svg\" class=\"\" style=\"display:inline-block;vertical-align:middle\" width=\"18\" height=\"18\" viewbox=\"0 0 1024 1024\"><path style=\"fill:#565D66\" d=\"M871.696 166.932l-526.088 526.088-193.304-193.304c-9.372-9.372-24.568-9.372-33.942 0l-56.568 56.568c-9.372 9.372-9.372 24.568 0 33.942l266.842 266.842c9.372 9.372 24.568 9.372 33.942 0l599.626-599.626c9.372-9.372 9.372-24.568 0-33.942l-56.568-56.568c-9.372-9.372-24.568-9.372-33.94 0z\"><\/path><\/svg><span class=\"gspb_iconsList__item__text\">El ABS\/PC tiene una gran rigidez, es funcionalmente flexible y puede absorber la energ\u00eda de los impactos;<\/span><\/div><div class=\"gspb_iconsList__item\" data-id=\"2\"><svg xmlns=\"http:\/\/www.w3.org\/2000\/svg\" class=\"\" style=\"display:inline-block;vertical-align:middle\" width=\"18\" height=\"18\" viewbox=\"0 0 1024 1024\"><path style=\"fill:#565D66\" d=\"M871.696 166.932l-526.088 526.088-193.304-193.304c-9.372-9.372-24.568-9.372-33.942 0l-56.568 56.568c-9.372 9.372-9.372 24.568 0 33.942l266.842 266.842c9.372 9.372 24.568 9.372 33.942 0l599.626-599.626c9.372-9.372 9.372-24.568 0-33.942l-56.568-56.568c-9.372-9.372-24.568-9.372-33.94 0z\"><\/path><\/svg><span class=\"gspb_iconsList__item__text\">La deformaci\u00f3n del ABS\/PC bajo tensi\u00f3n mec\u00e1nica es insignificante;<\/span><\/div><div class=\"gspb_iconsList__item\" data-id=\"3\"><svg xmlns=\"http:\/\/www.w3.org\/2000\/svg\" class=\"\" style=\"display:inline-block;vertical-align:middle\" width=\"18\" height=\"18\" viewbox=\"0 0 1024 1024\"><path style=\"fill:#565D66\" d=\"M871.696 166.932l-526.088 526.088-193.304-193.304c-9.372-9.372-24.568-9.372-33.942 0l-56.568 56.568c-9.372 9.372-9.372 24.568 0 33.942l266.842 266.842c9.372 9.372 24.568 9.372 33.942 0l599.626-599.626c9.372-9.372 9.372-24.568 0-33.942l-56.568-56.568c-9.372-9.372-24.568-9.372-33.94 0z\"><\/path><\/svg><span class=\"gspb_iconsList__item__text\">El ABS tiene una resistencia al impacto muy alta, hasta -30 grados;<\/span><\/div><div class=\"gspb_iconsList__item\" data-id=\"4\"><svg xmlns=\"http:\/\/www.w3.org\/2000\/svg\" class=\"\" style=\"display:inline-block;vertical-align:middle\" width=\"18\" height=\"18\" viewbox=\"0 0 1024 1024\"><path style=\"fill:#565D66\" d=\"M871.696 166.932l-526.088 526.088-193.304-193.304c-9.372-9.372-24.568-9.372-33.942 0l-56.568 56.568c-9.372 9.372-9.372 24.568 0 33.942l266.842 266.842c9.372 9.372 24.568 9.372 33.942 0l599.626-599.626c9.372-9.372 9.372-24.568 0-33.942l-56.568-56.568c-9.372-9.372-24.568-9.372-33.94 0z\"><\/path><\/svg><span class=\"gspb_iconsList__item__text\">El ABS\/PC es resistente al calor;<\/span><\/div><div class=\"gspb_iconsList__item\" data-id=\"5\"><svg xmlns=\"http:\/\/www.w3.org\/2000\/svg\" class=\"\" style=\"display:inline-block;vertical-align:middle\" width=\"18\" height=\"18\" viewbox=\"0 0 1024 1024\"><path style=\"fill:#565D66\" d=\"M871.696 166.932l-526.088 526.088-193.304-193.304c-9.372-9.372-24.568-9.372-33.942 0l-56.568 56.568c-9.372 9.372-9.372 24.568 0 33.942l266.842 266.842c9.372 9.372 24.568 9.372 33.942 0l599.626-599.626c9.372-9.372 9.372-24.568 0-33.942l-56.568-56.568c-9.372-9.372-24.568-9.372-33.94 0z\"><\/path><\/svg><span class=\"gspb_iconsList__item__text\">El ABS\/PC es resistente a los ara\u00f1azos;<\/span><\/div><div class=\"gspb_iconsList__item\" data-id=\"6\"><svg xmlns=\"http:\/\/www.w3.org\/2000\/svg\" class=\"\" style=\"display:inline-block;vertical-align:middle\" width=\"18\" height=\"18\" viewbox=\"0 0 1024 1024\"><path style=\"fill:#565D66\" d=\"M871.696 166.932l-526.088 526.088-193.304-193.304c-9.372-9.372-24.568-9.372-33.942 0l-56.568 56.568c-9.372 9.372-9.372 24.568 0 33.942l266.842 266.842c9.372 9.372 24.568 9.372 33.942 0l599.626-599.626c9.372-9.372 9.372-24.568 0-33.942l-56.568-56.568c-9.372-9.372-24.568-9.372-33.94 0z\"><\/path><\/svg><span class=\"gspb_iconsList__item__text\">Alto grado de protecci\u00f3n IP;<\/span><\/div><div class=\"gspb_iconsList__item\" data-id=\"7\"><svg xmlns=\"http:\/\/www.w3.org\/2000\/svg\" class=\"\" style=\"display:inline-block;vertical-align:middle\" width=\"18\" height=\"18\" viewbox=\"0 0 1024 1024\"><path style=\"fill:#565D66\" d=\"M871.696 166.932l-526.088 526.088-193.304-193.304c-9.372-9.372-24.568-9.372-33.942 0l-56.568 56.568c-9.372 9.372-9.372 24.568 0 33.942l266.842 266.842c9.372 9.372 24.568 9.372 33.942 0l599.626-599.626c9.372-9.372 9.372-24.568 0-33.942l-56.568-56.568c-9.372-9.372-24.568-9.372-33.94 0z\"><\/path><\/svg><span class=\"gspb_iconsList__item__text\">Desplegable en un amplio rango de temperaturas;<\/span><\/div><div class=\"gspb_iconsList__item\" data-id=\"8\"><svg xmlns=\"http:\/\/www.w3.org\/2000\/svg\" class=\"\" style=\"display:inline-block;vertical-align:middle\" width=\"18\" height=\"18\" viewbox=\"0 0 1024 1024\"><path style=\"fill:#565D66\" d=\"M871.696 166.932l-526.088 526.088-193.304-193.304c-9.372-9.372-24.568-9.372-33.942 0l-56.568 56.568c-9.372 9.372-9.372 24.568 0 33.942l266.842 266.842c9.372 9.372 24.568 9.372 33.942 0l599.626-599.626c9.372-9.372 9.372-24.568 0-33.942l-56.568-56.568c-9.372-9.372-24.568-9.372-33.94 0z\"><\/path><\/svg><span class=\"gspb_iconsList__item__text\">El ABS\/PC es ign\u00edfugo y autoextinguible;<\/span><\/div><div class=\"gspb_iconsList__item\" data-id=\"9\"><svg xmlns=\"http:\/\/www.w3.org\/2000\/svg\" class=\"\" style=\"display:inline-block;vertical-align:middle\" width=\"18\" height=\"18\" viewbox=\"0 0 1024 1024\"><path style=\"fill:#565D66\" d=\"M871.696 166.932l-526.088 526.088-193.304-193.304c-9.372-9.372-24.568-9.372-33.942 0l-56.568 56.568c-9.372 9.372-9.372 24.568 0 33.942l266.842 266.842c9.372 9.372 24.568 9.372 33.942 0l599.626-599.626c9.372-9.372 9.372-24.568 0-33.942l-56.568-56.568c-9.372-9.372-24.568-9.372-33.94 0z\"><\/path><\/svg><span class=\"gspb_iconsList__item__text\">Buena resistencia qu\u00edmica;<\/span><\/div><div class=\"gspb_iconsList__item\" data-id=\"10\"><svg xmlns=\"http:\/\/www.w3.org\/2000\/svg\" class=\"\" style=\"display:inline-block;vertical-align:middle\" width=\"18\" height=\"18\" viewbox=\"0 0 1024 1024\"><path style=\"fill:#565D66\" d=\"M871.696 166.932l-526.088 526.088-193.304-193.304c-9.372-9.372-24.568-9.372-33.942 0l-56.568 56.568c-9.372 9.372-9.372 24.568 0 33.942l266.842 266.842c9.372 9.372 24.568 9.372 33.942 0l599.626-599.626c9.372-9.372 9.372-24.568 0-33.942l-56.568-56.568c-9.372-9.372-24.568-9.372-33.94 0z\"><\/path><\/svg><span class=\"gspb_iconsList__item__text\">Poco peso;<\/span><\/div><div class=\"gspb_iconsList__item\" data-id=\"11\"><svg xmlns=\"http:\/\/www.w3.org\/2000\/svg\" class=\"\" style=\"display:inline-block;vertical-align:middle\" width=\"18\" height=\"18\" viewbox=\"0 0 1024 1024\"><path style=\"fill:#565D66\" d=\"M871.696 166.932l-526.088 526.088-193.304-193.304c-9.372-9.372-24.568-9.372-33.942 0l-56.568 56.568c-9.372 9.372-9.372 24.568 0 33.942l266.842 266.842c9.372 9.372 24.568 9.372 33.942 0l599.626-599.626c9.372-9.372 9.372-24.568 0-33.942l-56.568-56.568c-9.372-9.372-24.568-9.372-33.94 0z\"><\/path><\/svg><span class=\"gspb_iconsList__item__text\">Alta resistencia estructural, lo que hace que las se\u00f1ales cumplan sobradamente las normas NEN-3318 y EN-12899-1:2007;<\/span><\/div><div class=\"gspb_iconsList__item\" data-id=\"12\"><svg xmlns=\"http:\/\/www.w3.org\/2000\/svg\" class=\"\" style=\"display:inline-block;vertical-align:middle\" width=\"18\" height=\"18\" viewbox=\"0 0 1024 1024\"><path style=\"fill:#565D66\" d=\"M871.696 166.932l-526.088 526.088-193.304-193.304c-9.372-9.372-24.568-9.372-33.942 0l-56.568 56.568c-9.372 9.372-9.372 24.568 0 33.942l266.842 266.842c9.372 9.372 24.568 9.372 33.942 0l599.626-599.626c9.372-9.372 9.372-24.568 0-33.942l-56.568-56.568c-9.372-9.372-24.568-9.372-33.94 0z\"><\/path><\/svg><span class=\"gspb_iconsList__item__text\">Buena resistencia a los rayos UV.<\/span><\/div><\/div>\n\n<h3 class=\"wp-block-heading\" id=\"voordelen-gebruik-recycle-abs-pc-materiaal\" style=\"margin-top:var(--wp--preset--spacing--50);margin-bottom:0\">Las ventajas utilizan material ABS\/PC reciclado:<\/h3>\n\n<p>La mezcla ABS\/PC es una de las pocas mezclas que obtienen una sinergia positiva significativa al mezclar 2 pol\u00edmeros base (aleaci\u00f3n de pol\u00edmeros).<\/p>\n\n<div class=\"wp-block-greenshift-blocks-iconlist gspb_iconsList gspb_iconsList-id-gsbp-c1e965ef-713b\" id=\"gspb_iconsList-id-gsbp-c1e965ef-713b\"><div class=\"gspb_iconsList__item\" data-id=\"0\"><svg xmlns=\"http:\/\/www.w3.org\/2000\/svg\" class=\"\" style=\"display:inline-block;vertical-align:middle\" width=\"18\" height=\"18\" viewbox=\"0 0 1024 1024\"><path style=\"fill:#565D66\" d=\"M871.696 166.932l-526.088 526.088-193.304-193.304c-9.372-9.372-24.568-9.372-33.942 0l-56.568 56.568c-9.372 9.372-9.372 24.568 0 33.942l266.842 266.842c9.372 9.372 24.568 9.372 33.942 0l599.626-599.626c9.372-9.372 9.372-24.568 0-33.942l-56.568-56.568c-9.372-9.372-24.568-9.372-33.94 0z\"><\/path><\/svg><span class=\"gspb_iconsList__item__text\">No se utilizan recursos f\u00f3siles primarios;<\/span><\/div><div class=\"gspb_iconsList__item\" data-id=\"1\"><svg xmlns=\"http:\/\/www.w3.org\/2000\/svg\" class=\"\" style=\"display:inline-block;vertical-align:middle\" width=\"18\" height=\"18\" viewbox=\"0 0 1024 1024\"><path style=\"fill:#565D66\" d=\"M871.696 166.932l-526.088 526.088-193.304-193.304c-9.372-9.372-24.568-9.372-33.942 0l-56.568 56.568c-9.372 9.372-9.372 24.568 0 33.942l266.842 266.842c9.372 9.372 24.568 9.372 33.942 0l599.626-599.626c9.372-9.372 9.372-24.568 0-33.942l-56.568-56.568c-9.372-9.372-24.568-9.372-33.94 0z\"><\/path><\/svg><span class=\"gspb_iconsList__item__text\">Reducir<sub>las emisiones de CO2<\/sub> hasta un 85%;<\/span><\/div><div class=\"gspb_iconsList__item\" data-id=\"2\"><svg xmlns=\"http:\/\/www.w3.org\/2000\/svg\" class=\"\" style=\"display:inline-block;vertical-align:middle\" width=\"18\" height=\"18\" viewbox=\"0 0 1024 1024\"><path style=\"fill:#565D66\" d=\"M871.696 166.932l-526.088 526.088-193.304-193.304c-9.372-9.372-24.568-9.372-33.942 0l-56.568 56.568c-9.372 9.372-9.372 24.568 0 33.942l266.842 266.842c9.372 9.372 24.568 9.372 33.942 0l599.626-599.626c9.372-9.372 9.372-24.568 0-33.942l-56.568-56.568c-9.372-9.372-24.568-9.372-33.94 0z\"><\/path><\/svg><span class=\"gspb_iconsList__item__text\">Menos consumo de agua;<\/span><\/div><div class=\"gspb_iconsList__item\" data-id=\"3\"><svg xmlns=\"http:\/\/www.w3.org\/2000\/svg\" class=\"\" style=\"display:inline-block;vertical-align:middle\" width=\"18\" height=\"18\" viewbox=\"0 0 1024 1024\"><path style=\"fill:#565D66\" d=\"M871.696 166.932l-526.088 526.088-193.304-193.304c-9.372-9.372-24.568-9.372-33.942 0l-56.568 56.568c-9.372 9.372-9.372 24.568 0 33.942l266.842 266.842c9.372 9.372 24.568 9.372 33.942 0l599.626-599.626c9.372-9.372 9.372-24.568 0-33.942l-56.568-56.568c-9.372-9.372-24.568-9.372-33.94 0z\"><\/path><\/svg><span class=\"gspb_iconsList__item__text\">Consumo reducido de energ\u00eda<sub>(<\/sub>proceso de producci\u00f3n<sub>neutro en CO2<\/sub>);<\/span><\/div><div class=\"gspb_iconsList__item\" data-id=\"4\"><svg xmlns=\"http:\/\/www.w3.org\/2000\/svg\" class=\"\" style=\"display:inline-block;vertical-align:middle\" width=\"18\" height=\"18\" viewbox=\"0 0 1024 1024\"><path style=\"fill:#565D66\" d=\"M871.696 166.932l-526.088 526.088-193.304-193.304c-9.372-9.372-24.568-9.372-33.942 0l-56.568 56.568c-9.372 9.372-9.372 24.568 0 33.942l266.842 266.842c9.372 9.372 24.568 9.372 33.942 0l599.626-599.626c9.372-9.372 9.372-24.568 0-33.942l-56.568-56.568c-9.372-9.372-24.568-9.372-33.94 0z\"><\/path><\/svg><span class=\"gspb_iconsList__item__text\">Reducci\u00f3n de los residuos pl\u00e1sticos;<\/span><\/div><div class=\"gspb_iconsList__item\" data-id=\"5\"><svg xmlns=\"http:\/\/www.w3.org\/2000\/svg\" class=\"\" style=\"display:inline-block;vertical-align:middle\" width=\"18\" height=\"18\" viewbox=\"0 0 1024 1024\"><path style=\"fill:#565D66\" d=\"M871.696 166.932l-526.088 526.088-193.304-193.304c-9.372-9.372-24.568-9.372-33.942 0l-56.568 56.568c-9.372 9.372-9.372 24.568 0 33.942l266.842 266.842c9.372 9.372 24.568 9.372 33.942 0l599.626-599.626c9.372-9.372 9.372-24.568 0-33.942l-56.568-56.568c-9.372-9.372-24.568-9.372-33.94 0z\"><\/path><\/svg><span class=\"gspb_iconsList__item__text\">Se recicla al 100% tras su uso;<\/span><\/div><div class=\"gspb_iconsList__item\" data-id=\"6\"><svg xmlns=\"http:\/\/www.w3.org\/2000\/svg\" class=\"\" style=\"display:inline-block;vertical-align:middle\" width=\"18\" height=\"18\" viewbox=\"0 0 1024 1024\"><path style=\"fill:#565D66\" d=\"M871.696 166.932l-526.088 526.088-193.304-193.304c-9.372-9.372-24.568-9.372-33.942 0l-56.568 56.568c-9.372 9.372-9.372 24.568 0 33.942l266.842 266.842c9.372 9.372 24.568 9.372 33.942 0l599.626-599.626c9.372-9.372 9.372-24.568 0-33.942l-56.568-56.568c-9.372-9.372-24.568-9.372-33.94 0z\"><\/path><\/svg><span class=\"gspb_iconsList__item__text\">El uso de reciclado de ABS\/PC contribuye directamente a la creaci\u00f3n de una econom\u00eda circular y a la agenda neerlandesa Circular 2050 .<\/span><\/div><\/div>\n\n<h3 class=\"wp-block-heading\" id=\"is-abs-pc-een-giftig-materiaal\" style=\"margin-top:var(--wp--preset--spacing--50);margin-bottom:0\">\u00bfEs el ABS\/PC un material t\u00f3xico?<\/h3>\n\n<p>No, el ABS\/PC no es un material t\u00f3xico.\nSe utiliza en juguetes infantiles, piezas de autom\u00f3vil y electrodom\u00e9sticos, y no contiene sustancias nocivas. <\/p>\n\n<h3 class=\"wp-block-heading\" id=\"certificering-grondstof\">Materia prima de certificaci\u00f3n:<\/h3>\n\n<p>Para reducir la elevada demanda de nuevas materias primas, es muy importante reforzar continuamente la econom\u00eda circular.\nAqu\u00ed, el derroche de energ\u00eda en la producci\u00f3n es tan importante como reducir los residuos en origen. <\/p>\n\n<p>Como Climate Signs procesa materias primas 100% circulares en un proceso de producci\u00f3n<sub>neutro en emisiones de CO2<\/sub>, con nosotros ya se han alcanzado los objetivos circulares de los Pa\u00edses Bajos para 2050.<\/p>\n\n<p>Para garantizar la calidad y circularidad de los productos suministrados, todas las materias primas se compran y procesan con un certificado de reciclaje.\nPor tanto, siempre se puede hacer un seguimiento de la calidad y el origen. <\/p>\n\n<p>La certificaci\u00f3n da a los clientes la confianza de que el material reciclado se ha reciclado de la mejor manera posible, respetando el medio ambiente y cumpliendo la normativa nacional.\nLa certificaci\u00f3n tambi\u00e9n demuestra que la producci\u00f3n cumple la normativa medioambiental pertinente. <\/p>\n\n<h3 class=\"wp-block-heading\" id=\"productie\">Producci\u00f3n:<\/h3>\n\n<p>Las se\u00f1ales de tr\u00e1fico de Climate Signs se fabrican al 100% en Holanda.<\/p>\n\n<div class=\"wp-block-buttons is-content-justification-center is-layout-flex wp-container-core-buttons-is-layout-735dfa1c wp-block-buttons-is-layout-flex\" style=\"margin-top:var(--wp--preset--spacing--60);margin-bottom:var(--wp--preset--spacing--60)\">\n<div class=\"wp-block-button is-style-fill\"><a class=\"wp-block-button__link has-secondary-background-color has-background has-text-align-center wp-element-button\" href=\"https:\/\/www.climatesigns.nl\/producten\/type-2\/\">Ver nuestras se\u00f1ales de Tipo 2<\/a><\/div>\n<\/div>\n","protected":false},"excerpt":{"rendered":"<p>\u00bfQu\u00e9 es el regenerado ABS\/PC? El regenerado ABS\/PC se refiere a una mezcla (composici\u00f3n) de pl\u00e1sticos ABS\/PC, que est\u00e1 hecha de material 100% reciclado (llamado reciclado). La materia prima se transforma en un nuevo granulado de regenerado moldeable por inyecci\u00f3n dentro del proceso de reciclaje. \u00bfC\u00f3mo se recicla el ABS\/PC?&#8230;<\/p>\n","protected":false},"author":3,"featured_media":0,"parent":0,"menu_order":0,"comment_status":"closed","ping_status":"closed","template":"page-templates\/no-title.php","meta":{"_gspb_post_css":"#gspb_iconsList-id-gsbp-5e64358e-a849.gspb_iconsList .gspb_iconsList__item__text{margin-left:15px}#gspb_iconsList-id-gsbp-5e64358e-a849.gspb_iconsList .gspb_iconsList__item{display:flex;flex-direction:row;align-items:center;position:relative}#gspb_iconsList-id-gsbp-5e64358e-a849.gspb_iconsList .gspb_iconsList__item svg path{fill:#2184f9!important}#gspb_iconsList-id-gsbp-5e64358e-a849.gspb_iconsList [data-id='0'] svg,#gspb_iconsList-id-gsbp-5e64358e-a849.gspb_iconsList [data-id='0'] svg path{fill:#01d486!important}#gspb_iconsList-id-gsbp-5e64358e-a849.gspb_iconsList [data-id='0'] svg,body #gspb_iconsList-id-gsbp-5e64358e-a849.gspb_iconsList .gspb_iconsList__item img,body #gspb_iconsList-id-gsbp-5e64358e-a849.gspb_iconsList .gspb_iconsList__item svg,body #gspb_iconsList-id-gsbp-c1e965ef-713b.gspb_iconsList .gspb_iconsList__item img,body #gspb_iconsList-id-gsbp-c1e965ef-713b.gspb_iconsList .gspb_iconsList__item svg{margin:0!important}#gspb_iconsList-id-gsbp-5e64358e-a849.gspb_iconsList [data-id='1'] svg,#gspb_iconsList-id-gsbp-5e64358e-a849.gspb_iconsList [data-id='1'] svg path{fill:#01d486!important}#gspb_iconsList-id-gsbp-5e64358e-a849.gspb_iconsList [data-id='1'] svg{margin:0!important}#gspb_iconsList-id-gsbp-5e64358e-a849.gspb_iconsList [data-id='2'] svg,#gspb_iconsList-id-gsbp-5e64358e-a849.gspb_iconsList [data-id='2'] svg path{fill:#01d486!important}#gspb_iconsList-id-gsbp-5e64358e-a849.gspb_iconsList [data-id='2'] svg{margin:0!important}#gspb_iconsList-id-gsbp-5e64358e-a849.gspb_iconsList [data-id='3'] svg,#gspb_iconsList-id-gsbp-5e64358e-a849.gspb_iconsList [data-id='3'] svg path{fill:#01d486!important}#gspb_iconsList-id-gsbp-5e64358e-a849.gspb_iconsList [data-id='3'] svg{margin:0!important}#gspb_iconsList-id-gsbp-5e64358e-a849.gspb_iconsList [data-id='4'] svg,#gspb_iconsList-id-gsbp-5e64358e-a849.gspb_iconsList [data-id='4'] svg path{fill:#01d486!important}#gspb_iconsList-id-gsbp-5e64358e-a849.gspb_iconsList [data-id='4'] svg{margin:0!important}#gspb_iconsList-id-gsbp-5e64358e-a849.gspb_iconsList [data-id='5'] svg,#gspb_iconsList-id-gsbp-5e64358e-a849.gspb_iconsList [data-id='5'] svg path{fill:#01d486!important}#gspb_iconsList-id-gsbp-5e64358e-a849.gspb_iconsList [data-id='5'] svg{margin:0!important}#gspb_iconsList-id-gsbp-5e64358e-a849.gspb_iconsList [data-id='6'] svg,#gspb_iconsList-id-gsbp-5e64358e-a849.gspb_iconsList [data-id='6'] svg path{fill:#01d486!important}#gspb_iconsList-id-gsbp-5e64358e-a849.gspb_iconsList [data-id='6'] svg{margin:0!important}#gspb_iconsList-id-gsbp-5e64358e-a849.gspb_iconsList [data-id='7'] svg,#gspb_iconsList-id-gsbp-5e64358e-a849.gspb_iconsList [data-id='7'] svg path{fill:#01d486!important}#gspb_iconsList-id-gsbp-5e64358e-a849.gspb_iconsList [data-id='7'] svg{margin:0!important}#gspb_iconsList-id-gsbp-5e64358e-a849.gspb_iconsList [data-id='8'] svg,#gspb_iconsList-id-gsbp-5e64358e-a849.gspb_iconsList [data-id='8'] svg path{fill:#01d486!important}#gspb_iconsList-id-gsbp-5e64358e-a849.gspb_iconsList [data-id='8'] svg{margin:0!important}#gspb_iconsList-id-gsbp-5e64358e-a849.gspb_iconsList [data-id='9'] svg,#gspb_iconsList-id-gsbp-5e64358e-a849.gspb_iconsList [data-id='9'] svg path{fill:#01d486!important}#gspb_iconsList-id-gsbp-5e64358e-a849.gspb_iconsList [data-id='9'] svg{margin:0!important}#gspb_iconsList-id-gsbp-5e64358e-a849.gspb_iconsList [data-id='10'] svg,#gspb_iconsList-id-gsbp-5e64358e-a849.gspb_iconsList [data-id='10'] svg path{fill:#01d486!important}#gspb_iconsList-id-gsbp-5e64358e-a849.gspb_iconsList [data-id='10'] svg{margin:0!important}#gspb_iconsList-id-gsbp-5e64358e-a849.gspb_iconsList [data-id='11'] svg,#gspb_iconsList-id-gsbp-5e64358e-a849.gspb_iconsList [data-id='11'] svg path{fill:#01d486!important}#gspb_iconsList-id-gsbp-5e64358e-a849.gspb_iconsList [data-id='11'] svg{margin:0!important}#gspb_iconsList-id-gsbp-5e64358e-a849.gspb_iconsList [data-id='12'] svg,#gspb_iconsList-id-gsbp-5e64358e-a849.gspb_iconsList [data-id='12'] svg path{fill:#01d486!important}#gspb_iconsList-id-gsbp-5e64358e-a849.gspb_iconsList [data-id='12'] svg{margin:0!important}#gspb_iconsList-id-gsbp-c1e965ef-713b.gspb_iconsList .gspb_iconsList__item__text{margin-left:15px}#gspb_iconsList-id-gsbp-c1e965ef-713b.gspb_iconsList .gspb_iconsList__item{display:flex;flex-direction:row;align-items:center;position:relative}#gspb_iconsList-id-gsbp-c1e965ef-713b.gspb_iconsList .gspb_iconsList__item svg path{fill:#2184f9!important}#gspb_iconsList-id-gsbp-c1e965ef-713b.gspb_iconsList [data-id='0'] svg,#gspb_iconsList-id-gsbp-c1e965ef-713b.gspb_iconsList [data-id='0'] svg path{fill:#01d486!important}#gspb_iconsList-id-gsbp-c1e965ef-713b.gspb_iconsList [data-id='0'] svg{margin:0!important}#gspb_iconsList-id-gsbp-c1e965ef-713b.gspb_iconsList [data-id='1'] svg,#gspb_iconsList-id-gsbp-c1e965ef-713b.gspb_iconsList [data-id='1'] svg path{fill:#01d486!important}#gspb_iconsList-id-gsbp-c1e965ef-713b.gspb_iconsList [data-id='1'] svg{margin:0!important}#gspb_iconsList-id-gsbp-c1e965ef-713b.gspb_iconsList [data-id='2'] svg,#gspb_iconsList-id-gsbp-c1e965ef-713b.gspb_iconsList [data-id='2'] svg path{fill:#01d486!important}#gspb_iconsList-id-gsbp-c1e965ef-713b.gspb_iconsList [data-id='2'] svg{margin:0!important}#gspb_iconsList-id-gsbp-c1e965ef-713b.gspb_iconsList [data-id='3'] svg,#gspb_iconsList-id-gsbp-c1e965ef-713b.gspb_iconsList [data-id='3'] svg path{fill:#01d486!important}#gspb_iconsList-id-gsbp-c1e965ef-713b.gspb_iconsList [data-id='3'] svg{margin:0!important}#gspb_iconsList-id-gsbp-c1e965ef-713b.gspb_iconsList [data-id='4'] svg,#gspb_iconsList-id-gsbp-c1e965ef-713b.gspb_iconsList [data-id='4'] svg path{fill:#01d486!important}#gspb_iconsList-id-gsbp-c1e965ef-713b.gspb_iconsList [data-id='4'] svg{margin:0!important}#gspb_iconsList-id-gsbp-c1e965ef-713b.gspb_iconsList [data-id='5'] svg,#gspb_iconsList-id-gsbp-c1e965ef-713b.gspb_iconsList [data-id='5'] svg path{fill:#01d486!important}#gspb_iconsList-id-gsbp-c1e965ef-713b.gspb_iconsList [data-id='5'] svg{margin:0!important}#gspb_iconsList-id-gsbp-c1e965ef-713b.gspb_iconsList [data-id='6'] svg,#gspb_iconsList-id-gsbp-c1e965ef-713b.gspb_iconsList [data-id='6'] svg path{fill:#01d486!important}#gspb_iconsList-id-gsbp-c1e965ef-713b.gspb_iconsList [data-id='6'] svg{margin:0!important}","footnotes":""},"class_list":["post-2158","page","type-page","status-publish","hentry"],"_links":{"self":[{"href":"https:\/\/www.climatesigns.nl\/es\/wp-json\/wp\/v2\/pages\/2158","targetHints":{"allow":["GET"]}}],"collection":[{"href":"https:\/\/www.climatesigns.nl\/es\/wp-json\/wp\/v2\/pages"}],"about":[{"href":"https:\/\/www.climatesigns.nl\/es\/wp-json\/wp\/v2\/types\/page"}],"author":[{"embeddable":true,"href":"https:\/\/www.climatesigns.nl\/es\/wp-json\/wp\/v2\/users\/3"}],"replies":[{"embeddable":true,"href":"https:\/\/www.climatesigns.nl\/es\/wp-json\/wp\/v2\/comments?post=2158"}],"version-history":[{"count":2,"href":"https:\/\/www.climatesigns.nl\/es\/wp-json\/wp\/v2\/pages\/2158\/revisions"}],"predecessor-version":[{"id":2160,"href":"https:\/\/www.climatesigns.nl\/es\/wp-json\/wp\/v2\/pages\/2158\/revisions\/2160"}],"wp:attachment":[{"href":"https:\/\/www.climatesigns.nl\/es\/wp-json\/wp\/v2\/media?parent=2158"}],"curies":[{"name":"wp","href":"https:\/\/api.w.org\/{rel}","templated":true}]}}