{"id":2413,"date":"2023-07-26T14:15:17","date_gmt":"2023-07-26T12:15:17","guid":{"rendered":"https:\/\/www.climatesigns.nl\/ponte-en-contacto-con\/"},"modified":"2024-09-19T17:03:59","modified_gmt":"2024-09-19T15:03:59","slug":"ponte-en-contacto-con","status":"publish","type":"page","link":"https:\/\/www.climatesigns.nl\/es\/ponte-en-contacto-con\/","title":{"rendered":"Ponte en contacto con"},"content":{"rendered":"\n<div class=\"wp-block-group page-header-pattern alignfull is-layout-constrained wp-block-group-is-layout-constrained\">\n<div class=\"wp-block-cover alignfull is-light\"><span aria-hidden=\"true\" class=\"wp-block-cover__background has-light-background-color has-background-dim\"><\/span><img decoding=\"async\" class=\"wp-block-cover__image-background\" alt=\"\" src=\"https:\/\/www.climatesigns.nl\/wp-content\/themes\/climatesigns\/images\/hero-bg.png\" data-object-fit=\"cover\"\/><div class=\"wp-block-cover__inner-container is-layout-flow wp-block-cover-is-layout-flow\">\n<div class=\"wp-block-group alignwide is-layout-constrained wp-block-group-is-layout-constrained\">\n<div class=\"wp-block-columns are-vertically-aligned-center alignwide is-layout-flex wp-container-core-columns-is-layout-9d6595d7 wp-block-columns-is-layout-flex\">\n<div class=\"wp-block-column is-layout-flow wp-block-column-is-layout-flow\" style=\"flex-basis:50%\">\n<h3 class=\"wp-block-heading\" id=\"producten-1\">Ponte en contacto con<\/h3>\n\n\n\n<h2 class=\"wp-block-heading\" id=\"samen-bouwen-we-aan-detoekomst-van-nederland\"><br\/>Juntos construimos el futuro de Holanda<\/h2>\n\n\n\n<p>Junto con colegas, socios y clientes, Climate Signs est\u00e1 construyendo los Pa\u00edses Bajos del futuro.\nTras 20 a\u00f1os de experiencia en el mundo del espacio exterior, ya es hora de convertir el Acuerdo sobre el Clima en acciones y resultados tangibles en la pr\u00e1ctica.\nEsto requiere soluciones innovadoras, nuevas formas de cooperaci\u00f3n y formaci\u00f3n y una visi\u00f3n clara.\n\u00bfQuieres acelerar tus objetivos y ambiciones clim\u00e1ticas y reducir dr\u00e1sticamente las emisiones de CO\u2082?\nEntonces \u00fanete a nosotros y pon en marcha un proyecto piloto de Climate Signs o inv\u00edtanos a una presentaci\u00f3n.\nJuntos, \u00a1marcaremos la diferencia!     <br\/>Erwin van Dalen, director de Climate Signs.<\/p>\n\n\n\n<p><\/p>\n\n\n\n<p><strong>Direcci\u00f3n de visita:<\/strong><br\/> Bramenberg 22 3755 BZ Eemnes<strong>Datos de<\/strong><strong>contacto:<\/strong><br\/> Tel: 035-3038430 Correo electr\u00f3nico: <a href=\"mailto:info@climatesigns.nl\">info@climatesigns.nl<\/a><strong>Documentaci\u00f3n:<\/strong> <a href=\"https:\/\/www.climatesigns.nl\/es\/?page_id=2121\">Haz clic aqu\u00ed<\/a><\/p>\n<\/div>\n\n\n\n<div class=\"wp-block-column is-vertically-aligned-center is-layout-flow wp-block-column-is-layout-flow\" style=\"flex-basis:50%\">\n<figure class=\"wp-block-image size-large is-style-rounded\"><img decoding=\"async\" width=\"776\" height=\"1024\" src=\"https:\/\/www.climatesigns.nl\/wp-content\/uploads\/2023\/11\/cf9b5c7fffa7eb944db2ff7b34e1c99e-776x1024.png\" alt=\"\" class=\"wp-image-1189\" srcset=\"https:\/\/www.climatesigns.nl\/wp-content\/uploads\/2023\/11\/cf9b5c7fffa7eb944db2ff7b34e1c99e-776x1024.png 776w, https:\/\/www.climatesigns.nl\/wp-content\/uploads\/2023\/11\/cf9b5c7fffa7eb944db2ff7b34e1c99e-227x300.png 227w, https:\/\/www.climatesigns.nl\/wp-content\/uploads\/2023\/11\/cf9b5c7fffa7eb944db2ff7b34e1c99e-768x1013.png 768w, https:\/\/www.climatesigns.nl\/wp-content\/uploads\/2023\/11\/cf9b5c7fffa7eb944db2ff7b34e1c99e.png 960w\" sizes=\"(max-width: 776px) 100vw, 776px\" \/><\/figure>\n<\/div>\n<\/div>\n<\/div>\n<\/div><\/div>\n<\/div>\n\n<div class=\"wp-block-group alignfull contact-pattern is-layout-flow wp-block-group-is-layout-flow\">\n<div class=\"wp-block-group is-layout-constrained wp-block-group-is-layout-constrained\">\n<div class=\"wp-block-columns is-layout-flex wp-container-core-columns-is-layout-9d6595d7 wp-block-columns-is-layout-flex\">\n<div class=\"wp-block-column mobile-background has-white-color has-text-color is-layout-flow wp-block-column-is-layout-flow\">\n<h2 class=\"wp-block-heading has-text-align-left\" id=\"meer-weten-over-climate-signs-1\">\u00bfQuieres saber m\u00e1s sobre Se\u00f1ales clim\u00e1ticas?<\/h2>\n\n\n\n<h3 class=\"wp-block-heading\" id=\"neem-gerust-contact-met-ons-1\">No dudes en ponerte en contacto con nosotros.<\/h3>\n\n\n\n<p class=\"has-text-align-left\"><br\/><br\/> D<strong>irecci\u00f3n de visita<\/strong> Bramenberg 22 3755 BZ Eemnes <\/p>\n\n\n\n<p class=\"has-text-align-left\"><br\/><br\/> D<strong>atos de contacto <\/strong> Tel: <a href=\"tel:035-3038430\">035-3038430<\/a> E-mail: <a href=\"mailto:info@climatesigns.nl\">info@climatesigns.nl<\/a>\n\t\t\t\t<\/p>\n\n\n\n<figure class=\"wp-block-image size-full is-style-default\"><img decoding=\"async\" src=\"https:\/\/www.climatesigns.nl\/wp-content\/themes\/climatesigns\/images\/scc.png\" alt=\"\" class=\"wp-image-66\"\/><\/figure>\n<\/div>\n\n\n\n<div class=\"wp-block-column is-layout-flow wp-block-column-is-layout-flow\"><script>\nvar gform;gform||(document.addEventListener(\"gform_main_scripts_loaded\",function(){gform.scriptsLoaded=!0}),document.addEventListener(\"gform\/theme\/scripts_loaded\",function(){gform.themeScriptsLoaded=!0}),window.addEventListener(\"DOMContentLoaded\",function(){gform.domLoaded=!0}),gform={domLoaded:!1,scriptsLoaded:!1,themeScriptsLoaded:!1,isFormEditor:()=>\"function\"==typeof InitializeEditor,callIfLoaded:function(o){return!(!gform.domLoaded||!gform.scriptsLoaded||!gform.themeScriptsLoaded&&!gform.isFormEditor()||(gform.isFormEditor()&&console.warn(\"The use of gform.initializeOnLoaded() is deprecated in the form editor context and will be removed in Gravity Forms 3.1.\"),o(),0))},initializeOnLoaded:function(o){gform.callIfLoaded(o)||(document.addEventListener(\"gform_main_scripts_loaded\",()=>{gform.scriptsLoaded=!0,gform.callIfLoaded(o)}),document.addEventListener(\"gform\/theme\/scripts_loaded\",()=>{gform.themeScriptsLoaded=!0,gform.callIfLoaded(o)}),window.addEventListener(\"DOMContentLoaded\",()=>{gform.domLoaded=!0,gform.callIfLoaded(o)}))},hooks:{action:{},filter:{}},addAction:function(o,r,e,t){gform.addHook(\"action\",o,r,e,t)},addFilter:function(o,r,e,t){gform.addHook(\"filter\",o,r,e,t)},doAction:function(o){gform.doHook(\"action\",o,arguments)},applyFilters:function(o){return gform.doHook(\"filter\",o,arguments)},removeAction:function(o,r){gform.removeHook(\"action\",o,r)},removeFilter:function(o,r,e){gform.removeHook(\"filter\",o,r,e)},addHook:function(o,r,e,t,n){null==gform.hooks[o][r]&&(gform.hooks[o][r]=[]);var d=gform.hooks[o][r];null==n&&(n=r+\"_\"+d.length),gform.hooks[o][r].push({tag:n,callable:e,priority:t=null==t?10:t})},doHook:function(r,o,e){var t;if(e=Array.prototype.slice.call(e,1),null!=gform.hooks[r][o]&&((o=gform.hooks[r][o]).sort(function(o,r){return o.priority-r.priority}),o.forEach(function(o){\"function\"!=typeof(t=o.callable)&&(t=window[t]),\"action\"==r?t.apply(null,e):e[0]=t.apply(null,e)})),\"filter\"==r)return e[0]},removeHook:function(o,r,t,n){var e;null!=gform.hooks[o][r]&&(e=(e=gform.hooks[o][r]).filter(function(o,r,e){return!!(null!=n&&n!=o.tag||null!=t&&t!=o.priority)}),gform.hooks[o][r]=e)}});\n<\/script>\n\n                <div class='gf_browser_gecko gform_wrapper gravity-theme gform-theme--no-framework' data-form-theme='gravity-theme' data-form-index='0' id='gform_wrapper_1' >\n                        <div class='gform_heading'>\n\t\t\t\t\t\t\t<p class='gform_required_legend'>&quot;<span class=\"gfield_required gfield_required_asterisk\">*<\/span>&quot; se\u00f1ala los campos obligatorios<\/p>\n                        <\/div><form method='post' enctype='multipart\/form-data'  id='gform_1'  action='\/es\/wp-json\/wp\/v2\/pages\/2413' data-formid='1' novalidate>\n                        <div class='gform-body gform_body'><div id='gform_fields_1' class='gform_fields top_label form_sublabel_above description_below validation_below'><div id=\"field_1_16\" class=\"gfield gfield--type-text gfield--width-half gfield_contains_required field_sublabel_above gfield--no-description field_description_below field_validation_below gfield_visibility_visible\"  ><label class='gfield_label gform-field-label' for='input_1_16'>Nombre<span class=\"gfield_required\"><span class=\"gfield_required gfield_required_asterisk\">*<\/span><\/span><\/label><div class='ginput_container ginput_container_text'><input name='input_16' id='input_1_16' type='text' value='' class='large'     aria-required=\"true\" aria-invalid=\"false\"   \/><\/div><\/div><div id=\"field_1_20\" class=\"gfield gfield--type-text gfield--width-half gfield_contains_required field_sublabel_above gfield--no-description field_description_below field_validation_below gfield_visibility_visible\"  ><label class='gfield_label gform-field-label' for='input_1_20'>Apellido<span class=\"gfield_required\"><span class=\"gfield_required gfield_required_asterisk\">*<\/span><\/span><\/label><div class='ginput_container ginput_container_text'><input name='input_20' id='input_1_20' type='text' value='' class='large'     aria-required=\"true\" aria-invalid=\"false\"   \/><\/div><\/div><div id=\"field_1_17\" class=\"gfield gfield--type-text gfield--width-full field_sublabel_above gfield--no-description field_description_below field_validation_below gfield_visibility_visible\"  ><label class='gfield_label gform-field-label' for='input_1_17'>Municipio\/Condado<\/label><div class='ginput_container ginput_container_text'><input name='input_17' id='input_1_17' type='text' value='' class='large'      aria-invalid=\"false\"   \/><\/div><\/div><div id=\"field_1_2\" class=\"gfield gfield--type-email gfield--width-full gfield_contains_required field_sublabel_above gfield--no-description field_description_below field_validation_below gfield_visibility_visible\"  ><label class='gfield_label gform-field-label' for='input_1_2'>Direcci\u00f3n de correo electr\u00f3nico<span class=\"gfield_required\"><span class=\"gfield_required gfield_required_asterisk\">*<\/span><\/span><\/label><div class='ginput_container ginput_container_email'>\n                            <input name='input_2' id='input_1_2' type='email' value='' class='large'    aria-required=\"true\" aria-invalid=\"false\"  \/>\n                        <\/div><\/div><div id=\"field_1_18\" class=\"gfield gfield--type-phone gfield--width-full gfield_contains_required field_sublabel_above gfield--no-description field_description_below field_validation_below gfield_visibility_visible\"  ><label class='gfield_label gform-field-label' for='input_1_18'>N\u00famero de tel\u00e9fono<span class=\"gfield_required\"><span class=\"gfield_required gfield_required_asterisk\">*<\/span><\/span><\/label><div class='ginput_container ginput_container_phone'><input name='input_18' id='input_1_18' type='tel' value='' class='large'   aria-required=\"true\" aria-invalid=\"false\"   \/><\/div><\/div><div id=\"field_1_21\" class=\"gfield gfield--type-select gfield--width-full gfield_contains_required field_sublabel_above gfield--no-description field_description_below field_validation_below gfield_visibility_visible\"  ><label class='gfield_label gform-field-label' for='input_1_21'>Asunto<span class=\"gfield_required\"><span class=\"gfield_required gfield_required_asterisk\">*<\/span><\/span><\/label><div class='ginput_container ginput_container_select'><select name='input_21' id='input_1_21' class='large gfield_select'    aria-required=\"true\" aria-invalid=\"false\" ><option value='General' >General<\/option><option value='C\u00e1lculo de la reducci\u00f3n de CO\u2082' selected='selected'>C\u00e1lculo de la reducci\u00f3n de CO\u2082<\/option><option value='Ventas' >Ventas<\/option><\/select><\/div><\/div><div id=\"field_1_3\" class=\"gfield gfield--type-textarea gfield_contains_required field_sublabel_above gfield--no-description field_description_below field_validation_below gfield_visibility_visible\"  ><label class='gfield_label gform-field-label' for='input_1_3'>Mensaje<span class=\"gfield_required\"><span class=\"gfield_required gfield_required_asterisk\">*<\/span><\/span><\/label><div class='ginput_container ginput_container_textarea'><textarea name='input_3' id='input_1_3' class='textarea medium'     aria-required=\"true\" aria-invalid=\"false\"   rows='10' cols='50'><\/textarea><\/div><\/div><div id=\"field_1_22\" class=\"gfield gfield--type-hidden gfield--width-full gform_hidden field_sublabel_above gfield--no-description field_description_below field_validation_below gfield_visibility_visible\"  ><div class='ginput_container ginput_container_text'><input name='input_22' id='input_1_22' type='hidden' class='gform_hidden'  aria-invalid=\"false\" value='' \/><\/div><\/div><fieldset id=\"field_1_24\" class=\"gfield gfield--type-checkbox gfield--type-choice gfield--width-full gfield_contains_required field_sublabel_above gfield--has-description field_description_below field_validation_below gfield_visibility_visible\"  ><legend class='gfield_label gform-field-label gfield_label_before_complex' >Para enviar este formulario, debes aceptar nuestra Declaraci\u00f3n de privacidad<span class=\"gfield_required\"><span class=\"gfield_required gfield_required_asterisk\">*<\/span><\/span><\/legend><div class='ginput_container ginput_container_checkbox'><div class='gfield_checkbox ' id='input_1_24'><div class='gchoice gchoice_1_24_1'>\n\t\t\t\t\t\t\t\t<input class='gfield-choice-input' name='input_24.1' type='checkbox'  value='Acepta'  id='choice_1_24_1'   aria-describedby=\"gfield_description_1_24\"\/>\n\t\t\t\t\t\t\t\t<label for='choice_1_24_1' id='label_1_24_1' class='gform-field-label gform-field-label--type-inline'>Acepta<\/label>\n\t\t\t\t\t\t\t<\/div><\/div><\/div><div class='gfield_description' id='gfield_description_1_24'><a href=\"https:\/\/www.climatesigns.nl\/es\/?page_id=2177&#038;cmplz_region_redirect=true\" target=\"_blank\">Consulta nuestra Declaraci\u00f3n de privacidad aqu\u00ed<\/a><\/div><\/fieldset><\/div><\/div>\n        <div class='gform-footer gform_footer top_label'> <div class=\"gf-turnstile-container\"> <div id=\"cf-turnstile-gf-1\" class=\"cf-turnstile\" data-sitekey=\"0x4AAAAAAAPhzEyPxw-dVvEd\" data-theme=\"light\" data-language=\"auto\" data-size=\"\" data-retry=\"auto\" data-retry-interval=\"1000\" data-action=\"gravity-form-1\" data-appearance=\"interaction-only\"><\/div> <script>document.addEventListener(\"DOMContentLoaded\", function() { setTimeout(function(){ var e=document.getElementById(\"cf-turnstile-gf-1\"); e&&!e.innerHTML.trim()&&(turnstile.remove(\"#cf-turnstile-gf-1\"), turnstile.render(\"#cf-turnstile-gf-1\", {sitekey:\"0x4AAAAAAAPhzEyPxw-dVvEd\"})); }, 0); });<\/script> <style>#cf-turnstile-gf-1 iframe { margin-bottom: 15px; }<\/style> <style>#cf-turnstile-gf-1 { margin-left: -15px; }<\/style> <\/div> <style> .gf-turnstile-container { width: 100%; } .gform_footer.top_label { display: flex; flex-wrap: wrap; } <\/style> <script>document.addEventListener(\"DOMContentLoaded\", function() {document.addEventListener('gform\/post_render', function handlePostRender(event) {if (event.detail.formId !== 1) {return;}gform.utils.addAsyncFilter('gform\/submission\/pre_submission', async function handlePreSubmission(data) {document.addEventListener('gform\/post_render', function rerenderTurnstile(event) {if (event.detail.formId !== 1) {return;}const turnstileElement = document.getElementById('cf-turnstile-gf-1');if (turnstileElement) {turnstile.remove('#cf-turnstile-gf-1');turnstile.render('#cf-turnstile-gf-1');}document.removeEventListener('gform\/post_render', rerenderTurnstile);});gform.utils.removeFilter('gform\/submission\/pre_submission', handlePreSubmission);return data;});document.removeEventListener('gform\/post_render', handlePostRender);});});<\/script><input type='submit' id='gform_submit_button_1' class='gform_button button' onclick='gform.submission.handleButtonClick(this);' data-submission-type='submit' value='Env\u00eda tu solicitud'  \/> \n            <input type='hidden' class='gform_hidden' name='gform_submission_method' data-js='gform_submission_method_1' value='postback' \/>\n            <input type='hidden' class='gform_hidden' name='gform_theme' data-js='gform_theme_1' id='gform_theme_1' value='gravity-theme' \/>\n            <input type='hidden' class='gform_hidden' name='gform_style_settings' data-js='gform_style_settings_1' id='gform_style_settings_1' value='{&quot;inputPrimaryColor&quot;:&quot;#204ce5&quot;}' \/>\n            <input type='hidden' class='gform_hidden' name='is_submit_1' value='1' \/>\n            <input type='hidden' class='gform_hidden' name='gform_submit' value='1' \/>\n            \n            <input type='hidden' class='gform_hidden' name='gform_unique_id' value='' \/>\n            <input type='hidden' class='gform_hidden' name='state_1' value='WyJ7XCIyMVwiOltcImE5ZDQxODhkYTdlNGRkMmM4MjBiOWI0ZmY1YTNmYTY4XCIsXCI2YWUwYzhlMjY0NWY3OTcxMTVmYWMyODE1MmRmYmQ2NlwiLFwiMTc4OTEyZDM1N2FlYWE2MzM4M2YxOTA3OTU3ZGFjMTFcIl19IiwiZjJiMTY1MTU5MjIzMWIxNDA2YjVmMjZlMTM1NTZhYzgiXQ==' \/>\n            <input type='hidden' autocomplete='off' class='gform_hidden' name='gform_target_page_number_1' id='gform_target_page_number_1' value='0' \/>\n            <input type='hidden' autocomplete='off' class='gform_hidden' name='gform_source_page_number_1' id='gform_source_page_number_1' value='1' \/>\n            <input type='hidden' name='gform_field_values' value='' \/>\n            \n        <\/div>\n                        <\/form>\n                        <\/div><script>\ngform.initializeOnLoaded( function() {gformInitSpinner( 1, 'https:\/\/www.climatesigns.nl\/wp-content\/plugins\/gravityforms\/images\/spinner.svg', true );jQuery('#gform_ajax_frame_1').on('load',function(){var contents = jQuery(this).contents().find('*').html();var is_postback = contents.indexOf('GF_AJAX_POSTBACK') >= 0;if(!is_postback){return;}var form_content = jQuery(this).contents().find('#gform_wrapper_1');var is_confirmation = jQuery(this).contents().find('#gform_confirmation_wrapper_1').length > 0;var is_redirect = contents.indexOf('gformRedirect(){') >= 0;var is_form = form_content.length > 0 && ! is_redirect && ! is_confirmation;var mt = parseInt(jQuery('html').css('margin-top'), 10) + parseInt(jQuery('body').css('margin-top'), 10) + 100;if(is_form){jQuery('#gform_wrapper_1').html(form_content.html());if(form_content.hasClass('gform_validation_error')){jQuery('#gform_wrapper_1').addClass('gform_validation_error');} else {jQuery('#gform_wrapper_1').removeClass('gform_validation_error');}setTimeout( function() { \/* delay the scroll by 50 milliseconds to fix a bug in chrome *\/  }, 50 );if(window['gformInitDatepicker']) {gformInitDatepicker();}if(window['gformInitPriceFields']) {gformInitPriceFields();}var current_page = jQuery('#gform_source_page_number_1').val();gformInitSpinner( 1, 'https:\/\/www.climatesigns.nl\/wp-content\/plugins\/gravityforms\/images\/spinner.svg', true );jQuery(document).trigger('gform_page_loaded', [1, current_page]);window['gf_submitting_1'] = false;}else if(!is_redirect){var confirmation_content = jQuery(this).contents().find('.GF_AJAX_POSTBACK').html();if(!confirmation_content){confirmation_content = contents;}jQuery('#gform_wrapper_1').replaceWith(confirmation_content);jQuery(document).trigger('gform_confirmation_loaded', [1]);window['gf_submitting_1'] = false;wp.a11y.speak(jQuery('#gform_confirmation_message_1').text());}else{jQuery('#gform_1').append(contents);if(window['gformRedirect']) {gformRedirect();}}jQuery(document).trigger(\"gform_pre_post_render\", [{ formId: \"1\", currentPage: \"current_page\", abort: function() { this.preventDefault(); } }]);        if (event && event.defaultPrevented) {                return;        }        const gformWrapperDiv = document.getElementById( \"gform_wrapper_1\" );        if ( gformWrapperDiv ) {            const visibilitySpan = document.createElement( \"span\" );            visibilitySpan.id = \"gform_visibility_test_1\";            gformWrapperDiv.insertAdjacentElement( \"afterend\", visibilitySpan );        }        const visibilityTestDiv = document.getElementById( \"gform_visibility_test_1\" );        let postRenderFired = false;        function triggerPostRender() {            if ( postRenderFired ) {                return;            }            postRenderFired = true;            gform.core.triggerPostRenderEvents( 1, current_page );            if ( visibilityTestDiv ) {                visibilityTestDiv.parentNode.removeChild( visibilityTestDiv );            }        }        function debounce( func, wait, immediate ) {            var timeout;            return function() {                var context = this, args = arguments;                var later = function() {                    timeout = null;                    if ( !immediate ) func.apply( context, args );                };                var callNow = immediate && !timeout;                clearTimeout( timeout );                timeout = setTimeout( later, wait );                if ( callNow ) func.apply( context, args );            };        }        const debouncedTriggerPostRender = debounce( function() {            triggerPostRender();        }, 200 );        if ( visibilityTestDiv && visibilityTestDiv.offsetParent === null ) {            const observer = new MutationObserver( ( mutations ) => {                mutations.forEach( ( mutation ) => {                    if ( mutation.type === 'attributes' && visibilityTestDiv.offsetParent !== null ) {                        debouncedTriggerPostRender();                        observer.disconnect();                    }                });            });            observer.observe( document.body, {                attributes: true,                childList: false,                subtree: true,                attributeFilter: [ 'style', 'class' ],            });        } else {            triggerPostRender();        }    } );} );\n<\/script>\n<\/div>\n<\/div>\n<\/div>\n<\/div>\n","protected":false},"excerpt":{"rendered":"<p>\u00bfQuieres saber m\u00e1s sobre Se\u00f1ales clim\u00e1ticas? No dudes en ponerte en contacto con nosotros. Direcci\u00f3n de visita Bramenberg 22 3755 BZ Eemnes Datos de contacto Tel: 035-3038430 E-mail: info@climatesigns.nl<\/p>\n","protected":false},"author":1,"featured_media":0,"parent":0,"menu_order":0,"comment_status":"closed","ping_status":"closed","template":"page-templates\/no-title.php","meta":{"_gspb_post_css":"","footnotes":""},"class_list":["post-2413","page","type-page","status-publish","hentry"],"_links":{"self":[{"href":"https:\/\/www.climatesigns.nl\/es\/wp-json\/wp\/v2\/pages\/2413","targetHints":{"allow":["GET"]}}],"collection":[{"href":"https:\/\/www.climatesigns.nl\/es\/wp-json\/wp\/v2\/pages"}],"about":[{"href":"https:\/\/www.climatesigns.nl\/es\/wp-json\/wp\/v2\/types\/page"}],"author":[{"embeddable":true,"href":"https:\/\/www.climatesigns.nl\/es\/wp-json\/wp\/v2\/users\/1"}],"replies":[{"embeddable":true,"href":"https:\/\/www.climatesigns.nl\/es\/wp-json\/wp\/v2\/comments?post=2413"}],"version-history":[{"count":2,"href":"https:\/\/www.climatesigns.nl\/es\/wp-json\/wp\/v2\/pages\/2413\/revisions"}],"predecessor-version":[{"id":2415,"href":"https:\/\/www.climatesigns.nl\/es\/wp-json\/wp\/v2\/pages\/2413\/revisions\/2415"}],"wp:attachment":[{"href":"https:\/\/www.climatesigns.nl\/es\/wp-json\/wp\/v2\/media?parent=2413"}],"curies":[{"name":"wp","href":"https:\/\/api.w.org\/{rel}","templated":true}]}}