{"id":3027,"date":"2023-11-22T11:38:56","date_gmt":"2023-11-22T10:38:56","guid":{"rendered":"https:\/\/www.climatesigns.nl\/todos-os-beneficios\/"},"modified":"2024-09-24T09:22:58","modified_gmt":"2024-09-24T07:22:58","slug":"todos-os-beneficios","status":"publish","type":"page","link":"https:\/\/www.climatesigns.nl\/pt-pt\/todos-os-beneficios\/","title":{"rendered":"Todos os benef\u00edcios"},"content":{"rendered":"\n<div class=\"wp-block-group alignwide is-layout-constrained wp-block-group-is-layout-constrained\">\n<div class=\"wp-block-columns alignwide is-layout-flex wp-container-core-columns-is-layout-9d6595d7 wp-block-columns-is-layout-flex\">\n<div class=\"wp-block-column is-layout-flow wp-block-column-is-layout-flow\">\n<figure class=\"wp-block-image\"><img decoding=\"async\" src=\"https:\/\/lh7-us.googleusercontent.com\/6_7WZqE_T2FmILIMZMZZXoklG23uEudhjWn9FH7NPiHMWUMEzsMM9HOQoUbfLH8il6aaIFFMgDgwFPvs8KwryYeHV8CQKJeoT4p2GaetaJ8U7-n1qeCoEZqx5SRnrw5qXrM_3EnkUmlhXZhXNMELCtU\" alt=\"\"\/><\/figure>\n\n\n\n<figure class=\"wp-block-image aligncenter\"><img decoding=\"async\" src=\"https:\/\/lh7-us.googleusercontent.com\/ue7_mEyeXTj42f8_gtI_7jmu6RD5ENDxUSjvqOdeTgXghQYhft1iL9JAIHIPKT2fd1wR12DKMgyGe45r_Qbg36xkdRmFv8b3la_Ug2wWgk051gMp6B9Xi7AR75VwKYUGFDs1230s9ee6y33V9MUbd_4\" alt=\"Imagem com tabela Descri\u00e7\u00e3o gerada automaticamente\"\/><\/figure>\n<\/div>\n\n\n\n<div class=\"wp-block-column is-layout-flow wp-block-column-is-layout-flow\">\n<h2 class=\"wp-block-heading\" id=\"duurzaamheid\">Sustentabilidade<\/h2>\n\n\n\n<p>A nossa vis\u00e3o \u00e9 um mundo sustent\u00e1vel e circular.\nUm mundo em que reutilizamos o que temos em uso, importamos menos e procuramos solu\u00e7\u00f5es e mat\u00e9rias-primas locais.\nEm tudo o que fazemos, consideramos o impacto ambiental dos nossos produtos e do nosso processo de produ\u00e7\u00e3o.  <br><\/p>\n\n\n\n<p>Todos os anos, produzimos 1.650 milh\u00f5es de kg de res\u00edduos de pl\u00e1stico nos Pa\u00edses Baixos. Destes, 990 milh\u00f5es de kg (60%) continuam a ser incinerados, 41 milh\u00f5es de kg (2,5%) acabam na natureza e 248 milh\u00f5es de kg (15%) s\u00e3o reciclados. O processamento de pl\u00e1stico numa incineradora de res\u00edduos causou 770 milh\u00f5es de kg de emiss\u00f5es de CO<sub>2<\/sub> em 2017; <br><\/p>\n\n\n\n<p>A nossa vis\u00e3o \u00e9 um mundo sustent\u00e1vel e circular.\nUm mundo em que reutilizamos o que temos em uso, importamos menos e procuramos solu\u00e7\u00f5es e mat\u00e9rias-primas locais.\nEm tudo o que fazemos, consideramos o impacto ambiental dos nossos produtos e do nosso processo de produ\u00e7\u00e3o.  <br><\/p>\n\n\n\n<p>A Climate Signs utiliza apenas mat\u00e9rias-primas recicladas de alta qualidade, mantendo-as valiosas e reutilizadas na cadeia.<br><\/p>\n\n\n\n<p><br><strong>Um produto feito de pl\u00e1stico \u00e9 dur\u00e1vel?<\/strong><\/p>\n\n\n\n<p>Fabricamos os nossos produtos a partir de res\u00edduos de alta qualidade provenientes dos fluxos de res\u00edduos da Reciclagem P\u00f3s-Consumo e da Reciclagem P\u00f3s-Industrial.\nAo n\u00e3o utilizar novas mat\u00e9rias-primas de petr\u00f3leo (f\u00f3sseis), produzimos produtos 100% sustent\u00e1veis.   <\/p>\n\n\n\n<p><strong>Produtos da Climate Signs:<\/strong><\/p>\n\n\n\n<ul class=\"wp-block-list\">\n<li>Dura mais do que as alternativas inovadoras;<\/li>\n\n\n\n<li>Poupan\u00e7a de mat\u00e9rias-primas prim\u00e1rias, atrav\u00e9s da utiliza\u00e7\u00e3o de 100% de materiais reciclados;<\/li>\n\n\n\n<li>Assegura que as mat\u00e9rias-primas de alta qualidade s\u00e3o salvaguardadas para as gera\u00e7\u00f5es futuras.\nOs nossos produtos podem ser 100% reciclados. <\/li>\n<\/ul>\n\n\n\n<p><strong>Sinaliza\u00e7\u00e3o rodovi\u00e1ria de impacto ambiental:<\/strong><\/p>\n\n\n\n<p>Para um sinal de tr\u00e2nsito de 1000 x 1000 mm, poupa <strong>49,13<\/strong> kg de emiss\u00f5es de CO<sub>2<\/sub> ao utilizar um sinal de tr\u00e2nsito BRS reciclado da Climate Signs em vez de um sinal de alum\u00ednio novo.<\/p>\n\n\n\n<p>12 pe\u00e7as de sinaliza\u00e7\u00e3o rodovi\u00e1ria BRS-Sign equivalem a 1 voo de ida e volta para Paris em termos de poupan\u00e7a de emiss\u00f5es de CO<sub>2<\/sub> em compara\u00e7\u00e3o com o alum\u00ednio novo.<\/p>\n\n\n\n<p><strong>Medir a sustentabilidade:<\/strong><\/p>\n\n\n\n<p>A avalia\u00e7\u00e3o do ciclo de vida (LCA) \u00e9 um m\u00e9todo de c\u00e1lculo para determinar universalmente o impacto ambiental de um produto.\nA Climate Signs \u00e9 o \u00fanico fornecedor de sinais de tr\u00e2nsito nos Pa\u00edses Baixos que foi objeto de um estudo de ACV de categoria 1.\nNa sec\u00e7\u00e3o de impacto ambiental, partilhamos os resultados.    <\/p>\n\n\n\n<p><strong>E quanto aos micropl\u00e1sticos?<\/strong><\/p>\n\n\n\n<p>A \u00fanica coisa adicionada aos nossos produtos \u00e9 um corante de base biol\u00f3gica e um estabilizador UV.\nPara a cor preta ou cinzenta escura, nem sequer \u00e9 adicionado qualquer corante.\nO estabilizador de UV garante que os nossos produtos n\u00e3o descolorem e, por conseguinte, n\u00e3o se degradam devido \u00e0 radia\u00e7\u00e3o UV.\nOs maiores contribuintes para os micropl\u00e1sticos nos Pa\u00edses Baixos s\u00e3o os cosm\u00e9ticos e a utiliza\u00e7\u00e3o de m\u00e1quinas de lavar roupa (do vestu\u00e1rio), tintas e pneus (desgaste dos pneus).   <\/p>\n<\/div>\n<\/div>\n<\/div>\n\n\n\n<div style=\"height:100px\" aria-hidden=\"true\" class=\"wp-block-spacer\"><\/div>\n\n\n\n<div class=\"wp-block-group alignwide is-layout-constrained wp-block-group-is-layout-constrained\">\n<div class=\"wp-block-columns alignwide is-layout-flex wp-container-core-columns-is-layout-9d6595d7 wp-block-columns-is-layout-flex\">\n<div class=\"wp-block-column is-layout-flow wp-block-column-is-layout-flow\">\n<h2 class=\"wp-block-heading\" id=\"circulariteit\"><strong>Circularidade<\/strong><\/h2>\n\n\n\n<p><strong>Programa de reciclagem de pl\u00e1stico da Climate Signs<\/strong><\/p>\n\n\n\n<p><strong>Servi\u00e7o de recolha dos fluxos de res\u00edduos de pl\u00e1stico para a produ\u00e7\u00e3o de sinais de tr\u00e2nsito circulares.<\/strong><\/p>\n\n\n\n<p>A Climate Signs considera que \u00e9 sua obriga\u00e7\u00e3o tratar as pessoas e o ambiente com cuidado.\n\u00c9 por isso que s\u00f3 produzimos sinais de tr\u00e2nsito a partir de mat\u00e9rias-primas pl\u00e1sticas de base biol\u00f3gica ou recicladas. <\/p>\n\n\n\n<p>Uma vez que queremos evitar que os nossos sinais de tr\u00e2nsito, produzidos com elevada qualidade, acabem como material residual na elimina\u00e7\u00e3o regular de res\u00edduos ap\u00f3s o fim da sua vida \u00fatil t\u00e9cnica, desenvolvemos o nosso pr\u00f3prio sistema de devolu\u00e7\u00e3o com v\u00e1rios parceiros da cadeia.  <\/p>\n\n\n\n<p><\/p>\n\n\n\n<p>Os sinais de tr\u00e2nsito fornecidos pela Climate Signs podem, portanto, ser perfeitamente reciclados dentro da mesma cadeia.\nComo resultado, sobrecarregamos menos o ambiente e temos a garantia de que 100% dos nossos sinais de tr\u00e2nsito s\u00e3o reutilizados dentro da cadeia de produ\u00e7\u00e3o da Climate Signs. <\/p>\n\n\n\n<p><strong>Como:<\/strong><\/p>\n\n\n\n<p>Por cada cliente que escolha os sinais de tr\u00e2nsito inovadores da Climate Signs, instalamos gratuitamente um contentor de recolha de sinais de tr\u00e2nsito de 1m\u00b3 para reciclagem. O contentor \u00e9 colocado por um ve\u00edculo el\u00e9trico que \u00e9 carregado diariamente pelos nossos pr\u00f3prios pain\u00e9is solares. Quando o contentor estiver cheio, recolh\u00ea-lo-emos sem emiss\u00f5es de CO<sub>2<\/sub> e colocaremos um novo contentor. Os sinais de tr\u00e2nsito antigos s\u00e3o ent\u00e3o armazenados na Climate Signs at\u00e9 que haja material residual suficiente para o programa de reciclagem subsequente.<\/p>\n\n\n\n<p><\/p>\n\n\n\n<p>Se houver um fluxo de retorno suficiente, as mat\u00e9rias-primas de alta qualidade s\u00e3o transportadas de forma neutra em termos de CO<sub>2<\/sub> para o nosso parceiro de cadeia circular De Circulaire Plastics Fabriek (CPF) ou Kunststof Recycling Nederland (KRN). Nos nossos parceiros da cadeia de reciclagem, os sinais de tr\u00e2nsito tecnicamente eliminados s\u00e3o processados mecanicamente<sub>de forma neutra<\/sub> em<sub>termos de CO2<\/sub> em gr\u00e2nulos mold\u00e1veis por inje\u00e7\u00e3o (re-granulado) e 100% processados em novos sinais de tr\u00e2nsito.<\/p>\n\n\n\n<p><\/p>\n\n\n\n<p>Juntamente com os nossos parceiros, ligamos cadeias circulares. Desde a reciclagem f\u00edsica e a granula\u00e7\u00e3o at\u00e9 um produto final totalmente circular, atrav\u00e9s da moldagem por inje\u00e7\u00e3o. Durante a fase de desenvolvimento do produto na Climate Signs, analis\u00e1mos um design para reciclagem e log\u00edstica neutra em termos de CO<sub>2<\/sub>.<\/p>\n\n\n\n<p><\/p>\n\n\n\n<p>Esta \u00e9 a melhor parte do nosso conceito de produto sustent\u00e1vel: um produto sai da f\u00e1brica e, a dada altura, regressa para ser novamente transformado em sinais de tr\u00e2nsito.\nA Climate Signs e a The Circular Plastics Factory t\u00eam como objetivo converter o maior n\u00famero poss\u00edvel de materiais residuais em aplica\u00e7\u00f5es de alta qualidade, utilizando o material original tanto quanto poss\u00edvel.   <\/p>\n\n\n\n<p><\/p>\n\n\n\n<p>Uma vez que a separa\u00e7\u00e3o de res\u00edduos de pl\u00e1stico \u00e9 organizada de forma muito eficiente nos Pa\u00edses Baixos e todos os nossos produtos s\u00e3o fornecidos com um c\u00f3digo QR de mat\u00e9ria-prima ou um c\u00f3digo de reciclagem de pl\u00e1stico, os nossos sinais de tr\u00e2nsito de pl\u00e1stico s\u00e3o facilmente separados por tipo de pl\u00e1stico no fluxo regular de res\u00edduos e 100% reutilizados noutro processo de produ\u00e7\u00e3o.  <\/p>\n<\/div>\n\n\n\n<div class=\"wp-block-column is-layout-flow wp-block-column-is-layout-flow\">\n<p><strong>C\u00f3digo QR como indicado nos sinais:<\/strong><\/p>\n\n\n\n<p><strong>Mat\u00e9ria-prima de ABS reciclado Mat\u00e9ria-prima de ABS reciclado<\/strong><br><\/p>\n\n\n\n<figure class=\"wp-block-image aligncenter\"><img decoding=\"async\" src=\"https:\/\/lh7-us.googleusercontent.com\/66NgDeP6pAmnvuAjIZ68Mvftbfa4wZbb1tczCBewSw_q-5rPo7tcSkQvt_euN9S3Bdg_7SLleo5je1K53NHaI6TtFresJ7fOA0j7rL5UHfzB9Q7VqoM1OaLTObqZaBDvLyto3nJHfH7JYa2z7gD56zc\" alt=\"\"\/><\/figure>\n\n\n\n<p><br><strong>C\u00f3digo de reciclagem de pl\u00e1stico indicado nos sinais:<\/strong><\/p>\n\n\n\n<ol class=\"wp-block-list\">\n<li><img decoding=\"async\" width=\"126\" height=\"153\" src=\"https:\/\/lh7-us.googleusercontent.com\/7YQ60R5uFzsvMXkYz-VBjwUM1ucuNQvawy7_y7rihsOJTdGo1_55SZebkHfdPF8nFh9Re2w3nnkTNR1ntrIJPpExyes5N7Iv7tzpiFzNNedY2-7dWVtFKoEhGTsy9DKQnuQHRCAa5eGhm6SOKIL6VXA\"><strong> <\/strong><\/li>\n\n\n\n<li><strong>Sistema de retorno:<\/strong><\/li>\n<\/ol>\n\n\n\n<p>A introdu\u00e7\u00e3o da norma de qualidade Climate Signs CS\u00a9 permite que as autoridades rodovi\u00e1rias fa\u00e7am uma escolha ponderada em termos de sustentabilidade e reutiliza\u00e7\u00e3o circular de sinais de tr\u00e2nsito exteriores tecnicamente obsoletos. Com o sistema de retorno CS, prolongamos o ciclo de vida das mat\u00e9rias-primas existentes e reduzimos as emiss\u00f5es de CO<sub>2<\/sub> nas cadeias de produ\u00e7\u00e3o e distribui\u00e7\u00e3o existentes.<\/p>\n\n\n\n<p>A Climate Signs defende o desenvolvimento de produtos sustent\u00e1veis, promovendo uma sociedade neutra em termos de CO<sub>2<\/sub> e introduzindo inova\u00e7\u00f5es socialmente relevantes em rela\u00e7\u00e3o ao espa\u00e7o exterior em constante mudan\u00e7a.<\/p>\n\n\n\n<p><strong>Objectivos:<\/strong><\/p>\n\n\n\n<ul class=\"wp-block-list\">\n<li>Reutiliza os res\u00edduos das cadeias existentes de forma eficiente e com elevada qualidade;<\/li>\n\n\n\n<li>Substituir mat\u00e9rias-primas f\u00f3sseis, cr\u00edticas e produzidas de forma n\u00e3o sustent\u00e1vel (alum\u00ednio) por mat\u00e9rias-primas de base biol\u00f3gica e recicladas;<\/li>\n\n\n\n<li>Os produtos s\u00e3o concebidos de forma circular.<\/li>\n<\/ul>\n\n\n\n<p><strong>Procura um processo de produ\u00e7\u00e3o circular com preserva\u00e7\u00e3o do valor de todos os nossos res\u00edduos pl\u00e1sticos.<\/strong><\/p>\n\n\n\n<p>Pontos de partida:<\/p>\n\n\n\n<ul class=\"wp-block-list\">\n<li>A realiza\u00e7\u00e3o de um fluxo residual limpo (separa\u00e7\u00e3o interna de res\u00edduos por fam\u00edlia de recursos)  <\/li>\n\n\n\n<li>Concentra-se na reten\u00e7\u00e3o do valor da mat\u00e9ria-prima;<\/li>\n\n\n\n<li>Centra-te na utiliza\u00e7\u00e3o circular do re-granulado na produ\u00e7\u00e3o de novos sinais de tr\u00e2nsito.<\/li>\n<\/ul>\n\n\n\n<p>A preserva\u00e7\u00e3o do valor das mat\u00e9rias-primas \u00e9 um elemento essencial do nosso processo circular.\nAcreditamos que o material residual de grau A deve ser reutilizado como granulado de grau A para evitar a &#8220;desclassifica\u00e7\u00e3o&#8221; do material.\nPor isso, esfor\u00e7amo-nos por encontrar solu\u00e7\u00f5es \u00e0 medida no nosso programa de reciclagem de pl\u00e1sticos.  <\/p>\n\n\n\n<ol start=\"3\" class=\"wp-block-list\">\n<li><strong>O nosso objetivo \u00e9 a circularidade e a reten\u00e7\u00e3o de valor dos fluxos residuais.  <\/strong><\/li>\n\n\n\n<li><\/li>\n\n\n\n<li><strong>Regras do jogo Programa de reciclagem de pl\u00e1sticos Sinais clim\u00e1ticos<\/strong><\/li>\n<\/ol>\n\n\n\n<p>Fornecemos-te caixotes de reciclagem com uma capacidade de 1 m\u00b3, nos quais o material residual \u00e9 recolhido.  <\/p>\n\n\n\n<p>Obviamente, existem algumas &#8220;regras b\u00e1sicas&#8221; associadas a isto:<\/p>\n\n\n\n<ol class=\"wp-block-list\">\n<li>S\u00f3 ser\u00e3o recolhidos os materiais pl\u00e1sticos fornecidos por n\u00f3s;<\/li>\n\n\n\n<li>\u00c9 estritamente proibido depositar outros res\u00edduos, como madeira, alum\u00ednio, etc., no(s) caixote(s) de reciclagem;<\/li>\n\n\n\n<li>Assim que o(s) caixote(s) de reciclagem estiver(em) cheio(s), contacta a tua pessoa de contacto na Climate Signs. Ele assegurar\u00e1 que o(s) caixote(s) de reciclagem seja<sub>(<\/sub>m) esvaziado<sub>(<\/sub>s) de uma forma neutra em termos de CO<sub>2<\/sub>;<\/li>\n\n\n\n<li>Ao encher o(s) caixote(s) de reciclagem, espera-se que os materiais residuais sejam empilhados no(s) caixote(s) da forma mais eficiente poss\u00edvel.\nDe prefer\u00eancia, n\u00e3o devem ser colocados no(s) caixote(s) quaisquer materiais residuais salientes; <\/li>\n\n\n\n<li>Para que o processo circular seja bem sucedido, espera-se que todos os trabalhadores envolvidos tenham conhecimento dos acordos circulares acima referidos.  <\/li>\n<\/ol>\n\n\n\n<p>Se os caixotes de reciclagem n\u00e3o forem apresentados de acordo com estas regras b\u00e1sicas, a Climate Signs n\u00e3o os pode aceitar.\nAssim, \u00e9 importante que os teus empregados sejam informados das regras do jogo acima referidas. <\/p>\n\n\n\n<p>A realiza\u00e7\u00e3o de um fluxo residual limpo \u00e9 o nosso ponto de partida na reciclagem de pl\u00e1sticos.\nPara garantir este fluxo de res\u00edduos limpo aos nossos parceiros de reciclagem, s\u00e3o necess\u00e1rias as regras do jogo acima referidas. <\/p>\n\n\n\n<p>S\u00f3 trabalhando em conjunto dentro da cadeia \u00e9 que podemos profissionalizar o processo e oferecer-nos mais flexibilidade e capacidade de decis\u00e3o dentro do processo circular\/reciclagem.<br><\/p>\n\n\n\n<div class=\"wp-block-buttons is-content-justification-center is-layout-flex wp-container-core-buttons-is-layout-5590e8cb wp-block-buttons-is-layout-flex\">\n<div class=\"wp-block-button\"><a class=\"wp-block-button__link has-primary-background-color has-background has-text-align-left wp-element-button\" href=\"https:\/\/www.climatesigns.nl\/pt-pt\/?page_id=2720\" style=\"border-radius:6px\">Inscreve-te<\/a><\/div>\n<\/div>\n<\/div>\n<\/div>\n<\/div>\n\n\n\n<div style=\"height:100px\" aria-hidden=\"true\" class=\"wp-block-spacer\"><\/div>\n\n\n\n<div class=\"wp-block-group alignwide is-layout-constrained wp-block-group-is-layout-constrained\">\n<div class=\"wp-block-columns alignwide is-layout-flex wp-container-core-columns-is-layout-9d6595d7 wp-block-columns-is-layout-flex\">\n<div class=\"wp-block-column is-layout-flow wp-block-column-is-layout-flow\">\n<figure class=\"wp-block-image\"><img decoding=\"async\" src=\"https:\/\/lh7-us.googleusercontent.com\/GFtLyALamBNvHHkc_lUhf_N4IjOq2y2aOaTsWdAojXXyuWPzsAFEmffqorjxkZaEhIhp1_xgGBHxYDzedZacnT6aONWKGP5oY5zNAAH5ewX-EbNT1Dfmrgptt-7K2ZxD9xZPIWVwSxeG3qDVFVvpO2g\" alt=\"Imagem com tabela Descri\u00e7\u00e3o gerada automaticamente\"\/><\/figure>\n<\/div>\n\n\n\n<div class=\"wp-block-column is-layout-flow wp-block-column-is-layout-flow\">\n<h2 class=\"wp-block-heading\" id=\"kwaliteit\">Qualidade<\/h2>\n\n\n\n<p>Os sinais de tr\u00e2nsito da Climate Signs s\u00e3o produzidos 100% a partir de mat\u00e9rias-primas de base biol\u00f3gica ou circular, e a produ\u00e7\u00e3o dos nossos suportes sustent\u00e1veis \u00e9 totalmente neutra em termos de C02 (energia solar).  <\/p>\n\n\n\n<p>Qualquer autoridade rodovi\u00e1ria que opte pela sustentabilidade acabar\u00e1 por utilizar os sinais de tr\u00e2nsito inovadores da Climate Signs.\nPara fazer a transi\u00e7\u00e3o ecol\u00f3gica com os sinais de tr\u00e2nsito, \u00e9 muito importante que ofere\u00e7amos uma qualidade compar\u00e1vel \u00e0 do alum\u00ednio.\nUma vez que os sinais de tr\u00e2nsito em favo de mel da Climate Signs s\u00e3o a \u00fanica alternativa ao alum\u00ednio totalmente certificada pela CE, podemos oferecer a qualidade descrita nas normas EN12899:2007 e NEN 3381.  <\/p>\n\n\n\n<p>O suporte de um sinal de tr\u00e2nsito \u00e9 apenas uma parte do sinal de tr\u00e2nsito.\nA parte mais importante do sinal de tr\u00e2nsito \u00e9 o rosto do sinal (superf\u00edcie pict\u00f3rica) nele afixado.   <\/p>\n\n\n\n<p>Uma vez que apenas pretendemos a mais elevada qualidade para os sinais de tr\u00e2nsito da Climate Signs, opt\u00e1mos por uma tecnologia de impress\u00e3o com pel\u00edcula de reflex\u00e3o de classe III para a produ\u00e7\u00e3o do painel de sinaliza\u00e7\u00e3o.  <\/p>\n\n\n\n<p><strong>Pel\u00edcula reflectora:<\/strong><\/p>\n\n\n\n<p>A pel\u00edcula reflectora nos sinais de tr\u00e2nsito tem vindo a melhorar significativamente a seguran\u00e7a rodovi\u00e1ria h\u00e1 mais de 80 anos.\nUma vez que os sinais de tr\u00e2nsito devem ser vis\u00edveis e reconhec\u00edveis por todos os utentes da estrada, em todas as condi\u00e7\u00f5es climat\u00e9ricas, enquanto portadores de informa\u00e7\u00f5es verticais, fornecemos aos nossos sinais de tr\u00e2nsito alveolares duradouros uma pel\u00edcula reflectora de classe III de alta qualidade.\nA pel\u00edcula retrorreflectora aplicada \u00e9 altamente vis\u00edvel tanto a longas como a curtas dist\u00e2ncias e proporciona uma \u00f3ptima visibilidade nocturna, resultando em menos 64% de acidentes.  <\/p>\n\n\n\n<p>O plano de imagem deve cumprir integralmente os valores m\u00ednimos de retrorreflex\u00e3o exigidos pela norma DIN 67520-2013:10, tipo RA3A e RA3B, com uma funcionalidade \u00f3ptima em \u00e2ngulos de observa\u00e7\u00e3o e de vis\u00e3o grandes e pequenos, de acordo com o quadro.<\/p>\n<\/div>\n<\/div>\n<\/div>\n\n\n\n<div style=\"height:100px\" aria-hidden=\"true\" class=\"wp-block-spacer\"><\/div>\n\n\n\n<div class=\"wp-block-group alignwide is-layout-constrained wp-block-group-is-layout-constrained\">\n<div class=\"wp-block-columns alignwide is-layout-flex wp-container-core-columns-is-layout-9d6595d7 wp-block-columns-is-layout-flex\">\n<div class=\"wp-block-column is-layout-flow wp-block-column-is-layout-flow\">\n<p><strong>Pel\u00edcula de marca\u00e7\u00e3o CE:<\/strong><\/p>\n\n\n\n<p>A marca\u00e7\u00e3o CE \u00e9 uma declara\u00e7\u00e3o do fabricante de que o produto est\u00e1 em conformidade com todas as leis e regulamentos aplic\u00e1veis de diretivas europeias espec\u00edficas.\nA pel\u00edcula retrorreflectora aplicada pela Climate Signs est\u00e1 totalmente em conformidade com os regulamentos europeus para produtos de constru\u00e7\u00e3o.\nA marca CE e os dados adicionais do produto (n\u00famero de lote e prazo de validade) s\u00e3o inclu\u00eddos como marca de \u00e1gua na pel\u00edcula retrorreflectora.  <br><\/p>\n\n\n\n<p><strong>Extens\u00e3o da garantia<\/strong><\/p>\n\n\n\n<p>Na Climate Signs, associamos a qualidade \u00e0 inova\u00e7\u00e3o e \u00e0 sustentabilidade.\nA tecnologia de impress\u00e3o UV revolucionou a produ\u00e7\u00e3o de superf\u00edcies de sinaliza\u00e7\u00e3o rodovi\u00e1ria (\u00e1rea da imagem).\nUma vez que todas as placas de sinaliza\u00e7\u00e3o da Climate Signs s\u00e3o impressas, a produ\u00e7\u00e3o produz significativamente menos res\u00edduos e impacto ambiental do que os m\u00e9todos de produ\u00e7\u00e3o tradicionais.\nUma vez que s\u00e3o utilizadas tintas UV sem solventes e amigas do ambiente, \u00e9 garantida uma durabilidade \u00f3ptima.\nPara proteger a folha e a tinta da radia\u00e7\u00e3o UV e dos danos, o painel de sinaliza\u00e7\u00e3o \u00e9 adicionalmente fornecido com um laminado transparente (bloqueador de UV).\nO sistema de folha e tinta \u00e9 composto com cuidado e forma um sistema \u00fanico de componentes combinados, garantindo uma qualidade muito elevada durante um longo per\u00edodo de tempo.     <\/p>\n\n\n\n<p>A superf\u00edcie uniforme da imagem garante ainda que a sujidade do tr\u00e2nsito e o crescimento de algas t\u00eam menos probabilidades de aderir ao sinal de tr\u00e2nsito.\nEm \u00e1reas com elevados n\u00edveis de graffiti ou de colagem de autocolantes, podemos aplicar uma pel\u00edcula especial anti-graffiti ou anti-adesivo.   <br><\/p>\n\n\n\n<p><strong>Impress\u00e3o digital<\/strong><\/p>\n\n\n\n<p>A investiga\u00e7\u00e3o cient\u00edfica mostra que o impacto ambiental da impress\u00e3o digital \u00e9 cerca de 60% inferior ao da impress\u00e3o serigr\u00e1fica.\nPor conseguinte, a impress\u00e3o de caracteres de sinaliza\u00e7\u00e3o \u00e9 muitas vezes mais ecol\u00f3gica do que a t\u00e9cnica tradicional de produ\u00e7\u00e3o de serigrafia.   <\/p>\n\n\n\n<p>A superf\u00edcie da imagem \u00e9 uma pel\u00edcula microprism\u00e1tica.\nO material da pel\u00edcula de pol\u00edmero \u00e9 produzido utilizando os processos de produ\u00e7\u00e3o mais optimizados, a t\u00e9cnica de micro-replica\u00e7\u00e3o, \u00e9 autoadesivo e n\u00e3o cont\u00e9m solventes.\nAs pel\u00edculas reflectoras microprism\u00e1ticas fazem com que a luz reflectida regresse ao m\u00e1ximo \u00e0 fonte de luz.    <br><\/p>\n\n\n\n<p><strong>Vantagens da tecnologia de impress\u00e3o:  <\/strong><\/p>\n\n\n\n<ul class=\"wp-block-list\">\n<li>Utiliza\u00e7\u00e3o ecol\u00f3gica de tintas UV sem solventes;<\/li>\n\n\n\n<li>Prote\u00e7\u00e3o da tinta e da pel\u00edcula por laminado;<\/li>\n\n\n\n<li>A sujidade (graffiti ou dep\u00f3sitos de algas) \u00e9 f\u00e1cil de remover;<\/li>\n\n\n\n<li>Vida \u00fatil econ\u00f3mica e t\u00e9cnica mais longa.<\/li>\n<\/ul>\n\n\n\n<p>A superf\u00edcie de sinaliza\u00e7\u00e3o retrorreflectora de classe III aplicada ao sinal de tr\u00e2nsito em favo de mel est\u00e1 coberta por uma garantia de 12 anos.  <\/p>\n\n\n\n<p>O sinal de tr\u00e2nsito em favo de mel da Climate Signs introduz, assim, um novo padr\u00e3o de qualidade, aliado \u00e0 m\u00e1xima durabilidade e a um \u00edndice ECO muito favor\u00e1vel.  <\/p>\n\n\n\n<p>Assim, todos os signfaces cumprem amplamente a norma europeia NEN-EN 12899-1:2007, a norma nacional adicional NEN 3381:2020, os regulamentos de implementa\u00e7\u00e3o BABW relativos aos sinais de tr\u00e2nsito (Besluit Administratieve Bepalingen inzake het Wegverkeer) e o RVV 1990 (Reglement Verkeersregels en Verkeerstekens 1990).  <\/p>\n<\/div>\n\n\n\n<div class=\"wp-block-column is-layout-flow wp-block-column-is-layout-flow\">\n<p><strong>Limpa a cara do sinal:<\/strong><\/p>\n\n\n\n<p>A sujidade normal pode ser limpa com uma escova macia ou uma esponja e enxaguada com \u00e1gua desmineralizada.\nN\u00e3o \u00e9 necess\u00e1rio um agente de limpeza.\nPara graffiti, utiliza um agente de limpeza n\u00e3o abrasivo que n\u00e3o contenha solventes fortes.  <br><\/p>\n\n\n\n<p><strong>Garante:<\/strong><\/p>\n\n\n\n<ul class=\"wp-block-list\">\n<li>Ades\u00e3o da superf\u00edcie da imagem (pel\u00edcula e laminado) ao suporte em &gt;98% da superf\u00edcie;<\/li>\n\n\n\n<li>O valor de retrorreflex\u00e3o das faces de sinaliza\u00e7\u00e3o impressas continua a cumprir a norma DIN 67520:2013:10, tabelas 8 e 9;  <\/li>\n\n\n\n<li>A degrada\u00e7\u00e3o da cor enquadra-se na classe de lumin\u00e2ncia B2 da norma EN-12899-1.  <\/li>\n<\/ul>\n\n\n\n<p>Se os sinais n\u00e3o cumprirem as condi\u00e7\u00f5es acima referidas, forneceremos um sinal de substitui\u00e7\u00e3o equivalente, que seja pelo menos da mesma data de produ\u00e7\u00e3o ou posterior.\nDe acordo com uma deprecia\u00e7\u00e3o linear (garantia expirada).   <br><\/p>\n\n\n\n<p><strong>Condi\u00e7\u00f5es de garantia:<\/strong><\/p>\n\n\n\n<ul class=\"wp-block-list\">\n<li>O sinal de tr\u00e2nsito \u00e9 montado por um empreiteiro ou comprador aprovado pela Climate Signs;<\/li>\n\n\n\n<li>O sistema de sinais de tr\u00e2nsito (suporte e fixadores) foi adquirido \u00e0 Climate Signs;<\/li>\n\n\n\n<li>O sinal de tr\u00e2nsito foi instalado de acordo com as instru\u00e7\u00f5es de montagem e coloca\u00e7\u00e3o;  <\/li>\n\n\n\n<li>O sinal de tr\u00e2nsito s\u00f3 foi utilizado num local;  <\/li>\n\n\n\n<li>Para locais com elevada exposi\u00e7\u00e3o a produtos qu\u00edmicos, como regi\u00f5es costeiras e perto de ind\u00fastrias pesadas, pode aplicar-se um per\u00edodo de garantia diferente;  <\/li>\n\n\n\n<li>Usa-o normalmente;  <\/li>\n\n\n\n<li>\u00c9 demonstrada a exist\u00eancia de uma manuten\u00e7\u00e3o peri\u00f3dica de acordo com os regulamentos de manuten\u00e7\u00e3o da VNVF (ver vnvf.nl\/maintenance-regulations).<\/li>\n<\/ul>\n\n\n\n<p>A produ\u00e7\u00e3o neutra para o clima e a mat\u00e9ria-prima 100% circular ou de base biol\u00f3gica para os nossos sinais de tr\u00e2nsito, juntamente com o letreiro impresso, garantem o sinal de tr\u00e2nsito mais sustent\u00e1vel dos Pa\u00edses Baixos<\/p>\n<\/div>\n<\/div>\n\n\n\n<p><\/p>\n<\/div>\n","protected":false},"excerpt":{"rendered":"<p>Sustentabilidade A nossa vis\u00e3o \u00e9 um mundo sustent\u00e1vel e circular. Um mundo em que reutilizamos o que temos em uso, importamos menos e procuramos solu\u00e7\u00f5es e mat\u00e9rias-primas locais. Em tudo o que fazemos, consideramos o impacto ambiental dos nossos produtos e do nosso processo de produ\u00e7\u00e3o. Todos os anos, produzimos&#8230;<\/p>\n","protected":false},"author":1,"featured_media":0,"parent":0,"menu_order":0,"comment_status":"closed","ping_status":"closed","template":"page-templates\/no-title.php","meta":{"_gspb_post_css":"","footnotes":""},"class_list":["post-3027","page","type-page","status-publish","hentry"],"_links":{"self":[{"href":"https:\/\/www.climatesigns.nl\/pt-pt\/wp-json\/wp\/v2\/pages\/3027","targetHints":{"allow":["GET"]}}],"collection":[{"href":"https:\/\/www.climatesigns.nl\/pt-pt\/wp-json\/wp\/v2\/pages"}],"about":[{"href":"https:\/\/www.climatesigns.nl\/pt-pt\/wp-json\/wp\/v2\/types\/page"}],"author":[{"embeddable":true,"href":"https:\/\/www.climatesigns.nl\/pt-pt\/wp-json\/wp\/v2\/users\/1"}],"replies":[{"embeddable":true,"href":"https:\/\/www.climatesigns.nl\/pt-pt\/wp-json\/wp\/v2\/comments?post=3027"}],"version-history":[{"count":4,"href":"https:\/\/www.climatesigns.nl\/pt-pt\/wp-json\/wp\/v2\/pages\/3027\/revisions"}],"predecessor-version":[{"id":3679,"href":"https:\/\/www.climatesigns.nl\/pt-pt\/wp-json\/wp\/v2\/pages\/3027\/revisions\/3679"}],"wp:attachment":[{"href":"https:\/\/www.climatesigns.nl\/pt-pt\/wp-json\/wp\/v2\/media?parent=3027"}],"curies":[{"name":"wp","href":"https:\/\/api.w.org\/{rel}","templated":true}]}}