{"id":5142,"date":"2023-10-06T12:48:04","date_gmt":"2023-10-06T10:48:04","guid":{"rendered":"https:\/\/www.climatesigns.nl\/abs-pc\/"},"modified":"2025-06-30T14:29:20","modified_gmt":"2025-06-30T12:29:20","slug":"abs-pc","status":"publish","type":"page","link":"https:\/\/www.climatesigns.nl\/sv\/abs-pc\/","title":{"rendered":"ABS PC"},"content":{"rendered":"\n<div class=\"wp-block-cover alignfull is-light\"><span aria-hidden=\"true\" class=\"wp-block-cover__background has-background-dim-0 has-background-dim\"><\/span><img decoding=\"async\" width=\"1024\" height=\"427\" class=\"wp-block-cover__image-background wp-image-1009\" alt=\"\" src=\"https:\/\/www.climatesigns.nl\/wp-content\/uploads\/2023\/09\/CS_Hero-BG_Type-2-1024x427.jpg\" data-object-fit=\"cover\" srcset=\"https:\/\/www.climatesigns.nl\/wp-content\/uploads\/2023\/09\/CS_Hero-BG_Type-2-1024x427.jpg 1024w, https:\/\/www.climatesigns.nl\/wp-content\/uploads\/2023\/09\/CS_Hero-BG_Type-2-300x125.jpg 300w, https:\/\/www.climatesigns.nl\/wp-content\/uploads\/2023\/09\/CS_Hero-BG_Type-2-768x320.jpg 768w, https:\/\/www.climatesigns.nl\/wp-content\/uploads\/2023\/09\/CS_Hero-BG_Type-2.jpg 1440w\" sizes=\"(max-width: 1024px) 100vw, 1024px\" \/><div class=\"wp-block-cover__inner-container is-layout-flow wp-block-cover-is-layout-flow\">\n<h2 class=\"wp-block-heading has-black-color has-text-color has-xxxl-font-size\" id=\"ik-ben-in-nederland-gemaakt-van-een-hoogwaardig-polymeerblend-abs-acrylonitril-butadieen-styreen-pc-polycarbonaat-regeneraat\" style=\"margin-right:var(--wp--preset--spacing--80);margin-left:var(--wp--preset--spacing--80)\">Jag \u00e4r tillverkad i Nederl\u00e4nderna av en h\u00f6gkvalitativ polymerblandning ABS <br\/>(Acrylonitrile-Butadiene-Styrene) + PC (Polycarbonate) regenerate.<\/h2>\n<\/div><\/div>\n\n<h3 class=\"wp-block-heading\" id=\"wat-is-abs-pc-regeneraat\" style=\"padding-top:var(--wp--preset--spacing--60)\">Vad \u00e4r ABS\/PC regenerate?<\/h3>\n\n<p>ABS\/PC regenerate avser en ABS\/PC plastblandning (komposition) som \u00e4r tillverkad av 100% \u00e5tervunnet material (kallat recyclate). R\u00e5materialet bearbetas till en formsprutningsbar ny regeneratpellet inom \u00e5tervinningsprocessen. <\/p>\n\n<h3 class=\"wp-block-heading\" id=\"hoe-wordt-abs-pc-gerecycled\">Hur \u00e5tervinns ABS\/PC?<\/h3>\n\n<p>N\u00e4r en plast\u00e5tervinningsanl\u00e4ggning tar emot plast strimlas alla enheter av plast. D\u00e4refter filtreras alla andra f\u00f6roreningar som metaller och o\u00f6nskade plaster bort av ett vattensystem i olika hastigheter. I slut\u00e4ndan \u00e5terst\u00e5r en ren r\u00e5varustr\u00f6m av ABS\/PC-plast.  <\/p>\n\n<h3 class=\"wp-block-heading\" id=\"hoe-en-waar-wordt-abs-pc-gebruikt\">Hur och var anv\u00e4nds ABS\/PC?<\/h3>\n\n<p>Eftersom ABS\/PC \u00e4r en mycket elastisk och slagt\u00e5lig plast anv\u00e4nds den f\u00f6r:<\/p>\n\n<ul class=\"wp-block-list\">\n<li>Tangentbord f\u00f6r dator;<\/li>\n\n\n\n<li>Bostadsdatorer;<\/li>\n\n\n\n<li>Instrumentpaneler;<\/li>\n\n\n\n<li>H\u00f6lje f\u00f6r elverktyg;<\/li>\n\n\n\n<li>TV-rutor;<\/li>\n\n\n\n<li>Datorkomponenter;<\/li>\n\n\n\n<li>Bildelar;<\/li>\n\n\n\n<li>Bagagev\u00e4skor;<\/li>\n\n\n\n<li>Flygplanstill\u00e4mpningar;<\/li>\n\n\n\n<li>Mobila enheter;<\/li>\n\n\n\n<li>Stolar, bord, containrar etc.<\/li>\n<\/ul>\n\n<h3 class=\"wp-block-heading\" id=\"wat-zijn-de-eigenschappen-van-abs-pc\">Vilka \u00e4r egenskaperna hos ABS\/PC?<\/h3>\n\n<div class=\"wp-block-greenshift-blocks-iconlist gspb_iconsList gspb_iconsList-id-gsbp-5e64358e-a849\" id=\"gspb_iconsList-id-gsbp-5e64358e-a849\"><div class=\"gspb_iconsList__item\" data-id=\"0\"><svg xmlns=\"http:\/\/www.w3.org\/2000\/svg\" class=\"\" style=\"display:inline-block;vertical-align:middle\" width=\"18\" height=\"18\" viewbox=\"0 0 1024 1024\"><path style=\"fill:#565D66\" d=\"M871.696 166.932l-526.088 526.088-193.304-193.304c-9.372-9.372-24.568-9.372-33.942 0l-56.568 56.568c-9.372 9.372-9.372 24.568 0 33.942l266.842 266.842c9.372 9.372 24.568 9.372 33.942 0l599.626-599.626c9.372-9.372 9.372-24.568 0-33.942l-56.568-56.568c-9.372-9.372-24.568-9.372-33.94 0z\"><\/path><\/svg><span class=\"gspb_iconsList__item__text\">ABS\/PC har h\u00f6g slagt\u00e5lighet, \u00e4ven vid l\u00e5ga temperaturer;<\/span><\/div><div class=\"gspb_iconsList__item\" data-id=\"1\"><svg xmlns=\"http:\/\/www.w3.org\/2000\/svg\" class=\"\" style=\"display:inline-block;vertical-align:middle\" width=\"18\" height=\"18\" viewbox=\"0 0 1024 1024\"><path style=\"fill:#565D66\" d=\"M871.696 166.932l-526.088 526.088-193.304-193.304c-9.372-9.372-24.568-9.372-33.942 0l-56.568 56.568c-9.372 9.372-9.372 24.568 0 33.942l266.842 266.842c9.372 9.372 24.568 9.372 33.942 0l599.626-599.626c9.372-9.372 9.372-24.568 0-33.942l-56.568-56.568c-9.372-9.372-24.568-9.372-33.94 0z\"><\/path><\/svg><span class=\"gspb_iconsList__item__text\">ABS\/PC har h\u00f6g styvhet, \u00e4r funktionellt flexibelt och kan absorbera st\u00f6tenergi;<\/span><\/div><div class=\"gspb_iconsList__item\" data-id=\"2\"><svg xmlns=\"http:\/\/www.w3.org\/2000\/svg\" class=\"\" style=\"display:inline-block;vertical-align:middle\" width=\"18\" height=\"18\" viewbox=\"0 0 1024 1024\"><path style=\"fill:#565D66\" d=\"M871.696 166.932l-526.088 526.088-193.304-193.304c-9.372-9.372-24.568-9.372-33.942 0l-56.568 56.568c-9.372 9.372-9.372 24.568 0 33.942l266.842 266.842c9.372 9.372 24.568 9.372 33.942 0l599.626-599.626c9.372-9.372 9.372-24.568 0-33.942l-56.568-56.568c-9.372-9.372-24.568-9.372-33.94 0z\"><\/path><\/svg><span class=\"gspb_iconsList__item__text\">ABS\/PC-deformation under mekanisk p\u00e5frestning f\u00f6rsumbar;<\/span><\/div><div class=\"gspb_iconsList__item\" data-id=\"3\"><svg xmlns=\"http:\/\/www.w3.org\/2000\/svg\" class=\"\" style=\"display:inline-block;vertical-align:middle\" width=\"18\" height=\"18\" viewbox=\"0 0 1024 1024\"><path style=\"fill:#565D66\" d=\"M871.696 166.932l-526.088 526.088-193.304-193.304c-9.372-9.372-24.568-9.372-33.942 0l-56.568 56.568c-9.372 9.372-9.372 24.568 0 33.942l266.842 266.842c9.372 9.372 24.568 9.372 33.942 0l599.626-599.626c9.372-9.372 9.372-24.568 0-33.942l-56.568-56.568c-9.372-9.372-24.568-9.372-33.94 0z\"><\/path><\/svg><span class=\"gspb_iconsList__item__text\">ABS har en mycket h\u00f6g slagt\u00e5lighet ner till -30 grader;<\/span><\/div><div class=\"gspb_iconsList__item\" data-id=\"4\"><svg xmlns=\"http:\/\/www.w3.org\/2000\/svg\" class=\"\" style=\"display:inline-block;vertical-align:middle\" width=\"18\" height=\"18\" viewbox=\"0 0 1024 1024\"><path style=\"fill:#565D66\" d=\"M871.696 166.932l-526.088 526.088-193.304-193.304c-9.372-9.372-24.568-9.372-33.942 0l-56.568 56.568c-9.372 9.372-9.372 24.568 0 33.942l266.842 266.842c9.372 9.372 24.568 9.372 33.942 0l599.626-599.626c9.372-9.372 9.372-24.568 0-33.942l-56.568-56.568c-9.372-9.372-24.568-9.372-33.94 0z\"><\/path><\/svg><span class=\"gspb_iconsList__item__text\">ABS\/PC \u00e4r v\u00e4rmebest\u00e4ndigt;<\/span><\/div><div class=\"gspb_iconsList__item\" data-id=\"5\"><svg xmlns=\"http:\/\/www.w3.org\/2000\/svg\" class=\"\" style=\"display:inline-block;vertical-align:middle\" width=\"18\" height=\"18\" viewbox=\"0 0 1024 1024\"><path style=\"fill:#565D66\" d=\"M871.696 166.932l-526.088 526.088-193.304-193.304c-9.372-9.372-24.568-9.372-33.942 0l-56.568 56.568c-9.372 9.372-9.372 24.568 0 33.942l266.842 266.842c9.372 9.372 24.568 9.372 33.942 0l599.626-599.626c9.372-9.372 9.372-24.568 0-33.942l-56.568-56.568c-9.372-9.372-24.568-9.372-33.94 0z\"><\/path><\/svg><span class=\"gspb_iconsList__item__text\">ABS\/PC \u00e4r rept\u00e5ligt;<\/span><\/div><div class=\"gspb_iconsList__item\" data-id=\"6\"><svg xmlns=\"http:\/\/www.w3.org\/2000\/svg\" class=\"\" style=\"display:inline-block;vertical-align:middle\" width=\"18\" height=\"18\" viewbox=\"0 0 1024 1024\"><path style=\"fill:#565D66\" d=\"M871.696 166.932l-526.088 526.088-193.304-193.304c-9.372-9.372-24.568-9.372-33.942 0l-56.568 56.568c-9.372 9.372-9.372 24.568 0 33.942l266.842 266.842c9.372 9.372 24.568 9.372 33.942 0l599.626-599.626c9.372-9.372 9.372-24.568 0-33.942l-56.568-56.568c-9.372-9.372-24.568-9.372-33.94 0z\"><\/path><\/svg><span class=\"gspb_iconsList__item__text\">H\u00f6g IP-klassning;<\/span><\/div><div class=\"gspb_iconsList__item\" data-id=\"7\"><svg xmlns=\"http:\/\/www.w3.org\/2000\/svg\" class=\"\" style=\"display:inline-block;vertical-align:middle\" width=\"18\" height=\"18\" viewbox=\"0 0 1024 1024\"><path style=\"fill:#565D66\" d=\"M871.696 166.932l-526.088 526.088-193.304-193.304c-9.372-9.372-24.568-9.372-33.942 0l-56.568 56.568c-9.372 9.372-9.372 24.568 0 33.942l266.842 266.842c9.372 9.372 24.568 9.372 33.942 0l599.626-599.626c9.372-9.372 9.372-24.568 0-33.942l-56.568-56.568c-9.372-9.372-24.568-9.372-33.94 0z\"><\/path><\/svg><span class=\"gspb_iconsList__item__text\">Kan anv\u00e4ndas i ett brett temperaturomr\u00e5de;<\/span><\/div><div class=\"gspb_iconsList__item\" data-id=\"8\"><svg xmlns=\"http:\/\/www.w3.org\/2000\/svg\" class=\"\" style=\"display:inline-block;vertical-align:middle\" width=\"18\" height=\"18\" viewbox=\"0 0 1024 1024\"><path style=\"fill:#565D66\" d=\"M871.696 166.932l-526.088 526.088-193.304-193.304c-9.372-9.372-24.568-9.372-33.942 0l-56.568 56.568c-9.372 9.372-9.372 24.568 0 33.942l266.842 266.842c9.372 9.372 24.568 9.372 33.942 0l599.626-599.626c9.372-9.372 9.372-24.568 0-33.942l-56.568-56.568c-9.372-9.372-24.568-9.372-33.94 0z\"><\/path><\/svg><span class=\"gspb_iconsList__item__text\">ABS\/PC \u00e4r flamskyddad och sj\u00e4lvsl\u00e4ckande;<\/span><\/div><div class=\"gspb_iconsList__item\" data-id=\"9\"><svg xmlns=\"http:\/\/www.w3.org\/2000\/svg\" class=\"\" style=\"display:inline-block;vertical-align:middle\" width=\"18\" height=\"18\" viewbox=\"0 0 1024 1024\"><path style=\"fill:#565D66\" d=\"M871.696 166.932l-526.088 526.088-193.304-193.304c-9.372-9.372-24.568-9.372-33.942 0l-56.568 56.568c-9.372 9.372-9.372 24.568 0 33.942l266.842 266.842c9.372 9.372 24.568 9.372 33.942 0l599.626-599.626c9.372-9.372 9.372-24.568 0-33.942l-56.568-56.568c-9.372-9.372-24.568-9.372-33.94 0z\"><\/path><\/svg><span class=\"gspb_iconsList__item__text\">God kemisk best\u00e4ndighet;<\/span><\/div><div class=\"gspb_iconsList__item\" data-id=\"10\"><svg xmlns=\"http:\/\/www.w3.org\/2000\/svg\" class=\"\" style=\"display:inline-block;vertical-align:middle\" width=\"18\" height=\"18\" viewbox=\"0 0 1024 1024\"><path style=\"fill:#565D66\" d=\"M871.696 166.932l-526.088 526.088-193.304-193.304c-9.372-9.372-24.568-9.372-33.942 0l-56.568 56.568c-9.372 9.372-9.372 24.568 0 33.942l266.842 266.842c9.372 9.372 24.568 9.372 33.942 0l599.626-599.626c9.372-9.372 9.372-24.568 0-33.942l-56.568-56.568c-9.372-9.372-24.568-9.372-33.94 0z\"><\/path><\/svg><span class=\"gspb_iconsList__item__text\">L\u00e5g vikt;<\/span><\/div><div class=\"gspb_iconsList__item\" data-id=\"11\"><svg xmlns=\"http:\/\/www.w3.org\/2000\/svg\" class=\"\" style=\"display:inline-block;vertical-align:middle\" width=\"18\" height=\"18\" viewbox=\"0 0 1024 1024\"><path style=\"fill:#565D66\" d=\"M871.696 166.932l-526.088 526.088-193.304-193.304c-9.372-9.372-24.568-9.372-33.942 0l-56.568 56.568c-9.372 9.372-9.372 24.568 0 33.942l266.842 266.842c9.372 9.372 24.568 9.372 33.942 0l599.626-599.626c9.372-9.372 9.372-24.568 0-33.942l-56.568-56.568c-9.372-9.372-24.568-9.372-33.94 0z\"><\/path><\/svg><span class=\"gspb_iconsList__item__text\">H\u00f6g strukturell styrka, vilket g\u00f6r att skyltarna uppfyller kraven i standarderna NEN-3318 och EN-12899-1:2007;<\/span><\/div><div class=\"gspb_iconsList__item\" data-id=\"12\"><svg xmlns=\"http:\/\/www.w3.org\/2000\/svg\" class=\"\" style=\"display:inline-block;vertical-align:middle\" width=\"18\" height=\"18\" viewbox=\"0 0 1024 1024\"><path style=\"fill:#565D66\" d=\"M871.696 166.932l-526.088 526.088-193.304-193.304c-9.372-9.372-24.568-9.372-33.942 0l-56.568 56.568c-9.372 9.372-9.372 24.568 0 33.942l266.842 266.842c9.372 9.372 24.568 9.372 33.942 0l599.626-599.626c9.372-9.372 9.372-24.568 0-33.942l-56.568-56.568c-9.372-9.372-24.568-9.372-33.94 0z\"><\/path><\/svg><span class=\"gspb_iconsList__item__text\">God UV-best\u00e4ndighet.<\/span><\/div><\/div>\n\n<h3 class=\"wp-block-heading\" id=\"voordelen-gebruik-recycle-abs-pc-materiaal\" style=\"margin-top:var(--wp--preset--spacing--50);margin-bottom:0\">F\u00f6rdelarna med att anv\u00e4nda \u00e5tervunnet ABS\/PC-material:<\/h3>\n\n<p>ABS\/PC-blandningen \u00e4r en av de f\u00e5 blandningar som uppn\u00e5r betydande positiva synergieffekter genom att blanda 2 baspolymerer (polymerlegering).<\/p>\n\n<div class=\"wp-block-greenshift-blocks-iconlist gspb_iconsList gspb_iconsList-id-gsbp-c1e965ef-713b\" id=\"gspb_iconsList-id-gsbp-c1e965ef-713b\"><div class=\"gspb_iconsList__item\" data-id=\"0\"><svg xmlns=\"http:\/\/www.w3.org\/2000\/svg\" class=\"\" style=\"display:inline-block;vertical-align:middle\" width=\"18\" height=\"18\" viewbox=\"0 0 1024 1024\"><path style=\"fill:#565D66\" d=\"M871.696 166.932l-526.088 526.088-193.304-193.304c-9.372-9.372-24.568-9.372-33.942 0l-56.568 56.568c-9.372 9.372-9.372 24.568 0 33.942l266.842 266.842c9.372 9.372 24.568 9.372 33.942 0l599.626-599.626c9.372-9.372 9.372-24.568 0-33.942l-56.568-56.568c-9.372-9.372-24.568-9.372-33.94 0z\"><\/path><\/svg><span class=\"gspb_iconsList__item__text\">Ingen anv\u00e4ndning av prim\u00e4ra fossila resurser;<\/span><\/div><div class=\"gspb_iconsList__item\" data-id=\"1\"><svg xmlns=\"http:\/\/www.w3.org\/2000\/svg\" class=\"\" style=\"display:inline-block;vertical-align:middle\" width=\"18\" height=\"18\" viewbox=\"0 0 1024 1024\"><path style=\"fill:#565D66\" d=\"M871.696 166.932l-526.088 526.088-193.304-193.304c-9.372-9.372-24.568-9.372-33.942 0l-56.568 56.568c-9.372 9.372-9.372 24.568 0 33.942l266.842 266.842c9.372 9.372 24.568 9.372 33.942 0l599.626-599.626c9.372-9.372 9.372-24.568 0-33.942l-56.568-56.568c-9.372-9.372-24.568-9.372-33.94 0z\"><\/path><\/svg><span class=\"gspb_iconsList__item__text\">Minskar<sub>CO2-utsl\u00e4ppen<\/sub> med upp till 85%;<\/span><\/div><div class=\"gspb_iconsList__item\" data-id=\"2\"><svg xmlns=\"http:\/\/www.w3.org\/2000\/svg\" class=\"\" style=\"display:inline-block;vertical-align:middle\" width=\"18\" height=\"18\" viewbox=\"0 0 1024 1024\"><path style=\"fill:#565D66\" d=\"M871.696 166.932l-526.088 526.088-193.304-193.304c-9.372-9.372-24.568-9.372-33.942 0l-56.568 56.568c-9.372 9.372-9.372 24.568 0 33.942l266.842 266.842c9.372 9.372 24.568 9.372 33.942 0l599.626-599.626c9.372-9.372 9.372-24.568 0-33.942l-56.568-56.568c-9.372-9.372-24.568-9.372-33.94 0z\"><\/path><\/svg><span class=\"gspb_iconsList__item__text\">Mindre vattenf\u00f6rbrukning;<\/span><\/div><div class=\"gspb_iconsList__item\" data-id=\"3\"><svg xmlns=\"http:\/\/www.w3.org\/2000\/svg\" class=\"\" style=\"display:inline-block;vertical-align:middle\" width=\"18\" height=\"18\" viewbox=\"0 0 1024 1024\"><path style=\"fill:#565D66\" d=\"M871.696 166.932l-526.088 526.088-193.304-193.304c-9.372-9.372-24.568-9.372-33.942 0l-56.568 56.568c-9.372 9.372-9.372 24.568 0 33.942l266.842 266.842c9.372 9.372 24.568 9.372 33.942 0l599.626-599.626c9.372-9.372 9.372-24.568 0-33.942l-56.568-56.568c-9.372-9.372-24.568-9.372-33.94 0z\"><\/path><\/svg><span class=\"gspb_iconsList__item__text\">Minskad energif\u00f6rbrukning<sub>(CO2-neutral<\/sub> produktionsprocess);<\/span><\/div><div class=\"gspb_iconsList__item\" data-id=\"4\"><svg xmlns=\"http:\/\/www.w3.org\/2000\/svg\" class=\"\" style=\"display:inline-block;vertical-align:middle\" width=\"18\" height=\"18\" viewbox=\"0 0 1024 1024\"><path style=\"fill:#565D66\" d=\"M871.696 166.932l-526.088 526.088-193.304-193.304c-9.372-9.372-24.568-9.372-33.942 0l-56.568 56.568c-9.372 9.372-9.372 24.568 0 33.942l266.842 266.842c9.372 9.372 24.568 9.372 33.942 0l599.626-599.626c9.372-9.372 9.372-24.568 0-33.942l-56.568-56.568c-9.372-9.372-24.568-9.372-33.94 0z\"><\/path><\/svg><span class=\"gspb_iconsList__item__text\">Minska m\u00e4ngden plastavfall;<\/span><\/div><div class=\"gspb_iconsList__item\" data-id=\"5\"><svg xmlns=\"http:\/\/www.w3.org\/2000\/svg\" class=\"\" style=\"display:inline-block;vertical-align:middle\" width=\"18\" height=\"18\" viewbox=\"0 0 1024 1024\"><path style=\"fill:#565D66\" d=\"M871.696 166.932l-526.088 526.088-193.304-193.304c-9.372-9.372-24.568-9.372-33.942 0l-56.568 56.568c-9.372 9.372-9.372 24.568 0 33.942l266.842 266.842c9.372 9.372 24.568 9.372 33.942 0l599.626-599.626c9.372-9.372 9.372-24.568 0-33.942l-56.568-56.568c-9.372-9.372-24.568-9.372-33.94 0z\"><\/path><\/svg><span class=\"gspb_iconsList__item__text\">\u00c5tervinns till 100% efter anv\u00e4ndning;<\/span><\/div><div class=\"gspb_iconsList__item\" data-id=\"6\"><svg xmlns=\"http:\/\/www.w3.org\/2000\/svg\" class=\"\" style=\"display:inline-block;vertical-align:middle\" width=\"18\" height=\"18\" viewbox=\"0 0 1024 1024\"><path style=\"fill:#565D66\" d=\"M871.696 166.932l-526.088 526.088-193.304-193.304c-9.372-9.372-24.568-9.372-33.942 0l-56.568 56.568c-9.372 9.372-9.372 24.568 0 33.942l266.842 266.842c9.372 9.372 24.568 9.372 33.942 0l599.626-599.626c9.372-9.372 9.372-24.568 0-33.942l-56.568-56.568c-9.372-9.372-24.568-9.372-33.94 0z\"><\/path><\/svg><span class=\"gspb_iconsList__item__text\">Anv\u00e4ndningen av ABS\/PC-\u00e5tervunnet material bidrar direkt till skapandet av en cirkul\u00e4r ekonomi och Nederl\u00e4ndernas Circular 2050-agenda.<\/span><\/div><\/div>\n\n<h3 class=\"wp-block-heading\" id=\"is-abs-pc-een-giftig-materiaal\" style=\"margin-top:var(--wp--preset--spacing--50);margin-bottom:0\">\u00c4r ABS\/PC ett giftigt material?<\/h3>\n\n<p>Nej, ABS\/PC \u00e4r inte ett giftigt material. Det anv\u00e4nds i barnleksaker, bildelar och hush\u00e5llsapparater och inneh\u00e5ller inga skadliga \u00e4mnen. <\/p>\n\n<h3 class=\"wp-block-heading\" id=\"certificering-grondstof\">Certifiering av r\u00e5material:<\/h3>\n\n<p>F\u00f6r att minska den h\u00f6ga efterfr\u00e5gan p\u00e5 nya r\u00e5varor \u00e4r det mycket viktigt att kontinuerligt st\u00e4rka den cirkul\u00e4ra ekonomin. H\u00e4r \u00e4r det lika viktigt att minska energiavfallet i produktionen som att minska avfallet vid k\u00e4llan. <\/p>\n\n<p>Eftersom Climate Signs bearbetar 100% cirkul\u00e4ra r\u00e5varor i en<sub>CO2-neutral<\/sub> produktionsprocess har Nederl\u00e4ndernas cirkul\u00e4ra 2050-m\u00e5l redan uppn\u00e5tts med oss.<\/p>\n\n<p>F\u00f6r att garantera de levererade produkternas kvalitet och cirkularitet k\u00f6ps och bearbetas alla r\u00e5varor under ett \u00e5tervinningscertifikat. Kvaliteten och ursprunget kan d\u00e4rf\u00f6r alltid sp\u00e5ras. <\/p>\n\n<p>Certifieringen ger kunderna f\u00f6rtroende f\u00f6r att det \u00e5tervunna materialet har \u00e5tervunnits p\u00e5 b\u00e4sta m\u00f6jliga s\u00e4tt, med h\u00e4nsyn till milj\u00f6n och i enlighet med nationella best\u00e4mmelser. Certifieringen visar ocks\u00e5 att det som produceras \u00f6verensst\u00e4mmer med relevanta lagstadgade milj\u00f6best\u00e4mmelser. <\/p>\n\n<h3 class=\"wp-block-heading\" id=\"productie\">Produktion:<\/h3>\n\n<p>Climate Signs trafikskyltar tillverkas till 100% i Nederl\u00e4nderna.<\/p>\n\n<div class=\"wp-block-buttons is-content-justification-center is-layout-flex wp-container-core-buttons-is-layout-735dfa1c wp-block-buttons-is-layout-flex\" style=\"margin-top:var(--wp--preset--spacing--60);margin-bottom:var(--wp--preset--spacing--60)\">\n<div class=\"wp-block-button is-style-fill\"><a class=\"wp-block-button__link has-secondary-background-color has-background has-text-align-center wp-element-button\" href=\"https:\/\/www.climatesigns.nl\/type-2\/\">Se v\u00e5ra Typ 2 skyltar<\/a><\/div>\n<\/div>\n","protected":false},"excerpt":{"rendered":"<p>Vad \u00e4r ABS\/PC regenerate? ABS\/PC regenerate avser en ABS\/PC plastblandning (komposition) som \u00e4r tillverkad av 100% \u00e5tervunnet material (kallat recyclate). R\u00e5materialet bearbetas till en formsprutningsbar ny regeneratpellet inom \u00e5tervinningsprocessen. Hur \u00e5tervinns ABS\/PC? N\u00e4r en plast\u00e5tervinningsanl\u00e4ggning tar emot plast strimlas alla enheter av plast. D\u00e4refter filtreras alla andra f\u00f6roreningar som metaller&#8230;<\/p>\n","protected":false},"author":3,"featured_media":0,"parent":0,"menu_order":0,"comment_status":"closed","ping_status":"closed","template":"page-templates\/no-title.php","meta":{"_gspb_post_css":"#gspb_iconsList-id-gsbp-5e64358e-a849.gspb_iconsList .gspb_iconsList__item__text{margin-left:15px}#gspb_iconsList-id-gsbp-5e64358e-a849.gspb_iconsList .gspb_iconsList__item{display:flex;flex-direction:row;align-items:center;position:relative}#gspb_iconsList-id-gsbp-5e64358e-a849.gspb_iconsList .gspb_iconsList__item svg path{fill:#2184f9!important}#gspb_iconsList-id-gsbp-5e64358e-a849.gspb_iconsList [data-id='0'] svg,#gspb_iconsList-id-gsbp-5e64358e-a849.gspb_iconsList [data-id='0'] svg path{fill:#01d486!important}#gspb_iconsList-id-gsbp-5e64358e-a849.gspb_iconsList [data-id='0'] svg,body #gspb_iconsList-id-gsbp-5e64358e-a849.gspb_iconsList .gspb_iconsList__item img,body #gspb_iconsList-id-gsbp-5e64358e-a849.gspb_iconsList .gspb_iconsList__item svg,body #gspb_iconsList-id-gsbp-c1e965ef-713b.gspb_iconsList .gspb_iconsList__item img,body #gspb_iconsList-id-gsbp-c1e965ef-713b.gspb_iconsList .gspb_iconsList__item svg{margin:0!important}#gspb_iconsList-id-gsbp-5e64358e-a849.gspb_iconsList [data-id='1'] svg,#gspb_iconsList-id-gsbp-5e64358e-a849.gspb_iconsList [data-id='1'] svg path{fill:#01d486!important}#gspb_iconsList-id-gsbp-5e64358e-a849.gspb_iconsList [data-id='1'] svg{margin:0!important}#gspb_iconsList-id-gsbp-5e64358e-a849.gspb_iconsList [data-id='2'] svg,#gspb_iconsList-id-gsbp-5e64358e-a849.gspb_iconsList [data-id='2'] svg path{fill:#01d486!important}#gspb_iconsList-id-gsbp-5e64358e-a849.gspb_iconsList [data-id='2'] svg{margin:0!important}#gspb_iconsList-id-gsbp-5e64358e-a849.gspb_iconsList [data-id='3'] svg,#gspb_iconsList-id-gsbp-5e64358e-a849.gspb_iconsList [data-id='3'] svg path{fill:#01d486!important}#gspb_iconsList-id-gsbp-5e64358e-a849.gspb_iconsList [data-id='3'] svg{margin:0!important}#gspb_iconsList-id-gsbp-5e64358e-a849.gspb_iconsList [data-id='4'] svg,#gspb_iconsList-id-gsbp-5e64358e-a849.gspb_iconsList [data-id='4'] svg path{fill:#01d486!important}#gspb_iconsList-id-gsbp-5e64358e-a849.gspb_iconsList [data-id='4'] svg{margin:0!important}#gspb_iconsList-id-gsbp-5e64358e-a849.gspb_iconsList [data-id='5'] svg,#gspb_iconsList-id-gsbp-5e64358e-a849.gspb_iconsList [data-id='5'] svg path{fill:#01d486!important}#gspb_iconsList-id-gsbp-5e64358e-a849.gspb_iconsList [data-id='5'] svg{margin:0!important}#gspb_iconsList-id-gsbp-5e64358e-a849.gspb_iconsList [data-id='6'] svg,#gspb_iconsList-id-gsbp-5e64358e-a849.gspb_iconsList [data-id='6'] svg path{fill:#01d486!important}#gspb_iconsList-id-gsbp-5e64358e-a849.gspb_iconsList [data-id='6'] svg{margin:0!important}#gspb_iconsList-id-gsbp-5e64358e-a849.gspb_iconsList [data-id='7'] svg,#gspb_iconsList-id-gsbp-5e64358e-a849.gspb_iconsList [data-id='7'] svg path{fill:#01d486!important}#gspb_iconsList-id-gsbp-5e64358e-a849.gspb_iconsList [data-id='7'] svg{margin:0!important}#gspb_iconsList-id-gsbp-5e64358e-a849.gspb_iconsList [data-id='8'] svg,#gspb_iconsList-id-gsbp-5e64358e-a849.gspb_iconsList [data-id='8'] svg path{fill:#01d486!important}#gspb_iconsList-id-gsbp-5e64358e-a849.gspb_iconsList [data-id='8'] svg{margin:0!important}#gspb_iconsList-id-gsbp-5e64358e-a849.gspb_iconsList [data-id='9'] svg,#gspb_iconsList-id-gsbp-5e64358e-a849.gspb_iconsList [data-id='9'] svg path{fill:#01d486!important}#gspb_iconsList-id-gsbp-5e64358e-a849.gspb_iconsList [data-id='9'] svg{margin:0!important}#gspb_iconsList-id-gsbp-5e64358e-a849.gspb_iconsList [data-id='10'] svg,#gspb_iconsList-id-gsbp-5e64358e-a849.gspb_iconsList [data-id='10'] svg path{fill:#01d486!important}#gspb_iconsList-id-gsbp-5e64358e-a849.gspb_iconsList [data-id='10'] svg{margin:0!important}#gspb_iconsList-id-gsbp-5e64358e-a849.gspb_iconsList [data-id='11'] svg,#gspb_iconsList-id-gsbp-5e64358e-a849.gspb_iconsList [data-id='11'] svg path{fill:#01d486!important}#gspb_iconsList-id-gsbp-5e64358e-a849.gspb_iconsList [data-id='11'] svg{margin:0!important}#gspb_iconsList-id-gsbp-5e64358e-a849.gspb_iconsList [data-id='12'] svg,#gspb_iconsList-id-gsbp-5e64358e-a849.gspb_iconsList [data-id='12'] svg path{fill:#01d486!important}#gspb_iconsList-id-gsbp-5e64358e-a849.gspb_iconsList [data-id='12'] svg{margin:0!important}#gspb_iconsList-id-gsbp-c1e965ef-713b.gspb_iconsList .gspb_iconsList__item__text{margin-left:15px}#gspb_iconsList-id-gsbp-c1e965ef-713b.gspb_iconsList .gspb_iconsList__item{display:flex;flex-direction:row;align-items:center;position:relative}#gspb_iconsList-id-gsbp-c1e965ef-713b.gspb_iconsList .gspb_iconsList__item svg path{fill:#2184f9!important}#gspb_iconsList-id-gsbp-c1e965ef-713b.gspb_iconsList [data-id='0'] svg,#gspb_iconsList-id-gsbp-c1e965ef-713b.gspb_iconsList [data-id='0'] svg path{fill:#01d486!important}#gspb_iconsList-id-gsbp-c1e965ef-713b.gspb_iconsList [data-id='0'] svg{margin:0!important}#gspb_iconsList-id-gsbp-c1e965ef-713b.gspb_iconsList [data-id='1'] svg,#gspb_iconsList-id-gsbp-c1e965ef-713b.gspb_iconsList [data-id='1'] svg path{fill:#01d486!important}#gspb_iconsList-id-gsbp-c1e965ef-713b.gspb_iconsList [data-id='1'] svg{margin:0!important}#gspb_iconsList-id-gsbp-c1e965ef-713b.gspb_iconsList [data-id='2'] svg,#gspb_iconsList-id-gsbp-c1e965ef-713b.gspb_iconsList [data-id='2'] svg path{fill:#01d486!important}#gspb_iconsList-id-gsbp-c1e965ef-713b.gspb_iconsList [data-id='2'] svg{margin:0!important}#gspb_iconsList-id-gsbp-c1e965ef-713b.gspb_iconsList [data-id='3'] svg,#gspb_iconsList-id-gsbp-c1e965ef-713b.gspb_iconsList [data-id='3'] svg path{fill:#01d486!important}#gspb_iconsList-id-gsbp-c1e965ef-713b.gspb_iconsList [data-id='3'] svg{margin:0!important}#gspb_iconsList-id-gsbp-c1e965ef-713b.gspb_iconsList [data-id='4'] svg,#gspb_iconsList-id-gsbp-c1e965ef-713b.gspb_iconsList [data-id='4'] svg path{fill:#01d486!important}#gspb_iconsList-id-gsbp-c1e965ef-713b.gspb_iconsList [data-id='4'] svg{margin:0!important}#gspb_iconsList-id-gsbp-c1e965ef-713b.gspb_iconsList [data-id='5'] svg,#gspb_iconsList-id-gsbp-c1e965ef-713b.gspb_iconsList [data-id='5'] svg path{fill:#01d486!important}#gspb_iconsList-id-gsbp-c1e965ef-713b.gspb_iconsList [data-id='5'] svg{margin:0!important}#gspb_iconsList-id-gsbp-c1e965ef-713b.gspb_iconsList [data-id='6'] svg,#gspb_iconsList-id-gsbp-c1e965ef-713b.gspb_iconsList [data-id='6'] svg path{fill:#01d486!important}#gspb_iconsList-id-gsbp-c1e965ef-713b.gspb_iconsList [data-id='6'] svg{margin:0!important}","footnotes":""},"class_list":["post-5142","page","type-page","status-publish","hentry"],"_links":{"self":[{"href":"https:\/\/www.climatesigns.nl\/sv\/wp-json\/wp\/v2\/pages\/5142","targetHints":{"allow":["GET"]}}],"collection":[{"href":"https:\/\/www.climatesigns.nl\/sv\/wp-json\/wp\/v2\/pages"}],"about":[{"href":"https:\/\/www.climatesigns.nl\/sv\/wp-json\/wp\/v2\/types\/page"}],"author":[{"embeddable":true,"href":"https:\/\/www.climatesigns.nl\/sv\/wp-json\/wp\/v2\/users\/3"}],"replies":[{"embeddable":true,"href":"https:\/\/www.climatesigns.nl\/sv\/wp-json\/wp\/v2\/comments?post=5142"}],"version-history":[{"count":2,"href":"https:\/\/www.climatesigns.nl\/sv\/wp-json\/wp\/v2\/pages\/5142\/revisions"}],"predecessor-version":[{"id":5159,"href":"https:\/\/www.climatesigns.nl\/sv\/wp-json\/wp\/v2\/pages\/5142\/revisions\/5159"}],"wp:attachment":[{"href":"https:\/\/www.climatesigns.nl\/sv\/wp-json\/wp\/v2\/media?parent=5142"}],"curies":[{"name":"wp","href":"https:\/\/api.w.org\/{rel}","templated":true}]}}