{"id":6003,"date":"2023-11-22T11:38:56","date_gmt":"2023-11-22T10:38:56","guid":{"rendered":"https:\/\/www.climatesigns.nl\/alla-formaner\/"},"modified":"2025-07-01T15:39:48","modified_gmt":"2025-07-01T13:39:48","slug":"alla-formaner","status":"publish","type":"page","link":"https:\/\/www.climatesigns.nl\/sv\/alla-formaner\/","title":{"rendered":"Alla f\u00f6rm\u00e5ner"},"content":{"rendered":"\n<div class=\"wp-block-group alignwide is-layout-constrained wp-block-group-is-layout-constrained\">\n<div class=\"wp-block-columns alignwide is-layout-flex wp-container-core-columns-is-layout-9d6595d7 wp-block-columns-is-layout-flex\">\n<div class=\"wp-block-column is-layout-flow wp-block-column-is-layout-flow\">\n<figure class=\"wp-block-image\"><img decoding=\"async\" src=\"https:\/\/lh7-us.googleusercontent.com\/6_7WZqE_T2FmILIMZMZZXoklG23uEudhjWn9FH7NPiHMWUMEzsMM9HOQoUbfLH8il6aaIFFMgDgwFPvs8KwryYeHV8CQKJeoT4p2GaetaJ8U7-n1qeCoEZqx5SRnrw5qXrM_3EnkUmlhXZhXNMELCtU\" alt=\"\"\/><\/figure>\n\n\n\n<figure class=\"wp-block-image aligncenter\"><img decoding=\"async\" src=\"https:\/\/lh7-us.googleusercontent.com\/ue7_mEyeXTj42f8_gtI_7jmu6RD5ENDxUSjvqOdeTgXghQYhft1iL9JAIHIPKT2fd1wR12DKMgyGe45r_Qbg36xkdRmFv8b3la_Ug2wWgk051gMp6B9Xi7AR75VwKYUGFDs1230s9ee6y33V9MUbd_4\" alt=\"Bild med tabell&#10;&#10;Automatiskt genererad beskrivning\"\/><\/figure>\n<\/div>\n\n\n\n<div class=\"wp-block-column is-layout-flow wp-block-column-is-layout-flow\">\n<h2 class=\"wp-block-heading\" id=\"duurzaamheid\">H\u00e5llbarhet<\/h2>\n\n\n\n<p>V\u00e5r vision \u00e4r en h\u00e5llbar och cirkul\u00e4r v\u00e4rld. En v\u00e4rld d\u00e4r vi \u00e5teranv\u00e4nder det vi har i bruk, importerar mindre och s\u00f6ker lokala l\u00f6sningar och r\u00e5varor. I allt vi g\u00f6r tar vi h\u00e4nsyn till milj\u00f6p\u00e5verkan fr\u00e5n v\u00e5ra produkter och v\u00e5r produktionsprocess.  <br\/><\/p>\n\n\n\n<p>Varje \u00e5r producerar vi 1.650 miljoner kg plastavfall i Nederl\u00e4nderna. Av detta f\u00f6rbr\u00e4nns fortfarande 990 miljoner kg (60%), 41 miljoner kg (2,5%) hamnar i naturen och 248 miljoner kg (15%) \u00e5tervinns. Bearbetning av plast i en avfallsf\u00f6rbr\u00e4nningsanl\u00e4ggning orsakade 770 miljoner kg<sub>CO2-utsl\u00e4pp<\/sub> under 2017;    <br\/><\/p>\n\n\n\n<p>V\u00e5r vision \u00e4r en h\u00e5llbar och cirkul\u00e4r v\u00e4rld. En v\u00e4rld d\u00e4r vi \u00e5teranv\u00e4nder det vi har i bruk, importerar mindre och s\u00f6ker lokala l\u00f6sningar och r\u00e5varor. I allt vi g\u00f6r tar vi h\u00e4nsyn till milj\u00f6p\u00e5verkan fr\u00e5n v\u00e5ra produkter och v\u00e5r produktionsprocess.  <br\/><\/p>\n\n\n\n<p>Climate Signs anv\u00e4nder endast \u00e5tervunna r\u00e5material av h\u00f6g kvalitet, vilket g\u00f6r att de f\u00f6rblir v\u00e4rdefulla och \u00e5teranv\u00e4nds i kedjan.<br\/><\/p>\n\n\n\n<p><br\/><strong>\u00c4r en produkt tillverkad av plast h\u00e5llbar?<\/strong><\/p>\n\n\n\n<p>Vi tillverkar v\u00e5ra produkter av h\u00f6gkvalitativa restprodukter fr\u00e5n avfallsstr\u00f6mmarna Post Consumer Recycling och Post Industrial Recycling. Genom att inte anv\u00e4nda n\u00e5gra nya petroleumr\u00e5varor (fossila) producerar vi 100% h\u00e5llbara produkter.   <\/p>\n\n\n\n<p><strong>Produkter fr\u00e5n Climate Signs:<\/strong><\/p>\n\n\n\n<ul class=\"wp-block-list\">\n<li>H\u00e5ller l\u00e4ngre \u00e4n innovativa alternativ;<\/li>\n\n\n\n<li>Besparing p\u00e5 prim\u00e4ra r\u00e5varor genom 100% anv\u00e4ndning av \u00e5tervunnet material;<\/li>\n\n\n\n<li>S\u00e4kerst\u00e4lla att h\u00f6gkvalitativa r\u00e5varor bevaras f\u00f6r kommande generationer. V\u00e5ra produkter kan \u00e5tervinnas till 100%. <\/li>\n<\/ul>\n\n\n\n<p><strong>V\u00e4gskylt f\u00f6r milj\u00f6p\u00e5verkan:<\/strong><\/p>\n\n\n\n<p>F\u00f6r en trafikskylt p\u00e5 1000 x 1000 mm sparar du <strong>49,13<\/strong> kg<sub>CO2-utsl\u00e4pp<\/sub> genom att anv\u00e4nda en \u00e5tervunnen BRS-trafikskylt fr\u00e5n Climate Signs ist\u00e4llet f\u00f6r en ny i aluminium.  <\/p>\n\n\n\n<p>12 stycken BRS-Sign v\u00e4gskyltar motsvarar 1 flygresa tur och retur till Paris n\u00e4r det g\u00e4ller<sub>minskade CO2-utsl\u00e4pp<\/sub> j\u00e4mf\u00f6rt med ny aluminium.  <\/p>\n\n\n\n<p><strong>M\u00e4tning av h\u00e5llbarhet:<\/strong><\/p>\n\n\n\n<p>Livscykelanalys (LCA) \u00e4r en ber\u00e4kningsmetod f\u00f6r att p\u00e5 ett universellt s\u00e4tt fastst\u00e4lla en produkts milj\u00f6p\u00e5verkan. Climate Signs \u00e4r den enda leverant\u00f6ren av trafikskyltar i Nederl\u00e4nderna som har genomf\u00f6rt en LCA-studie enligt kategori 1. Under avsnittet om milj\u00f6p\u00e5verkan delar vi med oss av resultaten.    <\/p>\n\n\n\n<p><strong>Hur \u00e4r det med mikroplaster?<\/strong><\/p>\n\n\n\n<p>Det enda som tills\u00e4tts i v\u00e5ra produkter \u00e4r ett biobaserat f\u00e4rg\u00e4mne och UV-stabilisator. F\u00f6r f\u00e4rgerna svart och m\u00f6rkgr\u00e5 tills\u00e4tts inte ens n\u00e5got f\u00e4rg\u00e4mne alls. UV-stabilisatorn s\u00e4kerst\u00e4ller att v\u00e5ra produkter inte missf\u00e4rgas och d\u00e4rmed inte bryts ned p\u00e5 grund av UV-str\u00e5lning. De st\u00f6rsta bidragsgivarna till mikroplaster i Nederl\u00e4nderna \u00e4r kosmetika och anv\u00e4ndning av tv\u00e4ttmaskiner (fr\u00e5n kl\u00e4der), f\u00e4rg och d\u00e4ck (d\u00e4ckslitage).   <\/p>\n<\/div>\n<\/div>\n<\/div>\n\n<div style=\"height:100px\" aria-hidden=\"true\" class=\"wp-block-spacer\"><\/div>\n\n<div class=\"wp-block-group alignwide is-layout-constrained wp-block-group-is-layout-constrained\">\n<div class=\"wp-block-columns alignwide is-layout-flex wp-container-core-columns-is-layout-9d6595d7 wp-block-columns-is-layout-flex\">\n<div class=\"wp-block-column is-layout-flow wp-block-column-is-layout-flow\">\n<h2 class=\"wp-block-heading\" id=\"circulariteit\"><strong>Cirkularitet<\/strong><\/h2>\n\n\n\n<p><strong>Program f\u00f6r plast\u00e5tervinning av Climate Signs<\/strong><\/p>\n\n\n\n<p><strong>Insamlingstj\u00e4nst f\u00f6r plastavfallsstr\u00f6mmar f\u00f6r produktion av cirkul\u00e4ra trafikskyltar.<\/strong><\/p>\n\n\n\n<p>Climate Signs ser det som sin skyldighet att behandla m\u00e4nniskor och milj\u00f6 med omsorg. D\u00e4rf\u00f6r tillverkar vi endast trafikskyltar av biobaserade eller \u00e5tervunna plastr\u00e5varor. <\/p>\n\n\n\n<p>Eftersom vi vill f\u00f6rhindra att v\u00e5ra h\u00f6gkvalitativt producerade trafikskyltar hamnar som restmaterial i den vanliga avfallshanteringen efter att deras tekniska livsl\u00e4ngd har l\u00f6pt ut, har vi utarbetat ett eget retursystem med ett antal kedjepartners.  <\/p>\n\n\n\n<p><\/p>\n\n\n\n<p>De trafikskyltar som levereras av Climate Signs kan d\u00e4rf\u00f6r \u00e5tervinnas perfekt inom samma kedja. Som ett resultat belastar vi milj\u00f6n mindre och vi \u00e4r s\u00e4kra p\u00e5 att 100% av v\u00e5ra trafikskyltar \u00e5teranv\u00e4nds inom Climate Signs produktionskedja. <\/p>\n\n\n\n<p><strong>Hur d\u00e5?<\/strong><\/p>\n\n\n\n<p>F\u00f6r varje kund som v\u00e4ljer Climate Signs innovativa trafikskyltar installerar vi kostnadsfritt en 1 m\u00b3 stor uppsamlingsplats f\u00f6r \u00e5tervinning av trafikskyltar. Soptunnan placeras ut av ett eldrivet fordon som laddas dagligen av v\u00e5ra egna solpaneler. N\u00e4r beh\u00e5llaren \u00e4r full samlar vi in den<sub>CO2-neutralt<\/sub> och placerar ut en ny beh\u00e5llare. De gamla trafikskyltarna f\u00f6rvaras sedan i lager hos Climate Signs tills det finns tillr\u00e4ckligt med restmaterial f\u00f6r det efterf\u00f6ljande \u00e5tervinningsprogrammet.     <\/p>\n\n\n\n<p><\/p>\n\n\n\n<p>Om det finns tillr\u00e4ckligt med returfl\u00f6de transporteras de h\u00f6gkvalitativa r\u00e5varorna<sub>CO2-neutralt<\/sub> till v\u00e5r partner i den cirkul\u00e4ra kedjan De Circulaire Plastics Fabriek (CPF) eller Kunststof Recycling Nederland (KRN). Hos v\u00e5ra partners i \u00e5tervinningskedjan bearbetas de tekniskt avskrivna trafikskyltarna mekaniskt<sub>CO2-neutralt<\/sub> till formsprutningsbara granulat (re-granulat) och bearbetas till 100 % till nya trafikskyltar. <\/p>\n\n\n\n<p><\/p>\n\n\n\n<p>Tillsammans med v\u00e5ra partners kopplar vi ihop cirkul\u00e4ra kedjor. Fr\u00e5n fysisk \u00e5tervinning och granulering till en helt cirkul\u00e4r slutprodukt genom formsprutning. Under produktutvecklingsfasen tittade vi p\u00e5 Climate Signs p\u00e5 en design f\u00f6r \u00e5tervinning och<sub>koldioxidneutral<\/sub> logistik.  <\/p>\n\n\n\n<p><\/p>\n\n\n\n<p>Detta \u00e4r den b\u00e4sta delen av v\u00e5rt h\u00e5llbara produktkoncept: en produkt l\u00e4mnar fabriken och \u00e5terv\u00e4nder vid n\u00e5gon tidpunkt f\u00f6r att bearbetas till trafikskyltar igen. Climate Signs och The Circular Plastics Factory str\u00e4var efter att omvandla s\u00e5 m\u00e5nga restmaterial som m\u00f6jligt till h\u00f6gkvalitativa applikationer och anv\u00e4nda originalmaterialet i s\u00e5 stor utstr\u00e4ckning som m\u00f6jligt.   <\/p>\n\n\n\n<p><\/p>\n\n\n\n<p>Eftersom plastavfallssorteringen \u00e4r mycket effektivt organiserad i Nederl\u00e4nderna och alla v\u00e5ra produkter \u00e4r f\u00f6rsedda med en QR-kod f\u00f6r r\u00e5material eller en plast\u00e5tervinningskod, kan v\u00e5ra trafikskyltar av plast enkelt separeras efter plasttyp i det vanliga restavfallsfl\u00f6det och \u00e5teranv\u00e4ndas till 100 % i en annan produktionsprocess.  <\/p>\n<\/div>\n\n\n\n<div class=\"wp-block-column is-layout-flow wp-block-column-is-layout-flow\">\n<p><strong>QR-kod som visas p\u00e5 skyltar:<\/strong><\/p>\n\n\n\n<p><strong>R\u00e5material av \u00e5tervunnet ABS-material R\u00e5material av \u00e5tervunnet ABS-material<\/strong><br\/><\/p>\n\n\n\n<figure class=\"wp-block-image aligncenter\"><img decoding=\"async\" src=\"https:\/\/lh7-us.googleusercontent.com\/66NgDeP6pAmnvuAjIZ68Mvftbfa4wZbb1tczCBewSw_q-5rPo7tcSkQvt_euN9S3Bdg_7SLleo5je1K53NHaI6TtFresJ7fOA0j7rL5UHfzB9Q7VqoM1OaLTObqZaBDvLyto3nJHfH7JYa2z7gD56zc\" alt=\"\"\/><\/figure>\n\n\n\n<p><br\/><strong>\u00c5tervinningskod f\u00f6r plast enligt skyltar:<\/strong><\/p>\n\n\n\n<ol class=\"wp-block-list\">\n<li><img decoding=\"async\" width=\"126\" height=\"153\" src=\"https:\/\/lh7-us.googleusercontent.com\/7YQ60R5uFzsvMXkYz-VBjwUM1ucuNQvawy7_y7rihsOJTdGo1_55SZebkHfdPF8nFh9Re2w3nnkTNR1ntrIJPpExyes5N7Iv7tzpiFzNNedY2-7dWVtFKoEhGTsy9DKQnuQHRCAa5eGhm6SOKIL6VXA\"\/><strong> <\/strong><\/li>\n\n\n\n<li><strong>Retursystem:<\/strong><\/li>\n<\/ol>\n\n\n\n<p>Inf\u00f6randet av Climate Signs kvalitetsstandard CS\u00a9 g\u00f6r det m\u00f6jligt f\u00f6r v\u00e4gmyndigheter att g\u00f6ra ett v\u00e4l \u00f6verv\u00e4gt val f\u00f6r h\u00e5llbarhet och cirkul\u00e4r \u00e5teranv\u00e4ndning av tekniskt f\u00f6r\u00e5ldrade utomhustrafikskyltar. Med CS-retursystemet f\u00f6rl\u00e4nger vi livscykeln f\u00f6r befintliga r\u00e5varor och minskar<sub>CO2-utsl\u00e4ppen<\/sub> inom befintliga produktions- och distributionskedjor.   <\/p>\n\n\n\n<p>Climate Signs st\u00e5r f\u00f6r h\u00e5llbar produktutveckling, f\u00f6rverkligandet av ett<sub>CO2-neutralt<\/sub> samh\u00e4lle och inf\u00f6randet av socialt relevant innovation i f\u00f6rh\u00e5llande till det st\u00e4ndigt f\u00f6r\u00e4nderliga utomhusomr\u00e5det.  <\/p>\n\n\n\n<p><strong>M\u00e5ls\u00e4ttningar:<\/strong><\/p>\n\n\n\n<ul class=\"wp-block-list\">\n<li>\u00c5teranv\u00e4nda restprodukter inom befintliga kedjor p\u00e5 ett effektivt s\u00e4tt och med h\u00f6g kvalitet;<\/li>\n\n\n\n<li>Ers\u00e4tta fossila, kritiska och oh\u00e5llbart producerade r\u00e5varor (aluminium) med biobaserade och \u00e5tervunna r\u00e5varor;<\/li>\n\n\n\n<li>Produkterna \u00e4r cirkul\u00e4rt utformade.<\/li>\n<\/ul>\n\n\n\n<p><strong>Vi efterstr\u00e4var en cirkul\u00e4r produktionsprocess med bibeh\u00e5llet v\u00e4rde f\u00f6r alla v\u00e5ra plastrester.<\/strong><\/p>\n\n\n\n<p>Startpunkter:<\/p>\n\n\n\n<ul class=\"wp-block-list\">\n<li>F\u00f6rverkligandet av en ren reststr\u00f6m (intern avfallssortering efter resursfamilj)  <\/li>\n\n\n\n<li>Fokus p\u00e5 att bibeh\u00e5lla v\u00e4rdet p\u00e5 r\u00e5varan;<\/li>\n\n\n\n<li>Fokus p\u00e5 cirkul\u00e4r anv\u00e4ndning av re-granulat vid tillverkning av nya v\u00e4gskyltar.<\/li>\n<\/ul>\n\n\n\n<p>V\u00e4rdebevarande av r\u00e5varor \u00e4r en viktig del i v\u00e5r cirkul\u00e4ra process. Vi anser att restmaterial av A-kvalitet b\u00f6r \u00e5teranv\u00e4ndas som granulat av A-kvalitet f\u00f6r att undvika &#8221;nedgradering&#8221; av materialet. D\u00e4rf\u00f6r str\u00e4var vi efter skr\u00e4ddarsydda l\u00f6sningar inom v\u00e5rt plast\u00e5tervinningsprogram.  <\/p>\n\n\n\n<ol class=\"wp-block-list\" start=\"3\">\n<li><strong>Vi str\u00e4var efter cirkularitet och v\u00e4rdebevarande av reststr\u00f6mmar.  <\/strong><\/li>\n\n\n\n<li><\/li>\n\n\n\n<li><strong>Spelregler f\u00f6r plast\u00e5tervinningsprogram Climate Signs<\/strong><\/li>\n<\/ol>\n\n\n\n<p>Vi f\u00f6rser dig med \u00e5tervinningsl\u00e5dor med en kapacitet p\u00e5 1 m\u00b3 d\u00e4r restmaterialet samlas in.  <\/p>\n\n\n\n<p>Det finns naturligtvis vissa &#8221;grundregler&#8221; kopplade till detta:<\/p>\n\n\n\n<ol class=\"wp-block-list\">\n<li>Endast plastmaterial som tillhandah\u00e5lls av oss kommer att samlas in;<\/li>\n\n\n\n<li>Det \u00e4r str\u00e4ngt f\u00f6rbjudet att l\u00e4gga annat avfall, t.ex. tr\u00e4, aluminium etc. i \u00e5tervinningsl\u00e5dan\/-l\u00e5dorna;<\/li>\n\n\n\n<li>S\u00e5 snart \u00e5tervinningsl\u00e5dan\/-l\u00e5dorna \u00e4r fulla, v\u00e4nligen kontakta din kontaktperson p\u00e5 Climate Signs. Han kommer att se till att \u00e5tervinningsl\u00e5dan\/-l\u00e5dorna t\u00f6ms p\u00e5<sub>ett CO2-neutralt s\u00e4tt<\/sub>; <\/li>\n\n\n\n<li>Vid fyllning av \u00e5tervinningsl\u00e5dan\/-l\u00e5dorna f\u00f6rv\u00e4ntas restmaterialen staplas i l\u00e5dan\/-l\u00e5dorna s\u00e5 effektivt som m\u00f6jligt. F\u00f6retr\u00e4desvis ska inga utstickande restmaterial l\u00e4ggas i l\u00e5dan\/l\u00e5dorna; <\/li>\n\n\n\n<li>F\u00f6r att den cirkul\u00e4ra processen ska bli framg\u00e5ngsrik f\u00f6rv\u00e4ntas alla ber\u00f6rda medarbetare vara medvetna om ovanst\u00e5ende cirkul\u00e4ra avtal.  <\/li>\n<\/ol>\n\n\n\n<p>Om \u00e5tervinningsl\u00e5dorna inte presenteras i enlighet med dessa spelregler kan Climate Signs tyv\u00e4rr inte ta emot dem. H\u00e4rmed \u00e4r det viktigt att era anst\u00e4llda informeras om ovanst\u00e5ende spelregler. <\/p>\n\n\n\n<p>Att skapa ett rent restfl\u00f6de \u00e4r v\u00e5r utg\u00e5ngspunkt f\u00f6r plast\u00e5tervinning. F\u00f6r att garantera detta rena avfallsfl\u00f6de till v\u00e5ra \u00e5tervinningspartners \u00e4r ovanst\u00e5ende spelregler n\u00f6dv\u00e4ndiga. <\/p>\n\n\n\n<p>Endast genom att arbeta tillsammans inom kedjan kan vi professionalisera processen och erbjuda oss mer flexibilitet och beslutsamhet inom den cirkul\u00e4ra processen\/\u00e5tervinningsprocessen.<br\/><\/p>\n\n\n\n<div class=\"wp-block-buttons is-content-justification-center is-layout-flex wp-container-core-buttons-is-layout-5590e8cb wp-block-buttons-is-layout-flex\">\n<div class=\"wp-block-button\"><a class=\"wp-block-button__link has-primary-background-color has-background has-text-align-left wp-element-button\" href=\"https:\/\/www.climatesigns.nl\/sv\/?page_id=5484\" style=\"border-radius:6px\">Registrera dig<\/a><\/div>\n<\/div>\n<\/div>\n<\/div>\n<\/div>\n\n<div style=\"height:100px\" aria-hidden=\"true\" class=\"wp-block-spacer\"><\/div>\n\n<div class=\"wp-block-group alignwide is-layout-constrained wp-block-group-is-layout-constrained\">\n<div class=\"wp-block-columns alignwide is-layout-flex wp-container-core-columns-is-layout-9d6595d7 wp-block-columns-is-layout-flex\">\n<div class=\"wp-block-column is-layout-flow wp-block-column-is-layout-flow\">\n<figure class=\"wp-block-image\"><img decoding=\"async\" src=\"https:\/\/lh7-us.googleusercontent.com\/GFtLyALamBNvHHkc_lUhf_N4IjOq2y2aOaTsWdAojXXyuWPzsAFEmffqorjxkZaEhIhp1_xgGBHxYDzedZacnT6aONWKGP5oY5zNAAH5ewX-EbNT1Dfmrgptt-7K2ZxD9xZPIWVwSxeG3qDVFVvpO2g\" alt=\"Bild med tabell&#10;&#10;Automatiskt genererad beskrivning\"\/><\/figure>\n<\/div>\n\n\n\n<div class=\"wp-block-column is-layout-flow wp-block-column-is-layout-flow\">\n<h2 class=\"wp-block-heading\" id=\"kwaliteit\">Kvalitet<\/h2>\n\n\n\n<p>Climate Signs trafikskyltar tillverkas till 100% av biobaserade eller cirkul\u00e4ra r\u00e5varor, och produktionen av v\u00e5ra h\u00e5llbara b\u00e4rare \u00e4r helt C02-neutral (solenergi).  <\/p>\n\n\n\n<p>Alla v\u00e4gmyndigheter som v\u00e4ljer h\u00e5llbarhet kommer s\u00e5 sm\u00e5ningom att hamna hos Climate Signs innovativa trafikskyltar. F\u00f6r att g\u00f6ra den gr\u00f6na omst\u00e4llningen med trafikskyltar \u00e4r det mycket viktigt att vi levererar en kvalitet som \u00e4r j\u00e4mf\u00f6rbar med aluminium. Eftersom Climate Signs trafikskyltar med bikakem\u00f6nster \u00e4r det enda alternativet till aluminium som \u00e4r helt CE-certifierat kan vi leverera den kvalitet som beskrivs i EN12899:2007 och NEN 3381.  <\/p>\n\n\n\n<p>B\u00e4raren av ett v\u00e4gm\u00e4rke \u00e4r bara en del av v\u00e4gm\u00e4rket. Den viktigaste delen av trafikm\u00e4rket \u00e4r den Signface (bildyta) som \u00e4r f\u00e4st p\u00e5 det.   <\/p>\n\n\n\n<p>Eftersom vi bara vill ha h\u00f6gsta m\u00f6jliga kvalitet p\u00e5 Climate Signs trafikskyltar har vi valt tryckteknik med reflexionsklass III-film n\u00e4r vi producerar skyltytan.  <\/p>\n\n\n\n<p><strong>Reflekterande film:<\/strong><\/p>\n\n\n\n<p>Reflekterande film p\u00e5 trafikskyltar har f\u00f6rb\u00e4ttrat trafiks\u00e4kerheten avsev\u00e4rt i \u00f6ver 80 \u00e5r. Eftersom trafikskyltar m\u00e5ste vara synliga och igenk\u00e4nnliga f\u00f6r alla trafikanter, i alla v\u00e4derf\u00f6rh\u00e5llanden, som en vertikal informationsb\u00e4rare, f\u00f6rser vi v\u00e5ra h\u00e5llbara trafikskyltar i bikakestruktur med en mycket h\u00f6gkvalitativ reflekterande klass III-film. Den applicerade retroreflekterande filmen \u00e4r mycket synlig p\u00e5 b\u00e5de l\u00e5nga och korta avst\u00e5nd och ger optimal synlighet p\u00e5 natten, vilket resulterar i 64% f\u00e4rre olyckor.  <\/p>\n\n\n\n<p>Bildplanet ska helt uppfylla de minimikrav p\u00e5 reflexv\u00e4rden som anges i standarden DIN 67520-2013:10, typ RA3A och RA3B, med optimal funktion vid b\u00e5de stora och sm\u00e5 observations- och betraktningsvinklar enligt tabellen.<\/p>\n<\/div>\n<\/div>\n<\/div>\n\n<div style=\"height:100px\" aria-hidden=\"true\" class=\"wp-block-spacer\"><\/div>\n\n<div class=\"wp-block-group alignwide is-layout-constrained wp-block-group-is-layout-constrained\">\n<div class=\"wp-block-columns alignwide is-layout-flex wp-container-core-columns-is-layout-9d6595d7 wp-block-columns-is-layout-flex\">\n<div class=\"wp-block-column is-layout-flow wp-block-column-is-layout-flow\">\n<p><strong>Film f\u00f6r CE-m\u00e4rkning:<\/strong><\/p>\n\n\n\n<p>CE-m\u00e4rkning \u00e4r en tillverkares f\u00f6rs\u00e4kran om att produkten \u00f6verensst\u00e4mmer med alla till\u00e4mpliga lagar och f\u00f6rordningar i specifika europeiska direktiv. Den reflexfilm som Climate Signs applicerar \u00e4r helt f\u00f6renlig med de europeiska best\u00e4mmelserna f\u00f6r byggprodukter. CE-m\u00e4rkningen och ytterligare produktdata (partinummer och h\u00e5llbarhetstid) ing\u00e5r som en vattenst\u00e4mpel i den reflexbehandlade folien.  <br\/><\/p>\n\n\n\n<p><strong>Ut\u00f6kad garanti<\/strong><\/p>\n\n\n\n<p>P\u00e5 Climate Signs kopplar vi samman kvalitet med innovation och h\u00e5llbarhet. UV-trycktekniken har revolutionerat produktionen av skyltytor f\u00f6r v\u00e4gskyltar (bildyta). Eftersom alla Climate Signs skyltytor \u00e4r tryckta ger produktionen betydligt mindre avfall och milj\u00f6p\u00e5verkan \u00e4n traditionella produktionsmetoder. Eftersom milj\u00f6v\u00e4nliga l\u00f6sningsmedelsfria UV-bl\u00e4ck anv\u00e4nds garanteras optimal h\u00e5llbarhet. F\u00f6r att skydda folien och bl\u00e4cket mot UV-str\u00e5lning och skador \u00e4r skyltytan dessutom f\u00f6rsedd med ett transparent laminat (UV-blockerare). Folie- och f\u00e4rgsystemet \u00e4r omsorgsfullt sammansatt och bildar ett unikt Matched Component System, som garanterar mycket h\u00f6g kvalitet under l\u00e5ng tid.     <\/p>\n\n\n\n<p>Den j\u00e4mna bildytan g\u00f6r det dessutom mindre troligt att smuts och alger fr\u00e5n trafiken fastnar p\u00e5 trafikskylten. I omr\u00e5den med mycket graffiti eller klisterm\u00e4rken kan vi applicera en speciell film mot graffiti eller klisterm\u00e4rken.   <br\/><\/p>\n\n\n\n<p><strong>Digital tryckning<\/strong><\/p>\n\n\n\n<p>Vetenskaplig forskning visar att milj\u00f6p\u00e5verkan fr\u00e5n digitaltryck \u00e4r cirka 60% mindre \u00e4n screentryck. Signface-tryck \u00e4r d\u00e4rf\u00f6r m\u00e5nga g\u00e5nger mer milj\u00f6v\u00e4nligt \u00e4n den traditionella produktionstekniken f\u00f6r screentryck.   <\/p>\n\n\n\n<p>Bildytan \u00e4r en mikroprismatisk film. Polymerfilmmaterialet tillverkas med hj\u00e4lp av de mest optimala produktionsprocesserna, mikroreplikationsteknik, \u00e4r sj\u00e4lvh\u00e4ftande och l\u00f6sningsmedelsfritt. De mikroprismatiska reflekterande folierna \u00e5terkastar det reflekterade ljuset maximalt tillbaka till ljusk\u00e4llan.    <br\/><\/p>\n\n\n\n<p><strong>F\u00f6rdelar med utskriftsteknik:  <\/strong><\/p>\n\n\n\n<ul class=\"wp-block-list\">\n<li>Milj\u00f6v\u00e4nlig anv\u00e4ndning av l\u00f6sningsmedelsfria UV-bl\u00e4ck;<\/li>\n\n\n\n<li>Skydd av f\u00e4rg och film med laminat;<\/li>\n\n\n\n<li>Nedsmutsning (graffiti eller algbel\u00e4ggningar) \u00e4r l\u00e4tt att avl\u00e4gsna;<\/li>\n\n\n\n<li>L\u00e4ngre ekonomisk och teknisk livsl\u00e4ngd.<\/li>\n<\/ul>\n\n\n\n<p>Den reflexbehandlade klass III-skyltytan p\u00e5 trafikskylten med bikakestruktur t\u00e4cks av en garanti som l\u00f6per ut efter 12 \u00e5r.  <\/p>\n\n\n\n<p>Climate Signs trafikskylt med bikakestruktur introducerar d\u00e4rmed en ny kvalitetsstandard, i kombination med ultimat h\u00e5llbarhet och ett mycket gynnsamt ECO-index.  <\/p>\n\n\n\n<p>Alla skyltf\u00f6nster uppfyller d\u00e4rmed den europeiska standarden NEN-EN 12899-1:2007, den kompletterande nationella standarden NEN 3381:2020, till\u00e4mpningsf\u00f6reskrifterna BABW om trafikskyltar (Besluit Administratieve Bepalingen inzake het Wegverkeer) och RVV 1990 (Reglement Verkeersregels en Verkeerstekens 1990).  <\/p>\n<\/div>\n\n\n\n<div class=\"wp-block-column is-layout-flow wp-block-column-is-layout-flow\">\n<p><strong>Reng\u00f6ring av signaturen:<\/strong><\/p>\n\n\n\n<p>Normal nedsmutsning kan reng\u00f6ras med en mjuk borste eller svamp och sk\u00f6ljas med avmineraliserat vatten. Reng\u00f6ringsmedel beh\u00f6vs inte. F\u00f6r graffiti, anv\u00e4nd ett icke-slipande reng\u00f6ringsmedel som inte inneh\u00e5ller starka l\u00f6sningsmedel.  <br\/><\/p>\n\n\n\n<p><strong>Garanti:<\/strong><\/p>\n\n\n\n<ul class=\"wp-block-list\">\n<li>Adhesion av bildytan (film och laminat) till substratet p\u00e5 &gt;98% av ytan;<\/li>\n\n\n\n<li>Reflektionsv\u00e4rdet f\u00f6r de tryckta skyltf\u00f6nstren \u00f6verensst\u00e4mmer fortfarande med DIN 67520:2013:10 tabell 8 och 9;  <\/li>\n\n\n\n<li>F\u00e4rgf\u00f6rs\u00e4mringen faller inom standarden EN-12899-1 Luminansklass B2.  <\/li>\n<\/ul>\n\n\n\n<p>Om skyltarna inte uppfyller ovanst\u00e5ende villkor, kommer vi att leverera en likv\u00e4rdig ers\u00e4ttningsskylt, som \u00e4r minst av samma eller senare produktionsdatum. P\u00e5 en linj\u00e4r avskrivningsbasis (utg\u00e5ngsgaranti).   <br\/><\/p>\n\n\n\n<p><strong>Garantivillkor:<\/strong><\/p>\n\n\n\n<ul class=\"wp-block-list\">\n<li>Trafikskylten monteras av en entrepren\u00f6r eller k\u00f6pare som \u00e4r godk\u00e4nd av Climate Signs;<\/li>\n\n\n\n<li>Trafikskyltsystemet (b\u00e4rare och f\u00e4stelement) k\u00f6ptes fr\u00e5n Climate Signs;<\/li>\n\n\n\n<li>Trafikskylten installerades i enlighet med monterings- och placeringsanvisningarna;  <\/li>\n\n\n\n<li>V\u00e4gm\u00e4rket har endast anv\u00e4nts p\u00e5 en plats;  <\/li>\n\n\n\n<li>F\u00f6r platser med h\u00f6g kemisk exponering, t.ex. i kustomr\u00e5den och n\u00e4ra tung industri, kan en annan garantiperiod g\u00e4lla;  <\/li>\n\n\n\n<li>Den har anv\u00e4nts normalt;  <\/li>\n\n\n\n<li>Det finns ett p\u00e5visbart periodiskt underh\u00e5ll enligt VNVF:s underh\u00e5llsbest\u00e4mmelser (se vnvf.nl\/maintenance-regulations).<\/li>\n<\/ul>\n\n\n\n<p>Den klimatneutrala produktionen och det 100 % cirkul\u00e4ra eller biobaserade r\u00e5materialet f\u00f6r v\u00e5ra trafikskyltar, tillsammans med det tryckta skyltf\u00f6nstret, s\u00e4kerst\u00e4ller den mest h\u00e5llbara trafikskylten i Nederl\u00e4nderna<\/p>\n<\/div>\n<\/div>\n\n\n\n<p><\/p>\n<\/div>\n","protected":false},"excerpt":{"rendered":"<p>H\u00e5llbarhet V\u00e5r vision \u00e4r en h\u00e5llbar och cirkul\u00e4r v\u00e4rld. En v\u00e4rld d\u00e4r vi \u00e5teranv\u00e4nder det vi har i bruk, importerar mindre och s\u00f6ker lokala l\u00f6sningar och r\u00e5varor. I allt vi g\u00f6r tar vi h\u00e4nsyn till milj\u00f6p\u00e5verkan fr\u00e5n v\u00e5ra produkter och v\u00e5r produktionsprocess. Varje \u00e5r producerar vi 1.650 miljoner kg plastavfall&#8230;<\/p>\n","protected":false},"author":1,"featured_media":0,"parent":0,"menu_order":0,"comment_status":"closed","ping_status":"closed","template":"page-templates\/no-title.php","meta":{"_gspb_post_css":"","footnotes":""},"class_list":["post-6003","page","type-page","status-publish","hentry"],"_links":{"self":[{"href":"https:\/\/www.climatesigns.nl\/sv\/wp-json\/wp\/v2\/pages\/6003","targetHints":{"allow":["GET"]}}],"collection":[{"href":"https:\/\/www.climatesigns.nl\/sv\/wp-json\/wp\/v2\/pages"}],"about":[{"href":"https:\/\/www.climatesigns.nl\/sv\/wp-json\/wp\/v2\/types\/page"}],"author":[{"embeddable":true,"href":"https:\/\/www.climatesigns.nl\/sv\/wp-json\/wp\/v2\/users\/1"}],"replies":[{"embeddable":true,"href":"https:\/\/www.climatesigns.nl\/sv\/wp-json\/wp\/v2\/comments?post=6003"}],"version-history":[{"count":2,"href":"https:\/\/www.climatesigns.nl\/sv\/wp-json\/wp\/v2\/pages\/6003\/revisions"}],"predecessor-version":[{"id":6005,"href":"https:\/\/www.climatesigns.nl\/sv\/wp-json\/wp\/v2\/pages\/6003\/revisions\/6005"}],"wp:attachment":[{"href":"https:\/\/www.climatesigns.nl\/sv\/wp-json\/wp\/v2\/media?parent=6003"}],"curies":[{"name":"wp","href":"https:\/\/api.w.org\/{rel}","templated":true}]}}